{"id":1303,"date":"2018-03-21T10:57:25","date_gmt":"2018-03-21T10:57:25","guid":{"rendered":"http:\/\/www.biofungi.hu\/de\/?page_id=1303"},"modified":"2022-07-18T12:51:31","modified_gmt":"2022-07-18T11:51:31","slug":"rohstoffzweig","status":"publish","type":"page","link":"https:\/\/www.biofungi.hu\/de\/ueber-uns\/rohstoffzweig\/","title":{"rendered":"Rohstoffzweig"},"content":{"rendered":"<p><img decoding=\"async\" class=\"aligncenter size-full wp-image-5039\" src=\"https:\/\/www.biofungi.hu\/wp-content\/uploads\/2021\/02\/BF-alapanyag.jpg\" alt=\"BF alapanyag\" width=\"2560\" height=\"407\" \/><\/p>\n<p><strong>Stroh<\/strong><br \/>\nUnsere Firma verwendet mehr tausenden Tonnen von koventionellem und Bio-Stroh j\u00e4hrlich.Stroh wird eingekauft, gepresst und auf unserer Niederlassung angeliefert. Zur Pressung wird 11 Ballenpressen genutzt.<br \/>\n<iframe title=\"YouTube video player\" src=\"https:\/\/www.youtube.com\/embed\/JyAO1npREI4\" width=\"560\" height=\"315\" frameborder=\"0\" allowfullscreen=\"allowfullscreen\"><\/iframe><\/p>\n<p><strong>H\u00e4nchenmist<\/strong><br \/>\nDer H\u00e4nchenmist wird \u00f6rtlich eingekauft und von uns geliefert.<\/p>\n<p><strong>Pferdemist<\/strong><br \/>\nZur Substratproduktion soll Pferdemist verwendet werden. Der wird \u00f6rtlich eingekauft und von uns geliefert. Die Produktion kann ausschliesslich frischen Pferdemist verarbeiten.<\/p>\n<p><img decoding=\"async\" class=\"aligncenter size-full wp-image-5048\" src=\"https:\/\/www.biofungi.hu\/wp-content\/uploads\/2021\/02\/BF-alapanyag-2.jpg\" alt=\"BF alapanyag 2\" width=\"2560\" height=\"407\" \/><\/p>\n<p><strong>Lohnararbeit<br \/>\n<\/strong>Unsere Firma unternimmt die folgende Lohnarbeiten im 100 km Umkreis von \u00c1porka Niederlassung:<\/p>\n<ul>\n<li>Schwaden<\/li>\n<li>Pressung<\/li>\n<li>Ballen laden<\/li>\n<li>Mistlieferung<\/li>\n<li>Miststreuung<\/li>\n<li>Silolieferung<\/li>\n<li>Strohleiferung<\/li>\n<\/ul>\n<p><strong>Formulare \/ Vertr\u00e4ge<\/strong><br \/>\nZur Formulare der Rohstoffzweig <strong><a href=\"https:\/\/www.biofungi.hu\/de\/dokumente\/\">klick hier<\/a><\/strong>.<\/p>\n<p style=\"text-align: center;\"><em>Bez\u00fcglich der Vertr\u00e4ge (Strohvertrag, Hanchenmist-vertrag, Pferdemist-vertrag, Abrechnungserkl\u00e4rung, Lohnarbeit-Vertrag) kontaktieren Sie bitte <b>Herr Laszlo PAMUK<\/b><\/em><br \/>\n<em><strong>+36 70 385 4511\u00a0 \u00a0 \u00a0laszlo.pamuk [@] biofungi.hu<\/strong><\/em><\/p>\n<p>&nbsp;<\/p>\n","protected":false},"excerpt":{"rendered":"<p>Stroh Unsere Firma verwendet mehr tausenden Tonnen von koventionellem und Bio-Stroh j\u00e4hrlich.Stroh wird eingekauft, gepresst und auf unserer Niederlassung angeliefert. Zur Pressung wird 11 Ballenpressen genutzt. H\u00e4nchenmist Der H\u00e4nchenmist wird \u00f6rtlich eingekauft und von uns geliefert. Pferdemist Zur Substratproduktion soll Pferdemist verwendet werden. Der wird \u00f6rtlich eingekauft und von uns geliefert. Die Produktion kann ausschliesslich [&hellip;]<\/p>\n","protected":false},"author":2,"featured_media":0,"parent":213,"menu_order":0,"comment_status":"closed","ping_status":"closed","template":"","meta":{"_et_pb_use_builder":"","_et_pb_old_content":"","_et_gb_content_width":"","footnotes":""},"class_list":["post-1303","page","type-page","status-publish","hentry"],"aioseo_notices":[],"_links":{"self":[{"href":"https:\/\/www.biofungi.hu\/de\/wp-json\/wp\/v2\/pages\/1303","targetHints":{"allow":["GET"]}}],"collection":[{"href":"https:\/\/www.biofungi.hu\/de\/wp-json\/wp\/v2\/pages"}],"about":[{"href":"https:\/\/www.biofungi.hu\/de\/wp-json\/wp\/v2\/types\/page"}],"author":[{"embeddable":true,"href":"https:\/\/www.biofungi.hu\/de\/wp-json\/wp\/v2\/users\/2"}],"replies":[{"embeddable":true,"href":"https:\/\/www.biofungi.hu\/de\/wp-json\/wp\/v2\/comments?post=1303"}],"version-history":[{"count":0,"href":"https:\/\/www.biofungi.hu\/de\/wp-json\/wp\/v2\/pages\/1303\/revisions"}],"up":[{"embeddable":true,"href":"https:\/\/www.biofungi.hu\/de\/wp-json\/wp\/v2\/pages\/213"}],"wp:attachment":[{"href":"https:\/\/www.biofungi.hu\/de\/wp-json\/wp\/v2\/media?parent=1303"}],"curies":[{"name":"wp","href":"https:\/\/api.w.org\/{rel}","templated":true}]}}