{"id":333,"date":"2017-07-19T10:18:19","date_gmt":"2017-07-19T10:18:19","guid":{"rendered":"http:\/\/www.biofungi.hu\/de\/?page_id=333"},"modified":"2022-09-01T09:13:13","modified_gmt":"2022-09-01T08:13:13","slug":"pilzzuechtung","status":"publish","type":"page","link":"https:\/\/www.biofungi.hu\/de\/ueber-uns\/pilzzuechtung\/","title":{"rendered":"Pilzz\u00fcchtung"},"content":{"rendered":"<p><img decoding=\"async\" class=\"aligncenter size-full wp-image-4858\" src=\"https:\/\/www.biofungi.hu\/wp-content\/uploads\/2021\/02\/BF-honlap-csik-gomba-scaled.jpg\" alt=\"gombatermesztes BF\" width=\"2560\" height=\"407\" srcset=\"https:\/\/www.biofungi.hu\/wp-content\/uploads\/2021\/02\/BF-honlap-csik-gomba-scaled.jpg 2560w, https:\/\/www.biofungi.hu\/wp-content\/uploads\/2021\/02\/BF-honlap-csik-gomba-1280x204.jpg 1280w, https:\/\/www.biofungi.hu\/wp-content\/uploads\/2021\/02\/BF-honlap-csik-gomba-980x156.jpg 980w, https:\/\/www.biofungi.hu\/wp-content\/uploads\/2021\/02\/BF-honlap-csik-gomba-480x76.jpg 480w\" sizes=\"(min-width: 0px) and (max-width: 480px) 480px, (min-width: 481px) and (max-width: 980px) 980px, (min-width: 981px) and (max-width: 1280px) 1280px, (min-width: 1281px) 2560px, 100vw\" \/><\/p>\n<p>Als eines der f\u00fchrenden Unternehmen in der Pilzindustrie in Zentral- und Osteuropa gew\u00e4hrleisten die computergesteuerten Pilzfarmen von Dutch, die Bio-Fungi Ltd., dass wir in Bezug auf Ertrag und Qualit\u00e4t unseren Wettbewerbern immer einen Schritt voraus sind. Unser automatisiertes System h\u00e4lt 24 Stunden am Tag ideale Bedingungen f\u00fcr das Pilzwachstum bereit, die f\u00fcr die st\u00e4ndige Versorgung unserer Partner unerl\u00e4sslich sind. Gegenw\u00e4rtig beliefern wir unsere nationalen und internationalen Partner mit 120-130 Tonnen frischen Zuchtpilzen w\u00f6chentlich, die haupts\u00e4chlich Einzelhandelsketten sind. Neben der Effizienz achten wir auch darauf, die Pilzk\u00f6pfe in verschiedenen Gr\u00f6\u00dfen nach den Bed\u00fcrfnissen der Gastronomie zu ernten und die M\u00e4rkte mit frischen Produkten zu beliefern.<\/p>\n<p>Neben den traditionellen <strong>wei\u00dfen und braunen Champignons<\/strong> haben wir auch <strong>Bio-Champignons, Austernpilze, Shiitake, Kr\u00e4uterseitlinge<\/strong>. Im Anbau verwenden wir keine Chemikalien, Pilze werden nicht mit Pestiziden behandelt.<\/p>\n<p>W\u00e4hrend des ganzen Jahres versorgen wir unsere Partner mit hochwertigen frischen Pilzen. Wir k\u00f6nnen eine breite Palette von Pilzprodukten f\u00fcr unsere Kunden anbieten. Wir ber\u00fccksichtigen auch individuelle W\u00fcnsche. Neben unseren bestehenden Produkten sind wir offen f\u00fcr verschiedene Optionen in Bezug auf Verpackung und Etikettierung.<\/p>\n<p style=\"text-align: center;\"><strong><a href=\"https:\/\/chefgomba.hu\/en\/our-products\/\" target=\"_blank\" rel=\"noopener\">Klicken Sie hier<\/a><\/strong>, um unsere frischen Pilzprodukte zu \u00fcberpr\u00fcfen!<\/p>\n<p><em><strong>Wie wir produzieren?<\/strong><\/em><br \/>\n<iframe src=\"https:\/\/www.youtube.com\/embed\/7K-sVqi8PPc\" width=\"560\" height=\"315\" frameborder=\"0\" allowfullscreen=\"allowfullscreen\"><\/iframe><\/p>\n","protected":false},"excerpt":{"rendered":"<p>Als eines der f\u00fchrenden Unternehmen in der Pilzindustrie in Zentral- und Osteuropa gew\u00e4hrleisten die computergesteuerten Pilzfarmen von Dutch, die Bio-Fungi Ltd., dass wir in Bezug auf Ertrag und Qualit\u00e4t unseren Wettbewerbern immer einen Schritt voraus sind. Unser automatisiertes System h\u00e4lt 24 Stunden am Tag ideale Bedingungen f\u00fcr das Pilzwachstum bereit, die f\u00fcr die st\u00e4ndige Versorgung [&hellip;]<\/p>\n","protected":false},"author":1,"featured_media":0,"parent":213,"menu_order":0,"comment_status":"closed","ping_status":"closed","template":"","meta":{"_et_pb_use_builder":"","_et_pb_old_content":"","_et_gb_content_width":"","footnotes":""},"class_list":["post-333","page","type-page","status-publish","hentry"],"aioseo_notices":[],"_links":{"self":[{"href":"https:\/\/www.biofungi.hu\/de\/wp-json\/wp\/v2\/pages\/333","targetHints":{"allow":["GET"]}}],"collection":[{"href":"https:\/\/www.biofungi.hu\/de\/wp-json\/wp\/v2\/pages"}],"about":[{"href":"https:\/\/www.biofungi.hu\/de\/wp-json\/wp\/v2\/types\/page"}],"author":[{"embeddable":true,"href":"https:\/\/www.biofungi.hu\/de\/wp-json\/wp\/v2\/users\/1"}],"replies":[{"embeddable":true,"href":"https:\/\/www.biofungi.hu\/de\/wp-json\/wp\/v2\/comments?post=333"}],"version-history":[{"count":0,"href":"https:\/\/www.biofungi.hu\/de\/wp-json\/wp\/v2\/pages\/333\/revisions"}],"up":[{"embeddable":true,"href":"https:\/\/www.biofungi.hu\/de\/wp-json\/wp\/v2\/pages\/213"}],"wp:attachment":[{"href":"https:\/\/www.biofungi.hu\/de\/wp-json\/wp\/v2\/media?parent=333"}],"curies":[{"name":"wp","href":"https:\/\/api.w.org\/{rel}","templated":true}]}}