{"id":351,"date":"2017-07-28T07:14:13","date_gmt":"2017-07-28T07:14:13","guid":{"rendered":"http:\/\/www.biofungi.hu\/de\/?page_id=351"},"modified":"2021-06-01T14:02:43","modified_gmt":"2021-06-01T13:02:43","slug":"fachberatung","status":"publish","type":"page","link":"https:\/\/www.biofungi.hu\/de\/ueber-uns\/fachberatung\/","title":{"rendered":"Fachberatung"},"content":{"rendered":"<p><img decoding=\"async\" class=\"aligncenter size-full wp-image-4976\" src=\"https:\/\/www.biofungi.hu\/wp-content\/uploads\/2021\/02\/BF-honlap-komposzt-csiperke-bio.jpg\" alt=\"BF honlap komposzt csiperke bio\" width=\"2560\" height=\"407\" \/><\/p>\n<p>Wir starteten unserer Beratungsdienst f\u00fcr unsere Partner in der beruflichen Fragen im Zusammenhang mit Pilzzucht zu helfen.<\/p>\n<p>Unsere Berater werden laufend aktualisiert und erweitert ihre Kenntnisse und F\u00e4higkeiten auf internationaler Schulungen und Kurse, so dass sie dazu beitragen, Pilzz\u00fcchter in Verbindung mit Knopf und Austernpilzen und ihre Produktion Technologie.<\/p>\n<p>Wenn Sie irgendeine Frage betreffend die Kompost Einkauf haben, Pilzzucht, Technik, Betrieb, wenden Sie sich bitte an eine der folgenden Kollegen zu kontaktieren!<\/p>\n<p><img decoding=\"async\" class=\"aligncenter size-full wp-image-4994\" src=\"https:\/\/www.biofungi.hu\/wp-content\/uploads\/2021\/02\/BF-honlap-komposzt-laska.jpg\" alt=\"BF honlap komposzt laska\" width=\"2560\" height=\"407\" \/><\/p>\n<p><strong>Unsere Berater:<\/strong><\/p>\n<ul>\n<li><em>Romania, Moldau, Bulgarien, Griechenland<\/em> \u2013 Herr Jeno Santha,\u00a0jeno.santha\u00a0(@) biofungi.hu, +36 70 669 5444<\/li>\n<li><em>Kroatien, Slowenien, Serbien, Bosnien-Herzegowina, Mazedonien, Montenegro, Albanien, Kosovo, Frankreich<\/em>\u00a0\u2013 Herr L\u00e1szl\u00f3 Gy\u0151ri,\u00a0laszlo.gyori (@) biofungi.hu, +36 70 686 4260<\/li>\n<li><em>Tschechien, Slowakei, \u00d6sterreich, Italien, Polen, Russland <\/em>\u2013 Herr Balazs Tokes, balazs.tokes (@) biofungi.hu, +36 70 337 9736<\/li>\n<li><em>Ungarn<\/em> &#8211; Herr Zoltan Pinter, zoltan.pinter (@) biofungi.hu, +36 30 438 9435<\/li>\n<\/ul>\n<table style=\"height: 639px;\" width=\"448\">\n<tbody>\n<tr>\n<td width=\"212\">Romania<br \/>\nMoldau<br \/>\nBulgarien<br \/>\nGriechenland<\/td>\n<td width=\"236\">Herr Jeno SANTHA<br \/>\njeno.santha (@) biofungi.hu<br \/>\n+36 70 669 5444<\/td>\n<\/tr>\n<tr>\n<td width=\"212\">Kroatien<br \/>\nSerbien<br \/>\nBosnien-Herzegowina<br \/>\nMazedonien<br \/>\nSlowenien<br \/>\nMontenegro<br \/>\nKosovo<br \/>\nAlbania<br \/>\nFrankreich<\/td>\n<td width=\"236\">Herr Laszlo GYORI<br \/>\nlaszlo.gyori (@) biofungi.hu<br \/>\n+36 70 686 4260<\/td>\n<\/tr>\n<tr>\n<td width=\"212\">\u00d6sterreich<br \/>\nTschechien<br \/>\nSlowakei<br \/>\nItalien<br \/>\nPolen<br \/>\nRussland<\/td>\n<td width=\"236\">Herr Balazs TOKES<br \/>\nbalazs.tokes (@) biofungi.hu<br \/>\n+36 70 337 9736<\/td>\n<\/tr>\n<tr>\n<td width=\"212\">Ungarn<\/td>\n<td width=\"236\">Herr Zoltan PINTER<br \/>\nzoltan.pinter (@) biofungi.hu<br \/>\n+36 30 438 9435<\/td>\n<\/tr>\n<\/tbody>\n<\/table>\n","protected":false},"excerpt":{"rendered":"<p>Wir starteten unserer Beratungsdienst f\u00fcr unsere Partner in der beruflichen Fragen im Zusammenhang mit Pilzzucht zu helfen. Unsere Berater werden laufend aktualisiert und erweitert ihre Kenntnisse und F\u00e4higkeiten auf internationaler Schulungen und Kurse, so dass sie dazu beitragen, Pilzz\u00fcchter in Verbindung mit Knopf und Austernpilzen und ihre Produktion Technologie. Wenn Sie irgendeine Frage betreffend die [&hellip;]<\/p>\n","protected":false},"author":1,"featured_media":0,"parent":213,"menu_order":0,"comment_status":"closed","ping_status":"closed","template":"","meta":{"_et_pb_use_builder":"","_et_pb_old_content":"","_et_gb_content_width":"","footnotes":""},"class_list":["post-351","page","type-page","status-publish","hentry"],"aioseo_notices":[],"_links":{"self":[{"href":"https:\/\/www.biofungi.hu\/de\/wp-json\/wp\/v2\/pages\/351","targetHints":{"allow":["GET"]}}],"collection":[{"href":"https:\/\/www.biofungi.hu\/de\/wp-json\/wp\/v2\/pages"}],"about":[{"href":"https:\/\/www.biofungi.hu\/de\/wp-json\/wp\/v2\/types\/page"}],"author":[{"embeddable":true,"href":"https:\/\/www.biofungi.hu\/de\/wp-json\/wp\/v2\/users\/1"}],"replies":[{"embeddable":true,"href":"https:\/\/www.biofungi.hu\/de\/wp-json\/wp\/v2\/comments?post=351"}],"version-history":[{"count":0,"href":"https:\/\/www.biofungi.hu\/de\/wp-json\/wp\/v2\/pages\/351\/revisions"}],"up":[{"embeddable":true,"href":"https:\/\/www.biofungi.hu\/de\/wp-json\/wp\/v2\/pages\/213"}],"wp:attachment":[{"href":"https:\/\/www.biofungi.hu\/de\/wp-json\/wp\/v2\/media?parent=351"}],"curies":[{"name":"wp","href":"https:\/\/api.w.org\/{rel}","templated":true}]}}