{"id":369,"date":"2017-07-27T07:24:20","date_gmt":"2017-07-27T07:24:20","guid":{"rendered":"http:\/\/www.biofungi.hu\/de\/?page_id=369"},"modified":"2021-06-01T12:00:18","modified_gmt":"2021-06-01T11:00:18","slug":"schule-pilz-projekt","status":"publish","type":"page","link":"https:\/\/www.biofungi.hu\/de\/ueber-uns\/schule-pilz-projekt\/","title":{"rendered":"Schule Pilz Projekt"},"content":{"rendered":"<p><img decoding=\"async\" class=\"aligncenter size-large wp-image-5483\" src=\"https:\/\/www.biofungi.hu\/wp-content\/uploads\/2021\/06\/iskolagomba_4-1024x118.jpg\" alt=\"iskolagomba_4\" width=\"1024\" height=\"118\" srcset=\"https:\/\/www.biofungi.hu\/wp-content\/uploads\/2021\/06\/iskolagomba_4-980x113.jpg 980w, https:\/\/www.biofungi.hu\/wp-content\/uploads\/2021\/06\/iskolagomba_4-480x56.jpg 480w\" sizes=\"(min-width: 0px) and (max-width: 480px) 480px, (min-width: 481px) and (max-width: 980px) 980px, (min-width: 981px) 1024px, 100vw\" \/><\/p>\n<p>Neben Kompostproduktion und Pilzzucht, unsere Firma, Bio-Fungi Ltd konzentriert sich auf die F\u00f6rderung und die Erh\u00f6hung als auch Pilzverbrauch.<\/p>\n<p>Einzigartig im Ungarn haben wir im April 2016 unsere Programm namens Schule Pilz Projekt was bedeutet, dass wir an die teilnehmenden Schulen eine Schachtel mit Pilzkompost Phase 4 mit kleine Pilze transportieren.<\/p>\n<p>Die praktische Ausbildung wird mit einem Lehrmaterial erg\u00e4nzt, die Pilzzucht in Bildern erkl\u00e4rt, dass Kinder mehr verstehen. Dies k\u00f6nnte sehr n\u00fctzlich sein, auf Biologie oder den naturwissenschaftlichen Unterricht.<\/p>\n<p>Das Ziel der Schule Pilz Projekt ist, dass die Sch\u00fcler mit Pilz w\u00e4chst sowohl in der Theorie kennen zu lernen und in der Praxis zur gleichen Zeit und zu verstehen, wie besonders der Pilz Organismus ist und auch ein sehr gutes Essen auch.<\/p>\n<p>Im 1. Halbjahr 2016 gab es 15 teilnehmende Schule aus Budapest und 3 von Komitat Pest und durch den Erfolg haben wir das Programm im n\u00e4chsten Semesters fortsetzen.<\/p>\n<p><img decoding=\"async\" class=\"aligncenter size-large wp-image-5501\" src=\"https:\/\/www.biofungi.hu\/wp-content\/uploads\/2021\/06\/iskolagomba_2-1024x118.jpg\" alt=\"iskolagomba_2\" width=\"1024\" height=\"118\" srcset=\"https:\/\/www.biofungi.hu\/wp-content\/uploads\/2021\/06\/iskolagomba_2-980x113.jpg 980w, https:\/\/www.biofungi.hu\/wp-content\/uploads\/2021\/06\/iskolagomba_2-480x56.jpg 480w\" sizes=\"(min-width: 0px) and (max-width: 480px) 480px, (min-width: 481px) and (max-width: 980px) 980px, (min-width: 981px) 1024px, 100vw\" \/><\/p>\n","protected":false},"excerpt":{"rendered":"<p>Neben Kompostproduktion und Pilzzucht, unsere Firma, Bio-Fungi Ltd konzentriert sich auf die F\u00f6rderung und die Erh\u00f6hung als auch Pilzverbrauch. Einzigartig im Ungarn haben wir im April 2016 unsere Programm namens Schule Pilz Projekt was bedeutet, dass wir an die teilnehmenden Schulen eine Schachtel mit Pilzkompost Phase 4 mit kleine Pilze transportieren. Die praktische Ausbildung wird [&hellip;]<\/p>\n","protected":false},"author":1,"featured_media":0,"parent":213,"menu_order":0,"comment_status":"closed","ping_status":"closed","template":"","meta":{"_et_pb_use_builder":"","_et_pb_old_content":"","_et_gb_content_width":"","footnotes":""},"class_list":["post-369","page","type-page","status-publish","hentry"],"aioseo_notices":[],"_links":{"self":[{"href":"https:\/\/www.biofungi.hu\/de\/wp-json\/wp\/v2\/pages\/369","targetHints":{"allow":["GET"]}}],"collection":[{"href":"https:\/\/www.biofungi.hu\/de\/wp-json\/wp\/v2\/pages"}],"about":[{"href":"https:\/\/www.biofungi.hu\/de\/wp-json\/wp\/v2\/types\/page"}],"author":[{"embeddable":true,"href":"https:\/\/www.biofungi.hu\/de\/wp-json\/wp\/v2\/users\/1"}],"replies":[{"embeddable":true,"href":"https:\/\/www.biofungi.hu\/de\/wp-json\/wp\/v2\/comments?post=369"}],"version-history":[{"count":0,"href":"https:\/\/www.biofungi.hu\/de\/wp-json\/wp\/v2\/pages\/369\/revisions"}],"up":[{"embeddable":true,"href":"https:\/\/www.biofungi.hu\/de\/wp-json\/wp\/v2\/pages\/213"}],"wp:attachment":[{"href":"https:\/\/www.biofungi.hu\/de\/wp-json\/wp\/v2\/media?parent=369"}],"curies":[{"name":"wp","href":"https:\/\/api.w.org\/{rel}","templated":true}]}}