{"id":381,"date":"2017-07-28T07:43:58","date_gmt":"2017-07-28T07:43:58","guid":{"rendered":"http:\/\/www.biofungi.hu\/de\/?page_id=381"},"modified":"2022-07-18T13:49:01","modified_gmt":"2022-07-18T12:49:01","slug":"unternehmerische-gesellschaftsverantwortung","status":"publish","type":"page","link":"https:\/\/www.biofungi.hu\/de\/ueber-uns\/unternehmerische-gesellschaftsverantwortung\/","title":{"rendered":"Unternehmerische Gesellschaftsverantwortung"},"content":{"rendered":"<p><strong>Nachhaltiges Unternehmen, nachhaltige Gemeinschaft und Wachstum<\/strong><\/p>\n<p>In unserer sich rasch ver\u00e4ndernden Welt muss jedes erfolgreiche Unternehmen die Bed\u00fcrfnisse der Gemeinschaft und des Planeten bewusst wahrnehmen. Die Bio-Fungi AG legt daher besonderen Wert auf soziale Verantwortung und konzentriert sich dabei auf dieser S\u00e4ulen.<\/p>\n<p><strong>1. GoPink<\/strong><\/p>\n<p><a href=\"www.gopink.hu\" target=\"_blank\" rel=\"noopener\"><img decoding=\"async\" class=\"aligncenter wp-image-4868\" src=\"https:\/\/www.biofungi.hu\/wp-content\/uploads\/2021\/02\/TV-szpot-alap-slider.jpg\" alt=\"\" width=\"437\" height=\"146\" \/><\/a><\/p>\n<p>Das Gesundheitsbewusstsein und die F\u00f6rderung eines gesunden Lebens liegen uns bei Bio-Fungi Ltd. sehr am Herzen. Daher halten wir es f\u00fcr \u00e4u\u00dferst wichtig, Kampagnen zur Vorbeugung von Krankheiten wie Brustkrebs zu f\u00f6rdern.<\/p>\n<p>Unser 2012 gestarteter GoPink! Die Kampagne unterstreicht die Bedeutung des Screenings und der Unterst\u00fctzung von Aktivit\u00e4ten zur Krebsbek\u00e4mpfung. In Kombination mit einer gesunden Ern\u00e4hrung und einem anaktiven Lebensstil k\u00f6nnen Pilze dazu beitragen, hohe \u00d6strogenspiegel zu senken, ein Risikofaktor, der zur Entstehung der Krankheit beitr\u00e4gt. Dies ist der einzige Grund, warum sich unser Unternehmen in den Kampf verwickelt f\u00fchlt. Im Rahmen der Kampagne liefern wir jeden Oktober unsere Pilzprodukte in rosa Schalen an unsere Supermarktpartner, da dies die offizielle Farbe im Kampf gegen Brustkrebs ist. Wir unterst\u00fctzen den Kampf gegen die Krankheit mit einem gewissen Teil der Einnahmen aus dem Verkauf dieser speziell verpackten Produkte.<\/p>\n<p><strong>2. SchulPilz<\/strong><\/p>\n<p><a href=\"www.iskolagomba.hu\" target=\"_blank\" rel=\"noopener\"><img decoding=\"async\" class=\"aligncenter size-full wp-image-4877\" src=\"https:\/\/www.biofungi.hu\/wp-content\/uploads\/2021\/02\/iskolagomba-csik-2-scaled.jpg\" alt=\"iskolagomba\" width=\"2560\" height=\"437\" srcset=\"https:\/\/www.biofungi.hu\/wp-content\/uploads\/2021\/02\/iskolagomba-csik-2-scaled.jpg 2560w, https:\/\/www.biofungi.hu\/wp-content\/uploads\/2021\/02\/iskolagomba-csik-2-1280x219.jpg 1280w, https:\/\/www.biofungi.hu\/wp-content\/uploads\/2021\/02\/iskolagomba-csik-2-980x167.jpg 980w, https:\/\/www.biofungi.hu\/wp-content\/uploads\/2021\/02\/iskolagomba-csik-2-480x82.jpg 480w\" sizes=\"(min-width: 0px) and (max-width: 480px) 480px, (min-width: 481px) and (max-width: 980px) 980px, (min-width: 981px) and (max-width: 1280px) 1280px, (min-width: 1281px) 2560px, 100vw\" \/><\/a><\/p>\n<p>Einzigartig ist, dass wir als erste im Land im Fr\u00fchjahr 2016 unser Programm SchoolMushroom gestartet haben, mit dem die Sch\u00fcler die Welt der Pilze in Theorie und Praxis kennenlernen und verstehen sollen, wie besonders der Pilz ist und ein sehr leckeres Essen.<\/p>\n<p><strong>3. Gesunde Ern\u00e4hrung<\/strong><\/p>\n<p><img decoding=\"async\" class=\"aligncenter size-full wp-image-4886\" src=\"https:\/\/www.biofungi.hu\/wp-content\/uploads\/2021\/02\/BF-honlap-rendezvenyek-scaled.jpg\" alt=\"BF honlap rendezvenyek\" width=\"2560\" height=\"407\" srcset=\"https:\/\/www.biofungi.hu\/wp-content\/uploads\/2021\/02\/BF-honlap-rendezvenyek-scaled.jpg 2560w, https:\/\/www.biofungi.hu\/wp-content\/uploads\/2021\/02\/BF-honlap-rendezvenyek-1280x204.jpg 1280w, https:\/\/www.biofungi.hu\/wp-content\/uploads\/2021\/02\/BF-honlap-rendezvenyek-980x156.jpg 980w, https:\/\/www.biofungi.hu\/wp-content\/uploads\/2021\/02\/BF-honlap-rendezvenyek-480x76.jpg 480w\" sizes=\"(min-width: 0px) and (max-width: 480px) 480px, (min-width: 481px) and (max-width: 980px) 980px, (min-width: 981px) and (max-width: 1280px) 1280px, (min-width: 1281px) 2560px, 100vw\" \/><\/p>\n<p>In der Region, wo wir ans\u00e4ssig sind (\u00c1porka, \u00d3csa), tragen wir zur Gesundheit der \u00f6rtlichen Gemeinden bei, indem wir \u00f6ffentliche Einrichtungen, Veranstaltungen, Schulen, Kinderg\u00e4rten, Wettbewerben und anderen Sportveranstaltungen mit frischen Pilzen versorgen.<\/p>\n<p><strong>4. Wohlt\u00e4tigkeit<\/strong><\/p>\n<p><img decoding=\"async\" class=\"aligncenter size-full wp-image-4895\" src=\"https:\/\/www.biofungi.hu\/wp-content\/uploads\/2021\/02\/BF-honlap-CSR-scaled.jpg\" alt=\"BF honlap CSR\" width=\"2560\" height=\"407\" srcset=\"https:\/\/www.biofungi.hu\/wp-content\/uploads\/2021\/02\/BF-honlap-CSR-scaled.jpg 2560w, https:\/\/www.biofungi.hu\/wp-content\/uploads\/2021\/02\/BF-honlap-CSR-1280x204.jpg 1280w, https:\/\/www.biofungi.hu\/wp-content\/uploads\/2021\/02\/BF-honlap-CSR-980x156.jpg 980w, https:\/\/www.biofungi.hu\/wp-content\/uploads\/2021\/02\/BF-honlap-CSR-480x76.jpg 480w\" sizes=\"(min-width: 0px) and (max-width: 480px) 480px, (min-width: 481px) and (max-width: 980px) 980px, (min-width: 981px) and (max-width: 1280px) 1280px, (min-width: 1281px) 2560px, 100vw\" \/><\/p>\n<p>Unsere Firma unterst\u00fctzt die Arbeit ungarischer Wohlt\u00e4tigkeitsorganisationen, des Verbandes der ungarischen Lebensmittelbank und anderer sozialer Initiativen.<\/p>\n<p><strong>5. Nachhaltigkeit<\/strong><\/p>\n<p><img decoding=\"async\" class=\"aligncenter size-full wp-image-6658\" src=\"https:\/\/www.biofungi.hu\/wp-content\/uploads\/2022\/07\/fenntarthatosag.jpg\" alt=\"fenntarthatosag\" width=\"2480\" height=\"351\" srcset=\"https:\/\/www.biofungi.hu\/wp-content\/uploads\/2022\/07\/fenntarthatosag.jpg 2480w, https:\/\/www.biofungi.hu\/wp-content\/uploads\/2022\/07\/fenntarthatosag-1280x181.jpg 1280w, https:\/\/www.biofungi.hu\/wp-content\/uploads\/2022\/07\/fenntarthatosag-980x139.jpg 980w, https:\/\/www.biofungi.hu\/wp-content\/uploads\/2022\/07\/fenntarthatosag-480x68.jpg 480w\" sizes=\"(min-width: 0px) and (max-width: 480px) 480px, (min-width: 481px) and (max-width: 980px) 980px, (min-width: 981px) and (max-width: 1280px) 1280px, (min-width: 1281px) 2480px, 100vw\" \/><\/p>\n<p>Der Pilzanbau ist in Bezug auf die Nachhaltigkeit sehr vorteilhaft, tats\u00e4chlich kann er auch als modernes Recycling betrachtet werden, da landwirtschaftliche Nebenprodukte aus anderen Bereichen der Landwirtschaft (Stroh, H\u00fchner- und Pferdemist) zur Herstellung von Pilzkompost verwendet werden. Dies macht den Pilzanbau nachhaltig und die Pilzindustrie zu einem perfekten Partner f\u00fcr andere landwirtschaftliche Sektoren.<\/p>\n<p>Zuchtpilze haben einen sehr geringen \u00f6kologischen Fu\u00dfabdruck. Nur 7 Liter Wasser und 1 kW Energie werden ben\u00f6tigt, um ein Kilogramm Pilze herzustellen, was 0,3 kg Kohlendioxidemissionen entspricht. In den modernen, computergesteuerten Pilzzuchth\u00e4usern wird eine Tr\u00f6pfchenbew\u00e4sserung implementiert, d.h. das f\u00fcr das Pilzwachstum ben\u00f6tigte Wasser wird vollst\u00e4ndig genutzt. Wir verwenden keine Pestizide in der Pilzzucht und desinfizieren die Zuchth\u00e4user mit Dampf, sodass die Umweltbelastung noch geringer ist. Zus\u00e4tzlich unterst\u00fctzt eine Solaranlage unsere Energieversorgung an unseren beiden Standorten.\u00a0Ein weiterer Vorteil der Champignonzucht ist, dass der geerntete Kompost zur Bodenverbesserung (z. B. Herstellung von Blumenerde) verwendet werden kann und somit noch weniger Abfall entsteht.<\/p>\n","protected":false},"excerpt":{"rendered":"<p>Nachhaltiges Unternehmen, nachhaltige Gemeinschaft und Wachstum In unserer sich rasch ver\u00e4ndernden Welt muss jedes erfolgreiche Unternehmen die Bed\u00fcrfnisse der Gemeinschaft und des Planeten bewusst wahrnehmen. Die Bio-Fungi AG legt daher besonderen Wert auf soziale Verantwortung und konzentriert sich dabei auf dieser S\u00e4ulen. 1. GoPink Das Gesundheitsbewusstsein und die F\u00f6rderung eines gesunden Lebens liegen uns bei [&hellip;]<\/p>\n","protected":false},"author":1,"featured_media":0,"parent":213,"menu_order":0,"comment_status":"closed","ping_status":"closed","template":"","meta":{"_et_pb_use_builder":"","_et_pb_old_content":"","_et_gb_content_width":"","footnotes":""},"class_list":["post-381","page","type-page","status-publish","hentry"],"aioseo_notices":[],"_links":{"self":[{"href":"https:\/\/www.biofungi.hu\/de\/wp-json\/wp\/v2\/pages\/381","targetHints":{"allow":["GET"]}}],"collection":[{"href":"https:\/\/www.biofungi.hu\/de\/wp-json\/wp\/v2\/pages"}],"about":[{"href":"https:\/\/www.biofungi.hu\/de\/wp-json\/wp\/v2\/types\/page"}],"author":[{"embeddable":true,"href":"https:\/\/www.biofungi.hu\/de\/wp-json\/wp\/v2\/users\/1"}],"replies":[{"embeddable":true,"href":"https:\/\/www.biofungi.hu\/de\/wp-json\/wp\/v2\/comments?post=381"}],"version-history":[{"count":0,"href":"https:\/\/www.biofungi.hu\/de\/wp-json\/wp\/v2\/pages\/381\/revisions"}],"up":[{"embeddable":true,"href":"https:\/\/www.biofungi.hu\/de\/wp-json\/wp\/v2\/pages\/213"}],"wp:attachment":[{"href":"https:\/\/www.biofungi.hu\/de\/wp-json\/wp\/v2\/media?parent=381"}],"curies":[{"name":"wp","href":"https:\/\/api.w.org\/{rel}","templated":true}]}}