{"id":5452,"date":"2021-06-01T11:19:15","date_gmt":"2021-06-01T10:19:15","guid":{"rendered":"https:\/\/www.biofungi.hu\/?page_id=5452"},"modified":"2021-06-01T11:19:15","modified_gmt":"2021-06-01T10:19:15","slug":"arbeit","status":"publish","type":"page","link":"https:\/\/www.biofungi.hu\/de\/arbeit\/","title":{"rendered":"Arbeit"},"content":{"rendered":"<p><strong><img decoding=\"async\" class=\"alignright size-medium wp-image-3655\" src=\"https:\/\/www.biofungi.hu\/wp-content\/uploads\/2019\/11\/low-angle-view-businesspeople-stacking-hand-together-workplace_23-2148187232-300x219.jpg\" alt=\"BioFungi team work best workplace\" width=\"300\" height=\"219\" \/>Bio-Fungi als Arbeitgeber<\/strong><\/p>\n<p>Die Tatsache, dass wir das f\u00fchrende Pilzzucht- und Kompostierunternehmen in Ungarn und der Region sind, bedeutet Sicherheit, Zuverl\u00e4ssigkeit und Berechenbarkeit f\u00fcr unsere Mitarbeiter.<\/p>\n<p>Wir sind stolz darauf, unseren Mitarbeitern langfristige Besch\u00e4ftigungsm\u00f6glichkeiten bieten zu k\u00f6nnen, da mehrere Mitglieder unseres Teams seit 10-15-20 Jahren f\u00fcr uns arbeiten, die Entwicklung unseres Unternehmens gemeinsam leben und aufbauen.<\/p>\n<p>Neben der Entwicklung und dem Wachstum unseres Unternehmens legen wir gro\u00dfen Wert darauf, auch unseren Mitarbeitern individuelle Entwicklungsm\u00f6glichkeiten zu bieten. Wir legen Wert darauf, dass unsere Mitarbeiter \u00fcber die neuesten Entwicklungen in ihrem Arbeitsbereich, neueste Forschung, Trends und aktuelles Wissen informiert sind. Deshalb unterst\u00fctzen wir ihre Teilnahme an in- und ausl\u00e4ndischen Ausstellungen, Veranstaltungen, Studienreisen und Weiterbildungen.<\/p>\n<p>Dar\u00fcber hinaus unterst\u00fctzen wir das Erreichen ihrer Karriereziele, da einige unserer Mitarbeiter zu F\u00fchrungskr\u00e4ften herangewachsen sind, k\u00f6nnen aber auch M\u00f6glichkeiten bieten, sich in anderen Bereichen des Unternehmens auszuprobieren.<\/p>\n<p>Bio-Fungi hat einen Platz f\u00fcr junge Leute und erfahrene Profis. Bereits w\u00e4hrend des Studiums k\u00f6nnen sich junge Menschen bei uns auf Berufspraktika und duale Ausbildungsm\u00f6glichkeiten verlassen.<\/p>\n<p>Wir achten auch auf unsere Umwelt, und <strong><a href=\"https:\/\/www.biofungi.hu\/de\/ueber-uns\/unternehmerische-gesellschaftsverantwortung\/\" target=\"_blank\" rel=\"noopener\">soziale Verantwortung<\/a><\/strong> spielt bei unseren Aktivit\u00e4ten eine zentrale Rolle. Dar\u00fcber hinaus unterst\u00fctzen wir Sport- und Lifestyle-Events, kulturelle Veranstaltungen in der Umgebung und gemeinn\u00fctzige Arbeit.<\/p>\n<p style=\"text-align: center;\"><strong>Wenn Sie einen zuverl\u00e4ssigen Partner und Job suchen, werden Sie bei Bio-Fungi f\u00fcndig!<\/strong><\/p>\n","protected":false},"excerpt":{"rendered":"<p>Bio-Fungi als Arbeitgeber Die Tatsache, dass wir das f\u00fchrende Pilzzucht- und Kompostierunternehmen in Ungarn und der Region sind, bedeutet Sicherheit, Zuverl\u00e4ssigkeit und Berechenbarkeit f\u00fcr unsere Mitarbeiter. Wir sind stolz darauf, unseren Mitarbeitern langfristige Besch\u00e4ftigungsm\u00f6glichkeiten bieten zu k\u00f6nnen, da mehrere Mitglieder unseres Teams seit 10-15-20 Jahren f\u00fcr uns arbeiten, die Entwicklung unseres Unternehmens gemeinsam leben und [&hellip;]<\/p>\n","protected":false},"author":2,"featured_media":0,"parent":0,"menu_order":0,"comment_status":"closed","ping_status":"closed","template":"","meta":{"_et_pb_use_builder":"","_et_pb_old_content":"","_et_gb_content_width":"","footnotes":""},"class_list":["post-5452","page","type-page","status-publish","hentry"],"aioseo_notices":[],"_links":{"self":[{"href":"https:\/\/www.biofungi.hu\/de\/wp-json\/wp\/v2\/pages\/5452","targetHints":{"allow":["GET"]}}],"collection":[{"href":"https:\/\/www.biofungi.hu\/de\/wp-json\/wp\/v2\/pages"}],"about":[{"href":"https:\/\/www.biofungi.hu\/de\/wp-json\/wp\/v2\/types\/page"}],"author":[{"embeddable":true,"href":"https:\/\/www.biofungi.hu\/de\/wp-json\/wp\/v2\/users\/2"}],"replies":[{"embeddable":true,"href":"https:\/\/www.biofungi.hu\/de\/wp-json\/wp\/v2\/comments?post=5452"}],"version-history":[{"count":0,"href":"https:\/\/www.biofungi.hu\/de\/wp-json\/wp\/v2\/pages\/5452\/revisions"}],"wp:attachment":[{"href":"https:\/\/www.biofungi.hu\/de\/wp-json\/wp\/v2\/media?parent=5452"}],"curies":[{"name":"wp","href":"https:\/\/api.w.org\/{rel}","templated":true}]}}