{"id":659,"date":"2017-12-11T12:05:37","date_gmt":"2017-12-11T12:05:37","guid":{"rendered":"http:\/\/www.biofungi.hu\/de\/?page_id=659"},"modified":"2021-06-14T12:10:00","modified_gmt":"2021-06-14T11:10:00","slug":"oko-champignon-kompost","status":"publish","type":"page","link":"https:\/\/www.biofungi.hu\/de\/produkte\/oko-champignon-kompost\/","title":{"rendered":"\u00d6ko-Champignon-Kompost"},"content":{"rendered":"<p><img decoding=\"async\" class=\"alignnone size-full wp-image-4973\" src=\"https:\/\/www.biofungi.hu\/wp-content\/uploads\/2021\/02\/BF-honlap-komposzt-csiperke-bio-scaled.jpg\" alt=\"BF honlap komposzt csiperke bio\" width=\"2560\" height=\"407\" srcset=\"https:\/\/www.biofungi.hu\/wp-content\/uploads\/2021\/02\/BF-honlap-komposzt-csiperke-bio-scaled.jpg 2560w, https:\/\/www.biofungi.hu\/wp-content\/uploads\/2021\/02\/BF-honlap-komposzt-csiperke-bio-1280x204.jpg 1280w, https:\/\/www.biofungi.hu\/wp-content\/uploads\/2021\/02\/BF-honlap-komposzt-csiperke-bio-980x156.jpg 980w, https:\/\/www.biofungi.hu\/wp-content\/uploads\/2021\/02\/BF-honlap-komposzt-csiperke-bio-480x76.jpg 480w\" sizes=\"(min-width: 0px) and (max-width: 480px) 480px, (min-width: 481px) and (max-width: 980px) 980px, (min-width: 981px) and (max-width: 1280px) 1280px, (min-width: 1281px) 2560px, 100vw\" \/><\/p>\n<p>Die Bio-Fungi Kft. bietet in Ungarn als erstes Unternehmen Champignonkompost auf dem Markt an, welcher \u00fcber die Bewertung \u00d6ko verf\u00fcgt. Die Herstellung des \u00d6ko-Champignonkomposts wird von der <a href=\"https:\/\/www.bio-garancia.hu\/en\/home\">Bio Garancia<\/a>\u00a0\u00fcberwacht und gew\u00e4hrleistet. Bei der Produktherstellung unterwerfen wir uns strengen Vorschriften, die sich sowohl auf die organische Herkunft der Grundstoffe als auch auf die Verarbeitungs- und Herstellungsprozesse, die Verpackung, Lagerung und Lieferung beziehen.<\/p>\n<p>Die Grundstoffe kaufen wir von einheimischen \u00d6ko-Erzeugern, auf diese Weise \u2013 da Ungarn eines der weniger europ\u00e4ischen L\u00e4nder ist, wo der Anbau genmanipulierter Pflanzen nicht genehmigt ist \u2013 kann unser Pilzkompost \u00fcber die Bewertung \u00d6ko- auch als GMO-freies Produkt betrachtet werden.<\/p>\n<p><img decoding=\"async\" class=\"alignright wp-image-2783\" src=\"https:\/\/www.biofungi.hu\/wp-content\/uploads\/2019\/08\/Biologo-lev\u00e9l-300x200.jpg\" alt=\"\" width=\"120\" height=\"80\" srcset=\"https:\/\/www.biofungi.hu\/wp-content\/uploads\/2019\/08\/Biologo-lev\u00e9l-300x200.jpg 300w, https:\/\/www.biofungi.hu\/wp-content\/uploads\/2019\/08\/Biologo-lev\u00e9l-768x512.jpg 768w, https:\/\/www.biofungi.hu\/wp-content\/uploads\/2019\/08\/Biologo-lev\u00e9l-1024x683.jpg 1024w, https:\/\/www.biofungi.hu\/wp-content\/uploads\/2019\/08\/Biologo-lev\u00e9l-1080x720.jpg 1080w, https:\/\/www.biofungi.hu\/wp-content\/uploads\/2019\/08\/Biologo-lev\u00e9l-1320x880.jpg 1320w\" sizes=\"(max-width: 120px) 100vw, 120px\" \/>W\u00e4hrend der Herstellung des <strong>\u00d6ko-Pilzkomposts<\/strong> m\u00fcssen wir folgenden Standards entsprechen und diese in Registern festhalten:<\/p>\n<ul>\n<li>nur genehmigte, aus \u00f6kologischer Quelle stammende Grundstoffe k\u00f6nnen verwendet werden<\/li>\n<li>die Verwendung von Pflanzenschutzmitteln ist verboten<\/li>\n<li>Verwendung von entsprechendem Wasser, dessen Wasser regelm\u00e4\u00dfig kontrolliert wird<\/li>\n<li>Verwendung von genehmigten Verpackungsmaterialien<\/li>\n<li>spezielle Vorschriften f\u00fcr die Instandhaltung und Hygiene<\/li>\n<li>entsprechende Lagerung und Lieferung<\/li>\n<li>strenge R\u00fcckverfolgbarkeit<\/li>\n<li>Schulung gute Herstellungspraxis.<\/li>\n<\/ul>\n<p style=\"text-align: center;\"><a href=\"https:\/\/www.biofungi.hu\/de\/ueber-uns\/fachberatung\/\"><strong>Weitere Informationen erhalten Sie von unseren Beratern!<\/strong><\/a><\/p>\n","protected":false},"excerpt":{"rendered":"<p>Die Bio-Fungi Kft. bietet in Ungarn als erstes Unternehmen Champignonkompost auf dem Markt an, welcher \u00fcber die Bewertung \u00d6ko verf\u00fcgt. Die Herstellung des \u00d6ko-Champignonkomposts wird von der Bio Garancia\u00a0\u00fcberwacht und gew\u00e4hrleistet. Bei der Produktherstellung unterwerfen wir uns strengen Vorschriften, die sich sowohl auf die organische Herkunft der Grundstoffe als auch auf die Verarbeitungs- und Herstellungsprozesse, [&hellip;]<\/p>\n","protected":false},"author":1,"featured_media":0,"parent":245,"menu_order":0,"comment_status":"closed","ping_status":"closed","template":"","meta":{"_et_pb_use_builder":"","_et_pb_old_content":"","_et_gb_content_width":"","footnotes":""},"class_list":["post-659","page","type-page","status-publish","hentry"],"aioseo_notices":[],"_links":{"self":[{"href":"https:\/\/www.biofungi.hu\/de\/wp-json\/wp\/v2\/pages\/659","targetHints":{"allow":["GET"]}}],"collection":[{"href":"https:\/\/www.biofungi.hu\/de\/wp-json\/wp\/v2\/pages"}],"about":[{"href":"https:\/\/www.biofungi.hu\/de\/wp-json\/wp\/v2\/types\/page"}],"author":[{"embeddable":true,"href":"https:\/\/www.biofungi.hu\/de\/wp-json\/wp\/v2\/users\/1"}],"replies":[{"embeddable":true,"href":"https:\/\/www.biofungi.hu\/de\/wp-json\/wp\/v2\/comments?post=659"}],"version-history":[{"count":0,"href":"https:\/\/www.biofungi.hu\/de\/wp-json\/wp\/v2\/pages\/659\/revisions"}],"up":[{"embeddable":true,"href":"https:\/\/www.biofungi.hu\/de\/wp-json\/wp\/v2\/pages\/245"}],"wp:attachment":[{"href":"https:\/\/www.biofungi.hu\/de\/wp-json\/wp\/v2\/media?parent=659"}],"curies":[{"name":"wp","href":"https:\/\/api.w.org\/{rel}","templated":true}]}}