{"id":749,"date":"2017-12-11T14:37:20","date_gmt":"2017-12-11T14:37:20","guid":{"rendered":"http:\/\/www.biofungi.hu\/de\/?page_id=749"},"modified":"2018-03-23T09:32:44","modified_gmt":"2018-03-23T09:32:44","slug":"mushroom-products","status":"publish","type":"page","link":"https:\/\/www.biofungi.hu\/de\/mushroom-products\/","title":{"rendered":"Pilz-Produkte"},"content":{"rendered":"<p>[et_pb_section bb_built=&#8220;1&#8243; admin_label=&#8220;section&#8220; _builder_version=&#8220;3.0.47&#8243;][et_pb_row admin_label=&#8220;row&#8220; _builder_version=&#8220;3.0.50&#8243;][et_pb_column type=&#8220;4_4&#8243;][et_pb_text admin_label=&#8220;Sz\u00f6veg&#8220; _builder_version=&#8220;3.0.50&#8243; background_layout=&#8220;light&#8220; text_orientation=&#8220;left&#8220; border_style=&#8220;solid&#8220;]<\/p>\n<div class=\"post-title\">\n<h1 class=\"entry-title\">Pilz-Produkte<\/h1>\n<\/div>\n<div class=\"post-content\">\n<p><strong>Unsere Pilz-Produkte:<\/strong><\/p>\n<\/div>\n<p>[\/et_pb_text][\/et_pb_column][\/et_pb_row][et_pb_row admin_label=&#8220;Sor&#8220; background_position=&#8220;top_left&#8220; background_repeat=&#8220;repeat&#8220; background_size=&#8220;initial&#8220;][et_pb_column type=&#8220;3_4&#8243;][et_pb_text admin_label=&#8220;Sz\u00f6veg&#8220; _builder_version=&#8220;3.0.50&#8243; background_layout=&#8220;light&#8220; text_orientation=&#8220;left&#8220; border_style=&#8220;solid&#8220;]<\/p>\n<p><strong>Weisse Champignons<\/strong><\/p>\n<p>Weisser Champignon ist ein unentbehrliches Rohmaterial der K\u00fcche. Man kann den einfach und vielf\u00e4ltig zubereiten. Champignon ist eine der ganzj\u00e4hrig erreichbaren Vitaminquellen.<\/p>\n<p>[\/et_pb_text][\/et_pb_column][et_pb_column type=&#8220;1_4&#8243;][et_pb_image admin_label=&#8220;K\u00e9p&#8220; _builder_version=&#8220;3.0.50&#8243; src=&#8220;https:\/\/www.biofungi.hu\/wp-content\/uploads\/2017\/12\/feher_csiperke_160x160.jpg&#8220; show_in_lightbox=&#8220;off&#8220; url_new_window=&#8220;off&#8220; use_overlay=&#8220;off&#8220; sticky=&#8220;on&#8220; align=&#8220;center&#8220; always_center_on_mobile=&#8220;on&#8220; border_style=&#8220;solid&#8220; force_fullwidth=&#8220;off&#8220; \/][\/et_pb_column][\/et_pb_row][et_pb_row admin_label=&#8220;Sor&#8220; background_position=&#8220;top_left&#8220; background_repeat=&#8220;repeat&#8220; background_size=&#8220;initial&#8220;][et_pb_column type=&#8220;4_4&#8243;][et_pb_divider admin_label=&#8220;Elv\u00e1laszt\u00f3&#8220; _builder_version=&#8220;3.0.50&#8243; show_divider=&#8220;on&#8220; divider_style=&#8220;solid&#8220; divider_position=&#8220;top&#8220; hide_on_mobile=&#8220;on&#8220; color=&#8220;#000000&#8243; \/][\/et_pb_column][\/et_pb_row][et_pb_row admin_label=&#8220;Sor&#8220; background_position=&#8220;top_left&#8220; background_repeat=&#8220;repeat&#8220; background_size=&#8220;initial&#8220;][et_pb_column type=&#8220;3_4&#8243;][et_pb_text admin_label=&#8220;Sz\u00f6veg&#8220; _builder_version=&#8220;3.0.50&#8243; background_layout=&#8220;light&#8220; text_orientation=&#8220;left&#8220; border_style=&#8220;solid&#8220;]<\/p>\n<p><strong>Braune Champignons<\/strong><\/p>\n<p>Die Produktionsmenge der braunen Champignons ist weniger, als die der weissen. Die Kultivierung dauert l\u00e4nger, aber Geschmack der Cremechampignons ist aromatischer und Geruch intensiver, als bei seiner weissen Variation. Deshalb ist der Cremechampignon das Lieblingsgericht der Gourmet.<\/p>\n<p>[\/et_pb_text][\/et_pb_column][et_pb_column type=&#8220;1_4&#8243;][et_pb_image admin_label=&#8220;K\u00e9p&#8220; _builder_version=&#8220;3.0.50&#8243; src=&#8220;https:\/\/www.biofungi.hu\/wp-content\/uploads\/2017\/12\/barna_csiperke_160x160.jpg&#8220; show_in_lightbox=&#8220;off&#8220; url_new_window=&#8220;off&#8220; use_overlay=&#8220;off&#8220; sticky=&#8220;on&#8220; align=&#8220;center&#8220; always_center_on_mobile=&#8220;on&#8220; border_style=&#8220;solid&#8220; force_fullwidth=&#8220;off&#8220; \/][\/et_pb_column][\/et_pb_row][et_pb_row admin_label=&#8220;Sor&#8220; background_position=&#8220;top_left&#8220; background_repeat=&#8220;repeat&#8220; background_size=&#8220;initial&#8220;][et_pb_column type=&#8220;4_4&#8243;][et_pb_divider admin_label=&#8220;Elv\u00e1laszt\u00f3&#8220; _builder_version=&#8220;3.0.50&#8243; show_divider=&#8220;on&#8220; divider_style=&#8220;solid&#8220; divider_position=&#8220;top&#8220; hide_on_mobile=&#8220;on&#8220; color=&#8220;#000000&#8243; \/][\/et_pb_column][\/et_pb_row][et_pb_row admin_label=&#8220;Sor&#8220; background_position=&#8220;top_left&#8220; background_repeat=&#8220;repeat&#8220; background_size=&#8220;initial&#8220;][et_pb_column type=&#8220;3_4&#8243;][et_pb_text admin_label=&#8220;Sz\u00f6veg&#8220; _builder_version=&#8220;3.0.50&#8243; background_layout=&#8220;light&#8220; text_orientation=&#8220;left&#8220; border_style=&#8220;solid&#8220;]<\/p>\n<p><strong>Bio Champignons<\/strong><\/p>\n<p>Im Laufe der Herstellung der BIO-Produkte halten wir die strenge Vorschriften ein, die beziehen sich sowohl auf organischen Ursprung der Grundstoffe, als auf die Verarbeitungs- und Anbauverfahren als auch auf die Verpackung, Lagerung und Ablieferung.<\/p>\n<p>[\/et_pb_text][\/et_pb_column][et_pb_column type=&#8220;1_4&#8243;][et_pb_image admin_label=&#8220;K\u00e9p&#8220; _builder_version=&#8220;3.0.50&#8243; src=&#8220;https:\/\/www.biofungi.hu\/wp-content\/uploads\/2017\/12\/bio_csiperke_160x160.jpg&#8220; show_in_lightbox=&#8220;off&#8220; url_new_window=&#8220;off&#8220; use_overlay=&#8220;off&#8220; sticky=&#8220;on&#8220; align=&#8220;center&#8220; always_center_on_mobile=&#8220;on&#8220; border_style=&#8220;solid&#8220; force_fullwidth=&#8220;off&#8220; \/][\/et_pb_column][\/et_pb_row][et_pb_row admin_label=&#8220;Sor&#8220; background_position=&#8220;top_left&#8220; background_repeat=&#8220;repeat&#8220; background_size=&#8220;initial&#8220;][et_pb_column type=&#8220;4_4&#8243;][et_pb_divider admin_label=&#8220;Elv\u00e1laszt\u00f3&#8220; _builder_version=&#8220;3.0.50&#8243; show_divider=&#8220;on&#8220; divider_style=&#8220;solid&#8220; divider_position=&#8220;top&#8220; hide_on_mobile=&#8220;on&#8220; color=&#8220;#000000&#8243; \/][\/et_pb_column][\/et_pb_row][et_pb_row admin_label=&#8220;Sor&#8220; background_position=&#8220;top_left&#8220; background_repeat=&#8220;repeat&#8220; background_size=&#8220;initial&#8220;][et_pb_column type=&#8220;3_4&#8243;][et_pb_text admin_label=&#8220;Sz\u00f6veg&#8220; _builder_version=&#8220;3.0.50&#8243; background_layout=&#8220;light&#8220; text_orientation=&#8220;left&#8220; border_style=&#8220;solid&#8220;]<\/p>\n<p><strong>Austernpilz<\/strong><br \/>\nDer Austernseitling kann wegen spezieller Zutaten leichter verdaut werden, als andrere Pilze. Der kalbfleisch\u00e4hnliche Geschmack des Pilzes ist verf\u00fchrerisch, in seinem Geschmack befindet sich auch das Aroma des Pfeffers und des Anises.<\/p>\n<p>[\/et_pb_text][\/et_pb_column][et_pb_column type=&#8220;1_4&#8243;][et_pb_image admin_label=&#8220;K\u00e9p&#8220; _builder_version=&#8220;3.0.50&#8243; src=&#8220;https:\/\/www.biofungi.hu\/wp-content\/uploads\/2017\/12\/bio_laskagomba.jpg&#8220; show_in_lightbox=&#8220;off&#8220; url_new_window=&#8220;off&#8220; use_overlay=&#8220;off&#8220; sticky=&#8220;on&#8220; align=&#8220;center&#8220; always_center_on_mobile=&#8220;on&#8220; border_style=&#8220;solid&#8220; force_fullwidth=&#8220;off&#8220; \/][\/et_pb_column][\/et_pb_row][et_pb_row admin_label=&#8220;Sor&#8220; background_position=&#8220;top_left&#8220; background_repeat=&#8220;repeat&#8220; background_size=&#8220;initial&#8220;][et_pb_column type=&#8220;4_4&#8243;][et_pb_divider admin_label=&#8220;Elv\u00e1laszt\u00f3&#8220; _builder_version=&#8220;3.0.50&#8243; show_divider=&#8220;on&#8220; divider_style=&#8220;solid&#8220; divider_position=&#8220;top&#8220; hide_on_mobile=&#8220;on&#8220; color=&#8220;#000000&#8243; \/][\/et_pb_column][\/et_pb_row][et_pb_row admin_label=&#8220;Sor&#8220; background_position=&#8220;top_left&#8220; background_repeat=&#8220;repeat&#8220; background_size=&#8220;initial&#8220;][et_pb_column type=&#8220;3_4&#8243;][et_pb_text admin_label=&#8220;Sz\u00f6veg&#8220; _builder_version=&#8220;3.0.50&#8243; background_layout=&#8220;light&#8220; text_orientation=&#8220;left&#8220; border_style=&#8220;solid&#8220;]<\/p>\n<p><strong>Pilzmix<\/strong><\/p>\n<p>Braune und weisse Champignonmischungen mit Austernpilz. Mit der Variationen von verschiedenen Pilze kann unterschiedliche Gerichte gekocht werden.<\/p>\n<p>[\/et_pb_text][\/et_pb_column][et_pb_column type=&#8220;1_4&#8243;][et_pb_image admin_label=&#8220;K\u00e9p&#8220; _builder_version=&#8220;3.0.50&#8243; src=&#8220;https:\/\/www.biofungi.hu\/wp-content\/uploads\/2017\/12\/gombamix_160x160.jpg&#8220; show_in_lightbox=&#8220;off&#8220; url_new_window=&#8220;off&#8220; use_overlay=&#8220;off&#8220; sticky=&#8220;on&#8220; align=&#8220;center&#8220; always_center_on_mobile=&#8220;on&#8220; border_style=&#8220;solid&#8220; force_fullwidth=&#8220;off&#8220; \/][\/et_pb_column][\/et_pb_row][et_pb_row admin_label=&#8220;Sor&#8220; background_position=&#8220;top_left&#8220; background_repeat=&#8220;repeat&#8220; background_size=&#8220;initial&#8220;][et_pb_column type=&#8220;4_4&#8243;][et_pb_divider admin_label=&#8220;Elv\u00e1laszt\u00f3&#8220; _builder_version=&#8220;3.0.50&#8243; show_divider=&#8220;on&#8220; divider_style=&#8220;solid&#8220; divider_position=&#8220;top&#8220; hide_on_mobile=&#8220;on&#8220; color=&#8220;#000000&#8243; \/][\/et_pb_column][\/et_pb_row][et_pb_row admin_label=&#8220;Sor&#8220; background_position=&#8220;top_left&#8220; background_repeat=&#8220;repeat&#8220; background_size=&#8220;initial&#8220;][et_pb_column type=&#8220;3_4&#8243;][et_pb_text admin_label=&#8220;Sz\u00f6veg&#8220; _builder_version=&#8220;3.0.50&#8243; background_layout=&#8220;light&#8220; text_orientation=&#8220;left&#8220; border_style=&#8220;solid&#8220;]<\/p>\n<p><strong>Speziale<\/strong><\/p>\n<p>Weitere information:\u00a0<a href=\"https:\/\/www.biofungi.hu\/de\/forschung\/\" target=\"_blank\" rel=\"noopener\">Forschung<\/a>.<\/p>\n<p>[\/et_pb_text][\/et_pb_column][et_pb_column type=&#8220;1_4&#8243;][et_pb_image admin_label=&#8220;K\u00e9p&#8220; _builder_version=&#8220;3.0.50&#8243; src=&#8220;https:\/\/www.biofungi.hu\/wp-content\/uploads\/2017\/12\/kulonleges_termekek_160x160.jpg&#8220; show_in_lightbox=&#8220;off&#8220; url_new_window=&#8220;off&#8220; use_overlay=&#8220;off&#8220; sticky=&#8220;on&#8220; align=&#8220;center&#8220; always_center_on_mobile=&#8220;on&#8220; border_style=&#8220;solid&#8220; force_fullwidth=&#8220;off&#8220; \/][\/et_pb_column][\/et_pb_row][\/et_pb_section]<\/p>\n","protected":false},"excerpt":{"rendered":"<p>Pilz-Produkte Unsere Pilz-Produkte: Weisse Champignons Weisser Champignon ist ein unentbehrliches Rohmaterial der K\u00fcche. Man kann den einfach und vielf\u00e4ltig zubereiten. Champignon ist eine der ganzj\u00e4hrig erreichbaren Vitaminquellen. Braune Champignons Die Produktionsmenge der braunen Champignons ist weniger, als die der weissen. Die Kultivierung dauert l\u00e4nger, aber Geschmack der Cremechampignons ist aromatischer und Geruch intensiver, als bei [&hellip;]<\/p>\n","protected":false},"author":1,"featured_media":0,"parent":0,"menu_order":0,"comment_status":"closed","ping_status":"closed","template":"","meta":{"_et_pb_use_builder":"on","_et_pb_old_content":"","_et_gb_content_width":"","footnotes":""},"class_list":["post-749","page","type-page","status-publish","hentry"],"aioseo_notices":[],"_links":{"self":[{"href":"https:\/\/www.biofungi.hu\/de\/wp-json\/wp\/v2\/pages\/749","targetHints":{"allow":["GET"]}}],"collection":[{"href":"https:\/\/www.biofungi.hu\/de\/wp-json\/wp\/v2\/pages"}],"about":[{"href":"https:\/\/www.biofungi.hu\/de\/wp-json\/wp\/v2\/types\/page"}],"author":[{"embeddable":true,"href":"https:\/\/www.biofungi.hu\/de\/wp-json\/wp\/v2\/users\/1"}],"replies":[{"embeddable":true,"href":"https:\/\/www.biofungi.hu\/de\/wp-json\/wp\/v2\/comments?post=749"}],"version-history":[{"count":0,"href":"https:\/\/www.biofungi.hu\/de\/wp-json\/wp\/v2\/pages\/749\/revisions"}],"wp:attachment":[{"href":"https:\/\/www.biofungi.hu\/de\/wp-json\/wp\/v2\/media?parent=749"}],"curies":[{"name":"wp","href":"https:\/\/api.w.org\/{rel}","templated":true}]}}