{"id":335,"date":"2017-07-19T10:19:15","date_gmt":"2017-07-19T10:19:15","guid":{"rendered":"http:\/\/www.biofungi.hu\/hr\/?page_id=335"},"modified":"2022-09-01T08:54:05","modified_gmt":"2022-09-01T07:54:05","slug":"uzgoj-gljiva","status":"publish","type":"page","link":"https:\/\/www.biofungi.hu\/hr\/o-nasoj-tvrtki\/uzgoj-gljiva\/","title":{"rendered":"Uzgoj gljiva"},"content":{"rendered":"<p><img decoding=\"async\" class=\"aligncenter size-full wp-image-4858\" src=\"https:\/\/www.biofungi.hu\/wp-content\/uploads\/2021\/02\/BF-honlap-csik-gomba-scaled.jpg\" alt=\"gombatermesztes BF\" width=\"2560\" height=\"407\" srcset=\"https:\/\/www.biofungi.hu\/wp-content\/uploads\/2021\/02\/BF-honlap-csik-gomba-scaled.jpg 2560w, https:\/\/www.biofungi.hu\/wp-content\/uploads\/2021\/02\/BF-honlap-csik-gomba-1280x204.jpg 1280w, https:\/\/www.biofungi.hu\/wp-content\/uploads\/2021\/02\/BF-honlap-csik-gomba-980x156.jpg 980w, https:\/\/www.biofungi.hu\/wp-content\/uploads\/2021\/02\/BF-honlap-csik-gomba-480x76.jpg 480w\" sizes=\"(min-width: 0px) and (max-width: 480px) 480px, (min-width: 481px) and (max-width: 980px) 980px, (min-width: 981px) and (max-width: 1280px) 1280px, (min-width: 1281px) 2560px, 100vw\" \/><\/p>\n<p>Kao jedna od vode\u0107ih tvrtki u industriji gljiva u Srednjoj i Isto\u010dnoj Europi, farmi gljiva ra\u010dunalno kontroliranih Nizozemske tipa Bio-Fungi d.o.o. osiguravaju da ostanemo ispred konkurencije u smislu prinosa i kvalitete. Na\u0161 automatizirani sustav odr\u017eava idealne uvjete za rast gljiva 24 sata na dan, \u0161to je neophodno u pru\u017eanju na\u0161ih partnera trajnom opskrbom. Trenutno svoje nacionalne i me\u0111unarodne partnere isporu\u010dujemo sa 115 tona svje\u017ee uzgojene gljive koje su uglavnom maloprodajni lanci. Pored u\u010dinkovitosti, posvetimo i pozornost na \u017eetvu glave gljiva razli\u010ditih veli\u010dina prema potrebama gastronomije i opskrbi trgovina sa svje\u017eim proizvodima.<\/p>\n<p>Osim <strong>tradicionalnih bijelih i sme\u0111ih gumenih gljiva imamo organske gumene gljive, gljive kamenice, shiitake, pleurotus eryngii<\/strong>. U uzgoju ne koristimo kemikalije, gljiva se ne lije\u010di pesticidima.<\/p>\n<p>Tijekom cijele godine isporu\u010dujemo partnere kvalitetnom svje\u017eom gljiva. Mo\u017eemo ponuditi \u0161irok spektar proizvoda od gljiva za na\u0161e kupce. Tako\u0111er uzimamo u obzir pojedina\u010dne zahtjeve, tako da smo u postoje\u0107im proizvodima otvoreni za pru\u017eanje razli\u010ditih opcija u smislu pakiranja i ozna\u010davanja.<\/p>\n<p style=\"text-align: center;\"><strong><a href=\"https:\/\/chefgomba.hu\/en\/our-products\/\" target=\"_blank\" rel=\"noopener\">Kliknite ovdje<\/a><\/strong> da provjerite na\u0161e proizvode od svje\u017eih gljiva!<\/p>\n<p><em><strong>Kako proizvodimo?<\/strong><\/em><br \/>\n<iframe src=\"https:\/\/www.youtube.com\/embed\/7K-sVqi8PPc\" width=\"560\" height=\"315\" frameborder=\"0\" allowfullscreen=\"allowfullscreen\"><\/iframe><\/p>\n","protected":false},"excerpt":{"rendered":"<p>Kao jedna od vode\u0107ih tvrtki u industriji gljiva u Srednjoj i Isto\u010dnoj Europi, farmi gljiva ra\u010dunalno kontroliranih Nizozemske tipa Bio-Fungi d.o.o. osiguravaju da ostanemo ispred konkurencije u smislu prinosa i kvalitete. Na\u0161 automatizirani sustav odr\u017eava idealne uvjete za rast gljiva 24 sata na dan, \u0161to je neophodno u pru\u017eanju na\u0161ih partnera trajnom opskrbom. Trenutno svoje [&hellip;]<\/p>\n","protected":false},"author":1,"featured_media":0,"parent":215,"menu_order":0,"comment_status":"closed","ping_status":"closed","template":"","meta":{"_et_pb_use_builder":"","_et_pb_old_content":"","_et_gb_content_width":"","footnotes":""},"class_list":["post-335","page","type-page","status-publish","hentry"],"aioseo_notices":[],"_links":{"self":[{"href":"https:\/\/www.biofungi.hu\/hr\/wp-json\/wp\/v2\/pages\/335","targetHints":{"allow":["GET"]}}],"collection":[{"href":"https:\/\/www.biofungi.hu\/hr\/wp-json\/wp\/v2\/pages"}],"about":[{"href":"https:\/\/www.biofungi.hu\/hr\/wp-json\/wp\/v2\/types\/page"}],"author":[{"embeddable":true,"href":"https:\/\/www.biofungi.hu\/hr\/wp-json\/wp\/v2\/users\/1"}],"replies":[{"embeddable":true,"href":"https:\/\/www.biofungi.hu\/hr\/wp-json\/wp\/v2\/comments?post=335"}],"version-history":[{"count":0,"href":"https:\/\/www.biofungi.hu\/hr\/wp-json\/wp\/v2\/pages\/335\/revisions"}],"up":[{"embeddable":true,"href":"https:\/\/www.biofungi.hu\/hr\/wp-json\/wp\/v2\/pages\/215"}],"wp:attachment":[{"href":"https:\/\/www.biofungi.hu\/hr\/wp-json\/wp\/v2\/media?parent=335"}],"curies":[{"name":"wp","href":"https:\/\/api.w.org\/{rel}","templated":true}]}}