{"id":402,"date":"2017-07-28T08:06:56","date_gmt":"2017-07-28T08:06:56","guid":{"rendered":"http:\/\/www.biofungi.hu\/hr\/?page_id=402"},"modified":"2021-02-01T13:21:05","modified_gmt":"2021-02-01T12:21:05","slug":"kvaliteta","status":"publish","type":"page","link":"https:\/\/www.biofungi.hu\/hr\/o-nasoj-tvrtki\/kvaliteta\/","title":{"rendered":"Kvaliteta"},"content":{"rendered":"<div class=\"post-content\">\n<p>U <strong>politici kvalitete<\/strong> Bio-Fungi Kft prvenstveni aspekt je sigurnost hrane. U postizanju ovog cilja na\u0161a tvrdka u uzgoju i distribucije gljiva (hla\u0111enje, pakiranje, transport) radi po dva\u00a0 najzna\u010dajnija me\u0111unarodna standarda, koji sadr\u017ee razra\u0111ene zahtjeve vezani za sigurnost hrane.<\/p>\n<p>Uzgoj gljiva radimo po standardu <a href=\"https:\/\/www.biofungi.hu\/wp-content\/uploads\/2019\/10\/GlobalGap-certificate-BioFungi.jpg\"><strong>GLOBALGAP<\/strong><\/a>, dok kod distribucije radimo po <a href=\"https:\/\/www.biofungi.hu\/wp-content\/uploads\/2019\/10\/IFS-certificate-ENG-BioFungi.jpg\"><strong>IFS<\/strong><\/a> (Internetional Featured Standards) standardu.<\/p>\n<p>Uzgoj gljiva vr\u0161imo po po najnovijoj svijetskoj tehnologiji, tokom uzgoja ne koristimo pesticde, s toga proizlazi da na\u0161e gljive ne sadr\u017ee ostatke pesticida. <strong>Na tr\u017ei\u0161te plasiramo savr\u0161eno zdrav prehrambeni proizvod, visoke kvalitete<\/strong>.<\/p>\n<p><img decoding=\"async\" class=\"aligncenter wp-image-4936 size-full\" src=\"https:\/\/www.biofungi.hu\/wp-content\/uploads\/2021\/02\/BF-certifikat-scaled.jpg\" alt=\"\" width=\"2560\" height=\"407\" srcset=\"https:\/\/www.biofungi.hu\/wp-content\/uploads\/2021\/02\/BF-certifikat-scaled.jpg 2560w, https:\/\/www.biofungi.hu\/wp-content\/uploads\/2021\/02\/BF-certifikat-1280x204.jpg 1280w, https:\/\/www.biofungi.hu\/wp-content\/uploads\/2021\/02\/BF-certifikat-980x156.jpg 980w, https:\/\/www.biofungi.hu\/wp-content\/uploads\/2021\/02\/BF-certifikat-480x76.jpg 480w\" sizes=\"(min-width: 0px) and (max-width: 480px) 480px, (min-width: 481px) and (max-width: 980px) 980px, (min-width: 981px) and (max-width: 1280px) 1280px, (min-width: 1281px) 2560px, 100vw\" \/><\/p>\n<\/div>\n","protected":false},"excerpt":{"rendered":"<p>U politici kvalitete Bio-Fungi Kft prvenstveni aspekt je sigurnost hrane. U postizanju ovog cilja na\u0161a tvrdka u uzgoju i distribucije gljiva (hla\u0111enje, pakiranje, transport) radi po dva\u00a0 najzna\u010dajnija me\u0111unarodna standarda, koji sadr\u017ee razra\u0111ene zahtjeve vezani za sigurnost hrane. Uzgoj gljiva radimo po standardu GLOBALGAP, dok kod distribucije radimo po IFS (Internetional Featured Standards) standardu. Uzgoj [&hellip;]<\/p>\n","protected":false},"author":1,"featured_media":0,"parent":215,"menu_order":0,"comment_status":"closed","ping_status":"closed","template":"","meta":{"_et_pb_use_builder":"","_et_pb_old_content":"","_et_gb_content_width":"","footnotes":""},"class_list":["post-402","page","type-page","status-publish","hentry"],"aioseo_notices":[],"_links":{"self":[{"href":"https:\/\/www.biofungi.hu\/hr\/wp-json\/wp\/v2\/pages\/402","targetHints":{"allow":["GET"]}}],"collection":[{"href":"https:\/\/www.biofungi.hu\/hr\/wp-json\/wp\/v2\/pages"}],"about":[{"href":"https:\/\/www.biofungi.hu\/hr\/wp-json\/wp\/v2\/types\/page"}],"author":[{"embeddable":true,"href":"https:\/\/www.biofungi.hu\/hr\/wp-json\/wp\/v2\/users\/1"}],"replies":[{"embeddable":true,"href":"https:\/\/www.biofungi.hu\/hr\/wp-json\/wp\/v2\/comments?post=402"}],"version-history":[{"count":0,"href":"https:\/\/www.biofungi.hu\/hr\/wp-json\/wp\/v2\/pages\/402\/revisions"}],"up":[{"embeddable":true,"href":"https:\/\/www.biofungi.hu\/hr\/wp-json\/wp\/v2\/pages\/215"}],"wp:attachment":[{"href":"https:\/\/www.biofungi.hu\/hr\/wp-json\/wp\/v2\/media?parent=402"}],"curies":[{"name":"wp","href":"https:\/\/api.w.org\/{rel}","templated":true}]}}