{"id":5454,"date":"2021-06-01T11:20:39","date_gmt":"2021-06-01T10:20:39","guid":{"rendered":"https:\/\/www.biofungi.hu\/?page_id=5454"},"modified":"2021-06-01T11:20:39","modified_gmt":"2021-06-01T10:20:39","slug":"posao","status":"publish","type":"page","link":"https:\/\/www.biofungi.hu\/hr\/posao\/","title":{"rendered":"Posao"},"content":{"rendered":"<p><strong><img decoding=\"async\" class=\"alignright size-medium wp-image-3655\" src=\"https:\/\/www.biofungi.hu\/wp-content\/uploads\/2019\/11\/low-angle-view-businesspeople-stacking-hand-together-workplace_23-2148187232-300x219.jpg\" alt=\"BioFungi team work best workplace\" width=\"300\" height=\"219\" \/>Bio-Fungi kao poslodavac<\/strong><\/p>\n<p>\u010cinjenica da smo vode\u0107a tvrtka za uzgoj i kompostiranje gljiva u Ma\u0111arskoj i regiji zna\u010di sigurnost, pouzdanost i predvidljivost za na\u0161e zaposlenike.<\/p>\n<p>Ponosni smo \u0161to svojim zaposlenicima mo\u017eemo pru\u017eiti dugoro\u010dne mogu\u0107nosti zaposlenja, jer nekoliko \u010dlanova na\u0161eg tima radi za nas 10-15-20 godina, zajedno \u017eive\u0107i i grade\u0107i razvoj na\u0161e tvrtke.<\/p>\n<p>Uz razvoj i rast na\u0161e tvrtke, smatramo da je izuzetno va\u017eno pru\u017eiti mogu\u0107nosti individualnog razvoja i na\u0161im zaposlenicima. Akcenat stavljamo na to da na\u0161i zaposlenici budu upoznati s najnovijim dostignu\u0107ima u svom podru\u010dju rada, najnovijim istra\u017eivanjima, trendovima i najnovijim znanjima. Zbog toga podr\u017eavamo njihovo sudjelovanje na doma\u0107im i stranim izlo\u017ebama, doga\u0111anjima, studijskim putovanjima i daljnjim treninzima.<\/p>\n<p>Uz to, podr\u017eavamo postizanje njihovih ciljeva u karijeri, jer je nekoliko na\u0161ih zaposlenika preraslo u vo\u0111e, ali tako\u0111er mo\u017eemo pru\u017eiti mogu\u0107nosti da se oku\u0161aju u drugim podru\u010djima unutar tvrtke.<\/p>\n<p>Bio-gljive imaju mjesto i za mlade ljude i za iskusne profesionalce. \u010cak i tijekom studija, mladi mogu ra\u010dunati na to da \u0107emo pru\u017eiti profesionalnu praksu i mogu\u0107nosti dualnog usavr\u0161avanja.<\/p>\n<p>Tako\u0111er pazimo na svoju okolinu, a <strong><a href=\"https:\/\/www.biofungi.hu\/hr\/o-nasoj-tvrtki\/odrzivo-poslovanje-i-odrzivi-razvoj-zajednice\/\" target=\"_blank\" rel=\"noopener\">dru\u0161tvena odgovornost<\/a><\/strong> igra klju\u010dnu ulogu u na\u0161im aktivnostima. Tako\u0111er podr\u017eavamo sportska doga\u0111anja i doga\u0111aje zdravog na\u010dina \u017eivota, kulturna doga\u0111anja u okolici i dobrotvorni rad.<\/p>\n<p style=\"text-align: center;\"><strong>Ako tra\u017eite pouzdanog partnera i posao, mo\u017eete ga prona\u0107i na Bio-Fungi!<\/strong><\/p>\n","protected":false},"excerpt":{"rendered":"<p>Bio-Fungi kao poslodavac \u010cinjenica da smo vode\u0107a tvrtka za uzgoj i kompostiranje gljiva u Ma\u0111arskoj i regiji zna\u010di sigurnost, pouzdanost i predvidljivost za na\u0161e zaposlenike. Ponosni smo \u0161to svojim zaposlenicima mo\u017eemo pru\u017eiti dugoro\u010dne mogu\u0107nosti zaposlenja, jer nekoliko \u010dlanova na\u0161eg tima radi za nas 10-15-20 godina, zajedno \u017eive\u0107i i grade\u0107i razvoj na\u0161e tvrtke. Uz razvoj i [&hellip;]<\/p>\n","protected":false},"author":2,"featured_media":0,"parent":0,"menu_order":0,"comment_status":"closed","ping_status":"closed","template":"","meta":{"_et_pb_use_builder":"","_et_pb_old_content":"","_et_gb_content_width":"","footnotes":""},"class_list":["post-5454","page","type-page","status-publish","hentry"],"aioseo_notices":[],"_links":{"self":[{"href":"https:\/\/www.biofungi.hu\/hr\/wp-json\/wp\/v2\/pages\/5454","targetHints":{"allow":["GET"]}}],"collection":[{"href":"https:\/\/www.biofungi.hu\/hr\/wp-json\/wp\/v2\/pages"}],"about":[{"href":"https:\/\/www.biofungi.hu\/hr\/wp-json\/wp\/v2\/types\/page"}],"author":[{"embeddable":true,"href":"https:\/\/www.biofungi.hu\/hr\/wp-json\/wp\/v2\/users\/2"}],"replies":[{"embeddable":true,"href":"https:\/\/www.biofungi.hu\/hr\/wp-json\/wp\/v2\/comments?post=5454"}],"version-history":[{"count":0,"href":"https:\/\/www.biofungi.hu\/hr\/wp-json\/wp\/v2\/pages\/5454\/revisions"}],"wp:attachment":[{"href":"https:\/\/www.biofungi.hu\/hr\/wp-json\/wp\/v2\/media?parent=5454"}],"curies":[{"name":"wp","href":"https:\/\/api.w.org\/{rel}","templated":true}]}}