{"id":595,"date":"2017-08-14T09:57:33","date_gmt":"2017-08-14T09:57:33","guid":{"rendered":"http:\/\/www.biofungi.hu\/hr\/?page_id=595"},"modified":"2021-02-01T14:05:25","modified_gmt":"2021-02-01T13:05:25","slug":"kompost-za-gljive","status":"publish","type":"page","link":"https:\/\/www.biofungi.hu\/hr\/proizvodi\/kompost-za-gljive\/","title":{"rendered":"Kompost za gljive"},"content":{"rendered":"<p><img decoding=\"async\" class=\"aligncenter wp-image-4954 size-full\" src=\"https:\/\/www.biofungi.hu\/wp-content\/uploads\/2021\/02\/BF-honlap-komposzt-csiperke-scaled.jpg\" alt=\"BF honlap komposzt csiperke\" width=\"2560\" height=\"407\" srcset=\"https:\/\/www.biofungi.hu\/wp-content\/uploads\/2021\/02\/BF-honlap-komposzt-csiperke-scaled.jpg 2560w, https:\/\/www.biofungi.hu\/wp-content\/uploads\/2021\/02\/BF-honlap-komposzt-csiperke-1280x204.jpg 1280w, https:\/\/www.biofungi.hu\/wp-content\/uploads\/2021\/02\/BF-honlap-komposzt-csiperke-980x156.jpg 980w, https:\/\/www.biofungi.hu\/wp-content\/uploads\/2021\/02\/BF-honlap-komposzt-csiperke-480x76.jpg 480w\" sizes=\"(min-width: 0px) and (max-width: 480px) 480px, (min-width: 481px) and (max-width: 980px) 980px, (min-width: 981px) and (max-width: 1280px) 1280px, (min-width: 1281px) 2560px, 100vw\" \/><\/p>\n<p>Na\u0161 glavni proizvod je <strong>kompost za gljive (\u0161ampinjone)<\/strong>, koje kontuniurano razvijamo pomu\u0107u vlastitog stru\u010dnog tima. Na\u0161i proizvodi su proizvedeni pod strogom nadgledanjem kontrole kvalitete, koriste\u0107i najnovije tehnologije u cilju postizanja najvi\u0161eg zadovoljstava kod na\u0161ih kupaca. <strong>Kompost 3. faze (inkubirani) nudimo u briketima, vre\u0107ama i u rinfuzi.<\/strong><\/p>\n<p>Zasijavanje komposta za gljive se vr\u0161i isklju\u010divo sa sojevima pouzdanih svijetskih tvrdki. Biolo\u0161ka osnova, genetsiki stabilni sojevi, odr\u017eavane i kontrolirane sa modernim biotehnolo\u0161kim metodama su tako\u0111er jaka karika u lancu na\u0161eg sustava osiguravanja kvalitete.<\/p>\n<p>Sve radne faze u tehnologiji, sirovine i gotovi proizvodi se kontroli\u0161u u na\u0161em kemijsko-analiti\u010dkoj laboratoriji sa rutinskim metodama mjerenja. Prije nabavke vr\u0161imo kontrolu\u00a0 karakteristika sirovina koji imaju utjecaj na tehnologiju, kao i monitoring za ostatke sredstava za za\u0161titu bilja. Od 2005 godine koristimo softverski sustav za pra\u0107enje kvalitete.<\/p>\n<p style=\"text-align: center;\"><a href=\"https:\/\/www.biofungi.hu\/hr\/o-nasoj-tvrtki\/konsultantskih\/\"><strong>Za vi\u0161e informacija kontaktirajte na\u0161e savjetnike!<\/strong><\/a><\/p>\n","protected":false},"excerpt":{"rendered":"<p>Na\u0161 glavni proizvod je kompost za gljive (\u0161ampinjone), koje kontuniurano razvijamo pomu\u0107u vlastitog stru\u010dnog tima. Na\u0161i proizvodi su proizvedeni pod strogom nadgledanjem kontrole kvalitete, koriste\u0107i najnovije tehnologije u cilju postizanja najvi\u0161eg zadovoljstava kod na\u0161ih kupaca. Kompost 3. faze (inkubirani) nudimo u briketima, vre\u0107ama i u rinfuzi. Zasijavanje komposta za gljive se vr\u0161i isklju\u010divo sa sojevima [&hellip;]<\/p>\n","protected":false},"author":1,"featured_media":0,"parent":243,"menu_order":0,"comment_status":"closed","ping_status":"closed","template":"","meta":{"_et_pb_use_builder":"","_et_pb_old_content":"","_et_gb_content_width":"","footnotes":""},"class_list":["post-595","page","type-page","status-publish","hentry"],"aioseo_notices":[],"_links":{"self":[{"href":"https:\/\/www.biofungi.hu\/hr\/wp-json\/wp\/v2\/pages\/595","targetHints":{"allow":["GET"]}}],"collection":[{"href":"https:\/\/www.biofungi.hu\/hr\/wp-json\/wp\/v2\/pages"}],"about":[{"href":"https:\/\/www.biofungi.hu\/hr\/wp-json\/wp\/v2\/types\/page"}],"author":[{"embeddable":true,"href":"https:\/\/www.biofungi.hu\/hr\/wp-json\/wp\/v2\/users\/1"}],"replies":[{"embeddable":true,"href":"https:\/\/www.biofungi.hu\/hr\/wp-json\/wp\/v2\/comments?post=595"}],"version-history":[{"count":0,"href":"https:\/\/www.biofungi.hu\/hr\/wp-json\/wp\/v2\/pages\/595\/revisions"}],"up":[{"embeddable":true,"href":"https:\/\/www.biofungi.hu\/hr\/wp-json\/wp\/v2\/pages\/243"}],"wp:attachment":[{"href":"https:\/\/www.biofungi.hu\/hr\/wp-json\/wp\/v2\/media?parent=595"}],"curies":[{"name":"wp","href":"https:\/\/api.w.org\/{rel}","templated":true}]}}