{"id":661,"date":"2017-12-11T12:06:25","date_gmt":"2017-12-11T12:06:25","guid":{"rendered":"http:\/\/www.biofungi.hu\/hr\/?page_id=661"},"modified":"2021-06-14T12:10:41","modified_gmt":"2021-06-14T11:10:41","slug":"eko-bio-kompost","status":"publish","type":"page","link":"https:\/\/www.biofungi.hu\/hr\/proizvodi\/eko-bio-kompost\/","title":{"rendered":"Ekoi (Bio) kompost za \u0161ampinjone"},"content":{"rendered":"<p><img decoding=\"async\" class=\"alignnone size-full wp-image-4973\" src=\"https:\/\/www.biofungi.hu\/wp-content\/uploads\/2021\/02\/BF-honlap-komposzt-csiperke-bio-scaled.jpg\" alt=\"BF honlap komposzt csiperke bio\" width=\"2560\" height=\"407\" srcset=\"https:\/\/www.biofungi.hu\/wp-content\/uploads\/2021\/02\/BF-honlap-komposzt-csiperke-bio-scaled.jpg 2560w, https:\/\/www.biofungi.hu\/wp-content\/uploads\/2021\/02\/BF-honlap-komposzt-csiperke-bio-1280x204.jpg 1280w, https:\/\/www.biofungi.hu\/wp-content\/uploads\/2021\/02\/BF-honlap-komposzt-csiperke-bio-980x156.jpg 980w, https:\/\/www.biofungi.hu\/wp-content\/uploads\/2021\/02\/BF-honlap-komposzt-csiperke-bio-480x76.jpg 480w\" sizes=\"(min-width: 0px) and (max-width: 480px) 480px, (min-width: 481px) and (max-width: 980px) 980px, (min-width: 981px) and (max-width: 1280px) 1280px, (min-width: 1281px) 2560px, 100vw\" \/><\/p>\n<p>Bio-Fungi Kft je prva tvdka u ma\u0111arskoj koja ima u ponudi kompost za \u0161ampinjone sa ekolo\u0161kim (Bio) certifikatom. Kontrolu i verifikaciju proizvodnje Eko (Bio) komposta vr\u0161i <a href=\"https:\/\/www.bio-garancia.hu\/en\/home\"><strong>Bio Garancia<\/strong><\/a>.\u00a0Proizvodnja eko (Bio) komposta se vr\u0161i po strogim, jasno definisanim standardima koji se jednako odnose na podrijeklo sirovina, na proizvodne procese, kao i na pakiranje, skladi\u0161tenje i trasport.<\/p>\n<p>Sirovine nabavljamo od doma\u0107ih ekoloskih proizvo\u0111a\u010da, tako \u2013 budu\u0107i da je Ma\u0111arska jedna od rijetkih dr\u017eavau Evropi koja ne dozviljava uzgoj GM usjeva u poljoprivredi \u2013 na\u0161 orgaski kompost ima rejting GMO -free proizvoda.<\/p>\n<p><img decoding=\"async\" class=\"alignright wp-image-2781\" src=\"https:\/\/www.biofungi.hu\/wp-content\/uploads\/2019\/08\/Biologo-lev\u00e9l-300x200.jpg\" alt=\"\" width=\"120\" height=\"80\" srcset=\"https:\/\/www.biofungi.hu\/wp-content\/uploads\/2019\/08\/Biologo-lev\u00e9l-300x200.jpg 300w, https:\/\/www.biofungi.hu\/wp-content\/uploads\/2019\/08\/Biologo-lev\u00e9l-768x512.jpg 768w, https:\/\/www.biofungi.hu\/wp-content\/uploads\/2019\/08\/Biologo-lev\u00e9l-1024x683.jpg 1024w, https:\/\/www.biofungi.hu\/wp-content\/uploads\/2019\/08\/Biologo-lev\u00e9l-1080x720.jpg 1080w, https:\/\/www.biofungi.hu\/wp-content\/uploads\/2019\/08\/Biologo-lev\u00e9l-1320x880.jpg 1320w\" sizes=\"(max-width: 120px) 100vw, 120px\" \/>Kod proizvodnje <strong>ekolo\u0161kog (Bio) komposta<\/strong> moraju biti ovjereni i trebaju zadovoljavati sljede\u0107e kriterijume:<\/p>\n<ul>\n<li>mogu se koristiti samo sirovine iz provijerenih ekolo\u0161kih izvora, sa potrebnim cerifikatima<\/li>\n<li>zabranjena upotreba pesticida<\/li>\n<li>koristi se redovno kontrolirana voda odgovaraju\u0107e kvalitete<\/li>\n<li>upotreba odgovaraju\u0107ih materijala za pakiranje<\/li>\n<li>posebni standardi za higijenu i odr\u017eavanje<\/li>\n<li>pravilno skladi\u0161tenje i transport<\/li>\n<li>stroga sledivosti<\/li>\n<li>edukacija dobre proizvo\u0111a\u010dke prakse<\/li>\n<\/ul>\n<p style=\"text-align: center;\"><em><a href=\"https:\/\/www.biofungi.hu\/hr\/o-nasoj-tvrtki\/konsultantskih\/\"><strong>Za vi\u0161e informacija kontaktirajte na\u0161e savjetnike!<\/strong><\/a><\/em><\/p>\n","protected":false},"excerpt":{"rendered":"<p>Bio-Fungi Kft je prva tvdka u ma\u0111arskoj koja ima u ponudi kompost za \u0161ampinjone sa ekolo\u0161kim (Bio) certifikatom. Kontrolu i verifikaciju proizvodnje Eko (Bio) komposta vr\u0161i Bio Garancia.\u00a0Proizvodnja eko (Bio) komposta se vr\u0161i po strogim, jasno definisanim standardima koji se jednako odnose na podrijeklo sirovina, na proizvodne procese, kao i na pakiranje, skladi\u0161tenje i trasport. [&hellip;]<\/p>\n","protected":false},"author":1,"featured_media":0,"parent":243,"menu_order":0,"comment_status":"closed","ping_status":"closed","template":"","meta":{"_et_pb_use_builder":"","_et_pb_old_content":"","_et_gb_content_width":"","footnotes":""},"class_list":["post-661","page","type-page","status-publish","hentry"],"aioseo_notices":[],"_links":{"self":[{"href":"https:\/\/www.biofungi.hu\/hr\/wp-json\/wp\/v2\/pages\/661","targetHints":{"allow":["GET"]}}],"collection":[{"href":"https:\/\/www.biofungi.hu\/hr\/wp-json\/wp\/v2\/pages"}],"about":[{"href":"https:\/\/www.biofungi.hu\/hr\/wp-json\/wp\/v2\/types\/page"}],"author":[{"embeddable":true,"href":"https:\/\/www.biofungi.hu\/hr\/wp-json\/wp\/v2\/users\/1"}],"replies":[{"embeddable":true,"href":"https:\/\/www.biofungi.hu\/hr\/wp-json\/wp\/v2\/comments?post=661"}],"version-history":[{"count":0,"href":"https:\/\/www.biofungi.hu\/hr\/wp-json\/wp\/v2\/pages\/661\/revisions"}],"up":[{"embeddable":true,"href":"https:\/\/www.biofungi.hu\/hr\/wp-json\/wp\/v2\/pages\/243"}],"wp:attachment":[{"href":"https:\/\/www.biofungi.hu\/hr\/wp-json\/wp\/v2\/media?parent=661"}],"curies":[{"name":"wp","href":"https:\/\/api.w.org\/{rel}","templated":true}]}}