{"id":682,"date":"2017-12-11T12:27:40","date_gmt":"2017-12-11T12:27:40","guid":{"rendered":"http:\/\/www.biofungi.hu\/hr\/?page_id=682"},"modified":"2021-02-01T14:24:15","modified_gmt":"2021-02-01T13:24:15","slug":"supstrat-za-bukovacu","status":"publish","type":"page","link":"https:\/\/www.biofungi.hu\/hr\/proizvodi\/supstrat-za-bukovacu\/","title":{"rendered":"Supstrat za bukova\u010du"},"content":{"rendered":"<p><img decoding=\"async\" class=\"aligncenter size-full wp-image-4991\" src=\"https:\/\/www.biofungi.hu\/wp-content\/uploads\/2021\/02\/BF-honlap-komposzt-laska-scaled.jpg\" alt=\"BF honlap komposzt laska\" width=\"2560\" height=\"407\" srcset=\"https:\/\/www.biofungi.hu\/wp-content\/uploads\/2021\/02\/BF-honlap-komposzt-laska-scaled.jpg 2560w, https:\/\/www.biofungi.hu\/wp-content\/uploads\/2021\/02\/BF-honlap-komposzt-laska-1280x204.jpg 1280w, https:\/\/www.biofungi.hu\/wp-content\/uploads\/2021\/02\/BF-honlap-komposzt-laska-980x156.jpg 980w, https:\/\/www.biofungi.hu\/wp-content\/uploads\/2021\/02\/BF-honlap-komposzt-laska-480x76.jpg 480w\" sizes=\"(min-width: 0px) and (max-width: 480px) 480px, (min-width: 481px) and (max-width: 980px) 980px, (min-width: 981px) and (max-width: 1280px) 1280px, (min-width: 1281px) 2560px, 100vw\" \/><\/p>\n<p>U zadnjih nekoliko godina porasla je potra\u017enja za bukova\u010dom u majoprodaji. Na\u0161a tvrdka je dobijala sve vi\u0161e zahtjeva od iskusnih uzgajiva\u010da gljiva, kao i od po\u010detnika da bi \u017eeljeli pro\u0161iriti svoju proizvodnju i na svje\u017eu bukova\u010du.<\/p>\n<p>Kao odgovor na pove\u0107anju potra\u017enju, na\u0161a tvrdka je zapo\u010dela proizvodnju supstrata za bukova\u010du u rujnu 2014 godine. Za proizvodnju briketa bukova\u010de koristimo doma\u0107e sirovine visoke kvalitete i najpouzdanije sojeve, kako bi omogu\u0107ili uspje\u0161an uzgoj na\u0161im potencialnim kupcima. Na\u0161a tvrdka, korise\u0107i svoje dugogodi\u0161nje iskustvo u prizvodnji komposta, plasira na tr\u017ei\u0161te konkurentan i pouzdan supstrat za bukova\u010du.<\/p>\n<p style=\"text-align: center;\"><a href=\"https:\/\/www.biofungi.hu\/hr\/o-nasoj-tvrtki\/konsultantskih\/\"><strong>Za vi\u0161e informacija kontaktirajte na\u0161e savjetnike!<\/strong><\/a><\/p>\n","protected":false},"excerpt":{"rendered":"<p>U zadnjih nekoliko godina porasla je potra\u017enja za bukova\u010dom u majoprodaji. Na\u0161a tvrdka je dobijala sve vi\u0161e zahtjeva od iskusnih uzgajiva\u010da gljiva, kao i od po\u010detnika da bi \u017eeljeli pro\u0161iriti svoju proizvodnju i na svje\u017eu bukova\u010du. Kao odgovor na pove\u0107anju potra\u017enju, na\u0161a tvrdka je zapo\u010dela proizvodnju supstrata za bukova\u010du u rujnu 2014 godine. Za proizvodnju [&hellip;]<\/p>\n","protected":false},"author":1,"featured_media":0,"parent":243,"menu_order":0,"comment_status":"closed","ping_status":"closed","template":"","meta":{"_et_pb_use_builder":"","_et_pb_old_content":"","_et_gb_content_width":"","footnotes":""},"class_list":["post-682","page","type-page","status-publish","hentry"],"aioseo_notices":[],"_links":{"self":[{"href":"https:\/\/www.biofungi.hu\/hr\/wp-json\/wp\/v2\/pages\/682","targetHints":{"allow":["GET"]}}],"collection":[{"href":"https:\/\/www.biofungi.hu\/hr\/wp-json\/wp\/v2\/pages"}],"about":[{"href":"https:\/\/www.biofungi.hu\/hr\/wp-json\/wp\/v2\/types\/page"}],"author":[{"embeddable":true,"href":"https:\/\/www.biofungi.hu\/hr\/wp-json\/wp\/v2\/users\/1"}],"replies":[{"embeddable":true,"href":"https:\/\/www.biofungi.hu\/hr\/wp-json\/wp\/v2\/comments?post=682"}],"version-history":[{"count":0,"href":"https:\/\/www.biofungi.hu\/hr\/wp-json\/wp\/v2\/pages\/682\/revisions"}],"up":[{"embeddable":true,"href":"https:\/\/www.biofungi.hu\/hr\/wp-json\/wp\/v2\/pages\/243"}],"wp:attachment":[{"href":"https:\/\/www.biofungi.hu\/hr\/wp-json\/wp\/v2\/media?parent=682"}],"curies":[{"name":"wp","href":"https:\/\/api.w.org\/{rel}","templated":true}]}}