{"id":3817,"date":"2019-12-19T07:54:52","date_gmt":"2019-12-19T07:54:52","guid":{"rendered":"http:\/\/www.biofungi.hu\/?page_id=3817"},"modified":"2022-07-18T13:45:21","modified_gmt":"2022-07-18T12:45:21","slug":"responsabilita-sociale-delle-imprese","status":"publish","type":"page","link":"https:\/\/www.biofungi.hu\/it\/chi-siamo\/responsabilita-sociale-delle-imprese\/","title":{"rendered":"Responsabilit\u00e0 sociale delle imprese"},"content":{"rendered":"<p><strong>Impresa sostenibile, comunit\u00e0 sostenibile e crescita<\/strong><\/p>\n<p>Nel nostro mondo in rapida evoluzione, qualsiasi azienda di successo deve rimanere consapevole delle esigenze sia della comunit\u00e0 che del pianeta. Bio-Fungi Ltd. pone pertanto particolare enfasi sulla responsabilit\u00e0 sociale, concentrandosi su cinque pilastri.<\/p>\n<p><strong>1. GoPink<\/strong><\/p>\n<p><a href=\"www.gopink.hu\" target=\"_blank\" rel=\"noopener\"><img decoding=\"async\" class=\"aligncenter wp-image-4868\" src=\"https:\/\/www.biofungi.hu\/wp-content\/uploads\/2021\/02\/TV-szpot-alap-slider.jpg\" alt=\"\" width=\"437\" height=\"146\" \/><\/a><\/p>\n<p>La consapevolezza della salute e la promozione di una vita sana sono a cuore a Bio-Fungi Ltd., quindi consideriamo estremamente importante sponsorizzare campagne volte a prevenire malattie come il cancro al seno.<\/p>\n<p>Lanciato nel 2012, il nostro GoPink! La campagna sottolinea l&#8217;importanza dello screening e del sostegno alle attivit\u00e0 antitumorali. Se combinati con una dieta sana e uno stile di vita attivo, i funghi possono aiutare a ridurre i livelli elevati di estrogeni, un fattore di rischio che contribuisce alla comparsa della malattia. Questo \u00e8 l&#8217;unico motivo per cui la nostra azienda si sente coinvolta nella lotta. Ogni ottobre, come parte della campagna, consegniamo i nostri prodotti a base di funghi in vassoi rosa ai nostri supermercati partner perch\u00e9 \u00e8 il colore ufficiale nella lotta contro il cancro al seno. Sosteniamo la lotta contro la morte con un certo importo dei ricavi delle vendite di questi prodotti appositamente confezionati.<\/p>\n<p><strong>2. Funghi nella Scoula<\/strong><\/p>\n<p><a href=\"www.iskolagomba.hu\" target=\"_blank\" rel=\"noopener\"><img decoding=\"async\" class=\"aligncenter size-full wp-image-4877\" src=\"https:\/\/www.biofungi.hu\/wp-content\/uploads\/2021\/02\/iskolagomba-csik-2-scaled.jpg\" alt=\"iskolagomba\" width=\"2560\" height=\"437\" srcset=\"https:\/\/www.biofungi.hu\/wp-content\/uploads\/2021\/02\/iskolagomba-csik-2-scaled.jpg 2560w, https:\/\/www.biofungi.hu\/wp-content\/uploads\/2021\/02\/iskolagomba-csik-2-1280x219.jpg 1280w, https:\/\/www.biofungi.hu\/wp-content\/uploads\/2021\/02\/iskolagomba-csik-2-980x167.jpg 980w, https:\/\/www.biofungi.hu\/wp-content\/uploads\/2021\/02\/iskolagomba-csik-2-480x82.jpg 480w\" sizes=\"(min-width: 0px) and (max-width: 480px) 480px, (min-width: 481px) and (max-width: 980px) 980px, (min-width: 981px) and (max-width: 1280px) 1280px, (min-width: 1281px) 2560px, 100vw\" \/><\/a><\/p>\n<p>In modo univoco, siamo stati i primi nel paese a lanciare il nostro programma chiamato Funghi nella Scuola nella primavera del 2016, che mira a far conoscere agli studenti il \u200b\u200bmondo dei funghi in teoria e pratica e a capire quanto sia speciale il fungo e un cibo davvero delizioso.<\/p>\n<p><strong>3. Dieta sana<\/strong><\/p>\n<p><img decoding=\"async\" class=\"aligncenter size-full wp-image-4886\" src=\"https:\/\/www.biofungi.hu\/wp-content\/uploads\/2021\/02\/BF-honlap-rendezvenyek-scaled.jpg\" alt=\"BF honlap rendezvenyek\" width=\"2560\" height=\"407\" srcset=\"https:\/\/www.biofungi.hu\/wp-content\/uploads\/2021\/02\/BF-honlap-rendezvenyek-scaled.jpg 2560w, https:\/\/www.biofungi.hu\/wp-content\/uploads\/2021\/02\/BF-honlap-rendezvenyek-1280x204.jpg 1280w, https:\/\/www.biofungi.hu\/wp-content\/uploads\/2021\/02\/BF-honlap-rendezvenyek-980x156.jpg 980w, https:\/\/www.biofungi.hu\/wp-content\/uploads\/2021\/02\/BF-honlap-rendezvenyek-480x76.jpg 480w\" sizes=\"(min-width: 0px) and (max-width: 480px) 480px, (min-width: 481px) and (max-width: 980px) 980px, (min-width: 981px) and (max-width: 1280px) 1280px, (min-width: 1281px) 2560px, 100vw\" \/><\/p>\n<p>Nella regione in cui abbiamo sede (\u00c1porka, \u00d3csa), contribuiamo alla salute delle comunit\u00e0 locali offrendo funghi freschi a istituzioni pubbliche, eventi, scuole, asili, competizioni e altri eventi sportivi.<\/p>\n<p><strong>4. Carit\u00e0<\/strong><\/p>\n<p><img decoding=\"async\" class=\"aligncenter size-full wp-image-4895\" src=\"https:\/\/www.biofungi.hu\/wp-content\/uploads\/2021\/02\/BF-honlap-CSR-scaled.jpg\" alt=\"BF honlap CSR\" width=\"2560\" height=\"407\" srcset=\"https:\/\/www.biofungi.hu\/wp-content\/uploads\/2021\/02\/BF-honlap-CSR-scaled.jpg 2560w, https:\/\/www.biofungi.hu\/wp-content\/uploads\/2021\/02\/BF-honlap-CSR-1280x204.jpg 1280w, https:\/\/www.biofungi.hu\/wp-content\/uploads\/2021\/02\/BF-honlap-CSR-980x156.jpg 980w, https:\/\/www.biofungi.hu\/wp-content\/uploads\/2021\/02\/BF-honlap-CSR-480x76.jpg 480w\" sizes=\"(min-width: 0px) and (max-width: 480px) 480px, (min-width: 481px) and (max-width: 980px) 980px, (min-width: 981px) and (max-width: 1280px) 1280px, (min-width: 1281px) 2560px, 100vw\" \/><\/p>\n<p>La nostra azienda sostiene il lavoro degli enti di beneficenza ungheresi, della Hungarian Food Bank Association e di altre iniziative socialmente vantaggiose.<\/p>\n<p><strong>5. Sostenibilit\u00e0<\/strong><\/p>\n<p><img decoding=\"async\" class=\"aligncenter size-full wp-image-6659\" src=\"https:\/\/www.biofungi.hu\/wp-content\/uploads\/2022\/07\/fenntarthatosag.jpg\" alt=\"fenntarthatosag\" width=\"2480\" height=\"351\" srcset=\"https:\/\/www.biofungi.hu\/wp-content\/uploads\/2022\/07\/fenntarthatosag.jpg 2480w, https:\/\/www.biofungi.hu\/wp-content\/uploads\/2022\/07\/fenntarthatosag-1280x181.jpg 1280w, https:\/\/www.biofungi.hu\/wp-content\/uploads\/2022\/07\/fenntarthatosag-980x139.jpg 980w, https:\/\/www.biofungi.hu\/wp-content\/uploads\/2022\/07\/fenntarthatosag-480x68.jpg 480w\" sizes=\"(min-width: 0px) and (max-width: 480px) 480px, (min-width: 481px) and (max-width: 980px) 980px, (min-width: 981px) and (max-width: 1280px) 1280px, (min-width: 1281px) 2480px, 100vw\" \/><\/p>\n<p>La coltivazione dei funghi \u00e8 molto vantaggiosa in termini di sostenibilit\u00e0, infatti pu\u00f2 essere considerata anche un moderno riciclo, poich\u00e9 utilizza sottoprodotti agricoli di altri settori dell&#8217;agricoltura (paglia, letame di pollo e cavallo) per produrre compost di funghi. Ci\u00f2 rende la coltivazione dei funghi sostenibile e l&#8217;industria dei funghi un partner perfetto per altri settori agricoli.<\/p>\n<p>I funghi coltivati \u200b\u200bhanno un&#8217;impronta ecologica molto bassa. Sono necessari solo 7 litri di acqua e 1 kW di energia per produrre un chilogrammo di funghi, che corrisponde a 0,3 kg di emissioni di anidride carbonica. Nelle moderne case di coltivazione dei funghi controllate da computer, viene implementata l&#8217;irrigazione a goccia, ovvero l&#8217;acqua necessaria per la crescita dei funghi viene utilizzata completamente. Non utilizziamo pesticidi nella coltivazione dei funghi e disinfettiamo le case di coltivazione con il vapore, quindi l&#8217;impatto ambientale \u00e8 ancora pi\u00f9 basso. Inoltre, un sistema solare supporta la nostra fornitura di energia in entrambe le nostre sedi.\u00a0Un altro vantaggio della coltivazione dei funghi \u00e8 che il compost raccolto pu\u00f2 essere utilizzato per il miglioramento del suolo (es. produzione di terriccio), producendo cos\u00ec ancora meno rifiuti.<\/p>\n","protected":false},"excerpt":{"rendered":"<p>Impresa sostenibile, comunit\u00e0 sostenibile e crescita Nel nostro mondo in rapida evoluzione, qualsiasi azienda di successo deve rimanere consapevole delle esigenze sia della comunit\u00e0 che del pianeta. Bio-Fungi Ltd. pone pertanto particolare enfasi sulla responsabilit\u00e0 sociale, concentrandosi su cinque pilastri. 1. GoPink La consapevolezza della salute e la promozione di una vita sana sono a [&hellip;]<\/p>\n","protected":false},"author":2,"featured_media":0,"parent":3549,"menu_order":0,"comment_status":"closed","ping_status":"closed","template":"","meta":{"_et_pb_use_builder":"","_et_pb_old_content":"","_et_gb_content_width":"","footnotes":""},"class_list":["post-3817","page","type-page","status-publish","hentry"],"aioseo_notices":[],"_links":{"self":[{"href":"https:\/\/www.biofungi.hu\/it\/wp-json\/wp\/v2\/pages\/3817","targetHints":{"allow":["GET"]}}],"collection":[{"href":"https:\/\/www.biofungi.hu\/it\/wp-json\/wp\/v2\/pages"}],"about":[{"href":"https:\/\/www.biofungi.hu\/it\/wp-json\/wp\/v2\/types\/page"}],"author":[{"embeddable":true,"href":"https:\/\/www.biofungi.hu\/it\/wp-json\/wp\/v2\/users\/2"}],"replies":[{"embeddable":true,"href":"https:\/\/www.biofungi.hu\/it\/wp-json\/wp\/v2\/comments?post=3817"}],"version-history":[{"count":0,"href":"https:\/\/www.biofungi.hu\/it\/wp-json\/wp\/v2\/pages\/3817\/revisions"}],"up":[{"embeddable":true,"href":"https:\/\/www.biofungi.hu\/it\/wp-json\/wp\/v2\/pages\/3549"}],"wp:attachment":[{"href":"https:\/\/www.biofungi.hu\/it\/wp-json\/wp\/v2\/media?parent=3817"}],"curies":[{"name":"wp","href":"https:\/\/api.w.org\/{rel}","templated":true}]}}