{"id":5412,"date":"2021-05-31T14:54:10","date_gmt":"2021-05-31T13:54:10","guid":{"rendered":"https:\/\/www.biofungi.hu\/?page_id=5412"},"modified":"2021-06-14T12:11:11","modified_gmt":"2021-06-14T11:11:11","slug":"composta-di-funghi-biologici","status":"publish","type":"page","link":"https:\/\/www.biofungi.hu\/it\/prodotti\/composta-di-funghi-biologici\/","title":{"rendered":"Composta di funghi biologici"},"content":{"rendered":"<p><img decoding=\"async\" class=\"alignnone size-full wp-image-4973\" src=\"https:\/\/www.biofungi.hu\/wp-content\/uploads\/2021\/02\/BF-honlap-komposzt-csiperke-bio-scaled.jpg\" alt=\"BF honlap komposzt csiperke bio\" width=\"2560\" height=\"407\" srcset=\"https:\/\/www.biofungi.hu\/wp-content\/uploads\/2021\/02\/BF-honlap-komposzt-csiperke-bio-scaled.jpg 2560w, https:\/\/www.biofungi.hu\/wp-content\/uploads\/2021\/02\/BF-honlap-komposzt-csiperke-bio-1280x204.jpg 1280w, https:\/\/www.biofungi.hu\/wp-content\/uploads\/2021\/02\/BF-honlap-komposzt-csiperke-bio-980x156.jpg 980w, https:\/\/www.biofungi.hu\/wp-content\/uploads\/2021\/02\/BF-honlap-komposzt-csiperke-bio-480x76.jpg 480w\" sizes=\"(min-width: 0px) and (max-width: 480px) 480px, (min-width: 481px) and (max-width: 980px) 980px, (min-width: 981px) and (max-width: 1280px) 1280px, (min-width: 1281px) 2560px, 100vw\" \/><\/p>\n<p>Bio-Fungi Ltd. \u00e8 apparsa per prima sul mercato ungherese con compost organico di funghi certificato. La nostra produzione di compost di funghi biologici \u00e8 controllata e monitorata da <strong><a href=\"https:\/\/www.bio-garancia.hu\/en\/home\">Bio Garancia<\/a><\/strong>. Adottiamo rigorosi standard durante la fabbricazione del prodotto per quanto riguarda l&#8217;origine organica delle materie prime, la processione, i processi di fabbricazione, l&#8217;imballaggio, lo stoccaggio e il trasporto.<\/p>\n<p>Le materie prime sono acquistate da produttori biologici nazionali e &#8211; poich\u00e9 l&#8217;Ungheria \u00e8 uno dei pochi paesi europei in cui la produzione di colture geneticamente modificate non \u00e8 consentita &#8211; il nostro compost di funghi pu\u00f2 essere considerato un prodotto privo di OGM oltre ad essere biologico.<\/p>\n<p><img decoding=\"async\" class=\"wp-image-2780 alignright\" src=\"https:\/\/www.biofungi.hu\/wp-content\/uploads\/2019\/08\/Biologo-lev\u00e9l-300x200.jpg\" alt=\"\" width=\"120\" height=\"80\" \/>Durante la produzione di compost organico di funghi certificato dobbiamo soddisfare i seguenti criteri e li registriamo:<\/p>\n<ul>\n<li>materie prime solo da fonti organiche consentite,<\/li>\n<li>vietato l&#8217;uso di pesticidi,<\/li>\n<li>utilizzo della qualit\u00e0 adeguata e regolare acqua monitorata<\/li>\n<li>utilizzo di materiali di imballaggio autorizzati,<\/li>\n<li>standard speciali di manutenzione e igiene,<\/li>\n<li>stoccaggio e trasporto adeguati,<\/li>\n<li>tracciabilit\u00e0 rigorosa,<\/li>\n<li>educazione alle buone pratiche di fabbricazione.<\/li>\n<\/ul>\n<p style=\"text-align: center;\"><em>Per maggiori informazioni mettiti in contatto con i <strong><a href=\"https:\/\/www.biofungi.hu\/it\/chi-siamo\/consulenza\/\" target=\"_blank\" rel=\"noopener\">nostri consulenti<\/a><\/strong>!<\/em><\/p>\n","protected":false},"excerpt":{"rendered":"<p>Bio-Fungi Ltd. \u00e8 apparsa per prima sul mercato ungherese con compost organico di funghi certificato. La nostra produzione di compost di funghi biologici \u00e8 controllata e monitorata da Bio Garancia. Adottiamo rigorosi standard durante la fabbricazione del prodotto per quanto riguarda l&#8217;origine organica delle materie prime, la processione, i processi di fabbricazione, l&#8217;imballaggio, lo stoccaggio [&hellip;]<\/p>\n","protected":false},"author":2,"featured_media":0,"parent":5405,"menu_order":0,"comment_status":"closed","ping_status":"closed","template":"","meta":{"_et_pb_use_builder":"","_et_pb_old_content":"","_et_gb_content_width":"","footnotes":""},"class_list":["post-5412","page","type-page","status-publish","hentry"],"aioseo_notices":[],"_links":{"self":[{"href":"https:\/\/www.biofungi.hu\/it\/wp-json\/wp\/v2\/pages\/5412","targetHints":{"allow":["GET"]}}],"collection":[{"href":"https:\/\/www.biofungi.hu\/it\/wp-json\/wp\/v2\/pages"}],"about":[{"href":"https:\/\/www.biofungi.hu\/it\/wp-json\/wp\/v2\/types\/page"}],"author":[{"embeddable":true,"href":"https:\/\/www.biofungi.hu\/it\/wp-json\/wp\/v2\/users\/2"}],"replies":[{"embeddable":true,"href":"https:\/\/www.biofungi.hu\/it\/wp-json\/wp\/v2\/comments?post=5412"}],"version-history":[{"count":0,"href":"https:\/\/www.biofungi.hu\/it\/wp-json\/wp\/v2\/pages\/5412\/revisions"}],"up":[{"embeddable":true,"href":"https:\/\/www.biofungi.hu\/it\/wp-json\/wp\/v2\/pages\/5405"}],"wp:attachment":[{"href":"https:\/\/www.biofungi.hu\/it\/wp-json\/wp\/v2\/media?parent=5412"}],"curies":[{"name":"wp","href":"https:\/\/api.w.org\/{rel}","templated":true}]}}