{"id":5448,"date":"2021-06-01T11:15:44","date_gmt":"2021-06-01T10:15:44","guid":{"rendered":"https:\/\/www.biofungi.hu\/?page_id=5448"},"modified":"2021-06-01T11:15:44","modified_gmt":"2021-06-01T10:15:44","slug":"lavoro","status":"publish","type":"page","link":"https:\/\/www.biofungi.hu\/it\/lavoro\/","title":{"rendered":"Lavoro"},"content":{"rendered":"<p><img decoding=\"async\" class=\"alignright size-medium wp-image-3655\" src=\"https:\/\/www.biofungi.hu\/wp-content\/uploads\/2019\/11\/low-angle-view-businesspeople-stacking-hand-together-workplace_23-2148187232-300x219.jpg\" alt=\"BioFungi team work best workplace\" width=\"300\" height=\"219\" \/><strong>Bio-Fungi come datore di lavoro<\/strong><\/p>\n<p>Il fatto che siamo la principale azienda di coltivazione e compostaggio di funghi in Ungheria e nella regione significa sicurezza, affidabilit\u00e0 e prevedibilit\u00e0 per i nostri dipendenti.<\/p>\n<p>Siamo orgogliosi di poter offrire opportunit\u00e0 di lavoro a lungo termine ai nostri dipendenti, poich\u00e9 diversi membri del nostro team lavorano per noi da 10-15-20 anni, vivendo e costruendo insieme lo sviluppo della nostra azienda.<\/p>\n<p>Oltre allo sviluppo e alla crescita della nostra azienda, riteniamo estremamente importante fornire opportunit\u00e0 di sviluppo individuale anche ai nostri dipendenti. Poniamo l&#8217;accento sull&#8217;assicurare che i nostri dipendenti siano a conoscenza degli ultimi sviluppi nel loro campo di lavoro, delle ultime ricerche, delle tendenze e delle conoscenze aggiornate. Ecco perch\u00e9 sosteniamo la loro partecipazione a mostre nazionali ed estere, eventi, viaggi di studio e ulteriori corsi di formazione.<\/p>\n<p>Inoltre, sosteniamo il raggiungimento dei loro obiettivi di carriera, poich\u00e9 molti dei nostri dipendenti sono diventati leader, ma possiamo anche fornire opportunit\u00e0 per mettersi alla prova in altre aree all&#8217;interno dell&#8217;azienda.<\/p>\n<p>Bio-Fungi ha un posto sia per i giovani che per i professionisti esperti. Anche durante gli studi, i giovani possono contare su di noi per offrire stage professionali e doppie opportunit\u00e0 di formazione.<\/p>\n<p>Prestiamo inoltre attenzione al nostro ambiente e la <strong><a href=\"https:\/\/www.biofungi.hu\/it\/chi-siamo\/responsabilita-sociale-delle-imprese\/\" target=\"_blank\" rel=\"noopener\">responsabilit\u00e0 sociale<\/a><\/strong> gioca un ruolo chiave nelle nostre attivit\u00e0. Sosteniamo anche eventi sportivi e di stile di vita sano, eventi culturali nella zona e opere di beneficenza.<\/p>\n<p style=\"text-align: center;\"><strong>Se stai cercando un partner e un lavoro affidabile, lo trovi da Bio-Fungi!<\/strong><\/p>\n","protected":false},"excerpt":{"rendered":"<p>Bio-Fungi come datore di lavoro Il fatto che siamo la principale azienda di coltivazione e compostaggio di funghi in Ungheria e nella regione significa sicurezza, affidabilit\u00e0 e prevedibilit\u00e0 per i nostri dipendenti. Siamo orgogliosi di poter offrire opportunit\u00e0 di lavoro a lungo termine ai nostri dipendenti, poich\u00e9 diversi membri del nostro team lavorano per noi [&hellip;]<\/p>\n","protected":false},"author":2,"featured_media":0,"parent":0,"menu_order":0,"comment_status":"closed","ping_status":"closed","template":"","meta":{"_et_pb_use_builder":"","_et_pb_old_content":"","_et_gb_content_width":"","footnotes":""},"class_list":["post-5448","page","type-page","status-publish","hentry"],"aioseo_notices":[],"_links":{"self":[{"href":"https:\/\/www.biofungi.hu\/it\/wp-json\/wp\/v2\/pages\/5448","targetHints":{"allow":["GET"]}}],"collection":[{"href":"https:\/\/www.biofungi.hu\/it\/wp-json\/wp\/v2\/pages"}],"about":[{"href":"https:\/\/www.biofungi.hu\/it\/wp-json\/wp\/v2\/types\/page"}],"author":[{"embeddable":true,"href":"https:\/\/www.biofungi.hu\/it\/wp-json\/wp\/v2\/users\/2"}],"replies":[{"embeddable":true,"href":"https:\/\/www.biofungi.hu\/it\/wp-json\/wp\/v2\/comments?post=5448"}],"version-history":[{"count":0,"href":"https:\/\/www.biofungi.hu\/it\/wp-json\/wp\/v2\/pages\/5448\/revisions"}],"wp:attachment":[{"href":"https:\/\/www.biofungi.hu\/it\/wp-json\/wp\/v2\/media?parent=5448"}],"curies":[{"name":"wp","href":"https:\/\/api.w.org\/{rel}","templated":true}]}}