{"id":2944,"date":"2019-08-05T05:48:42","date_gmt":"2019-08-05T05:48:42","guid":{"rendered":"http:\/\/www.biofungi.hu\/?page_id=2944"},"modified":"2021-06-14T12:16:42","modified_gmt":"2021-06-14T11:16:42","slug":"produkcja-kompostu","status":"publish","type":"page","link":"https:\/\/www.biofungi.hu\/pl\/o-nas\/produkcja-kompostu\/","title":{"rendered":"Produkcja kompostu"},"content":{"rendered":"<p><img decoding=\"async\" class=\"aligncenter size-full wp-image-5014\" src=\"https:\/\/www.biofungi.hu\/wp-content\/uploads\/2021\/02\/BF-honlap-komposztgyartas.jpg\" alt=\"BF honlap komposztgyartas\" width=\"2560\" height=\"407\" \/><\/p>\n<p>Bio-Fungi Ltd. produkuje <a href=\"https:\/\/www.biofungi.hu\/pl\/kompost-grzybowy\/\"><strong>kompost grzybowy<\/strong><\/a> w wi\u0119kszych i wi\u0119kszych ilo\u015bciach od 2000 roku. Hodowcy grzyb\u00f3w zbyt d\u0142ugo musieli sobie radzi\u0107 z faktem, \u017ce trudno jest obliczy\u0107 jako\u015b\u0107 kompostu, a przy u\u017cyciu materia\u0142u o niskiej jako\u015bci jest to prawie niemo\u017cliwe do osi\u0105gni\u0119cia wysokiej \u015bredniej wydajno\u015bci. Nie jest to jednak wina producent\u00f3w kompostu, poniewa\u017c trudno jest wyprodukowa\u0107 kompost dobrej jako\u015bci, gdy pogoda odgrywa tak istotn\u0105 rol\u0119, jak cechy surowc\u00f3w u\u017cywanych do produkcji. Aby osi\u0105gn\u0105\u0107 konsekwentnie wysok\u0105 jako\u015b\u0107 kompostu, potrzebna jest nowoczesna technologia, aw 2003 roku nasza firma zainwestowa\u0142a w badania i rozw\u00f3j takiej technologii.<\/p>\n<p>Ta inwestycja mia\u0142a trzy g\u0142\u00f3wne cele:<\/p>\n<ul>\n<li>rozwi\u0105za\u0107 d\u0142ugoterminowe problemy \u015brodowiskowe zwi\u0105zane z produkcj\u0105 kompostu.<\/li>\n<li>utworzenie zak\u0142adu o zamkni\u0119tej strukturze, w kt\u00f3rym produkcja wysokiej jako\u015bci materia\u0142u podstawowego staje si\u0119 mo\u017cliwa przez ca\u0142y czas<\/li>\n<li>do produkcji kompostu z zaszczepiaczem trzeciej fazy, kt\u00f3ry zyskuje na popularno\u015bci i dlatego jest wymagany przez coraz wi\u0119cej hodowc\u00f3w, kt\u00f3rzy dzi\u0119ki zastosowaniu tego kompostu mog\u0105 osi\u0105gn\u0105\u0107 wy\u017cszy \u015bredni plon w dwutygodniowym kr\u00f3tszym okresie wegetacji przy mniejszym rosn\u0105cym ryzyku<\/li>\n<\/ul>\n<p><img decoding=\"async\" class=\"aligncenter size-full wp-image-5023\" src=\"https:\/\/www.biofungi.hu\/wp-content\/uploads\/2021\/02\/BF-honlap-komposztgyartas-2.jpg\" alt=\"BF honlap komposztgyartas 2\" width=\"2560\" height=\"407\" \/><\/p>\n<p>Rezultat naszej inwestycji doprowadzi\u0142 do otwarcia \u015bwiatowej klasy kompostowni. W tym obiekcie kompost grzybowy jest wytwarzany w wyniku z\u0142o\u017conych proces\u00f3w biologicznych i mikrobiologicznych mieszania surowc\u00f3w (s\u0142omy, obornika dla koni lub drobiu, gipsu i wody). Nast\u0119pnie gotowy produkt jest wstrzykiwany zaszczepiaczem grzybowym po obr\u00f3bce cieplnej. Aby uzyska\u0107 kompost najwy\u017cszej jako\u015bci, przygotowanie surowc\u00f3w odbywa si\u0119 na linii mieszania o du\u017cej wydajno\u015bci, linii podlewania i mieszania, a nast\u0119pnie ten ca\u0142kowicie jednorodny kompost pierwszej fazy jest umieszczany na napowietrzanej pod\u0142odze przez 3-4 dni. W tej dziedzinie, dzi\u0119ki ci\u0105g\u0142emu komputerowemu dostarczaniu powietrza przez wysokoci\u015bnieniowy wentylator i system dysz wbudowany w pod\u0142og\u0119, procesy dojrzewania s\u0105 przygotowywane w optymalnych warunkach i przeprowadzane w warunkach ci\u0105g\u0142ego aerobu.<\/p>\n<p>Ostatnia faza odbywa si\u0119 w ca\u0142kowicie zamkni\u0119tych i wentylowanych zbiornikach, co zapewnia, \u017ce produkt ko\u0144cowy ma jednolit\u0105 jako\u015b\u0107 niezale\u017cnie od pogody. W trakcie procesu amoniak wytwarzany w zbiornikach nie jest uwalniany do powietrza, ale jest pompowany do nowo wybudowanej myjki, a nast\u0119pnie do biofiltra, gdzie mo\u017ce by\u0107 filtrowany do co najmniej 90%.<br \/>\nObecnie produkujemy 2500 ton kompostu grzybowego w 55 tunelach do obr\u00f3bki cieplnej.<\/p>\n<p><img decoding=\"async\" class=\"aligncenter size-full wp-image-4996\" src=\"https:\/\/www.biofungi.hu\/wp-content\/uploads\/2021\/02\/BF-honlap-komposzt-laska.jpg\" alt=\"BF honlap komposzt laska\" width=\"2560\" height=\"407\" \/><\/p>\n<p>Bio-Fungi Ltd rozszerzy\u0142a swoj\u0105 dzia\u0142alno\u015b\u0107 w 2014 roku o <a href=\"https:\/\/www.biofungi.hu\/pl\/substratu-z-boczniaka-ostrygowego\/\"><strong>produkcj\u0119 substratu z boczniaka ostrygowego<\/strong><\/a>. Do tego u\u017cywamy doskona\u0142ego krajowego surowca i macierzystego odradzaj\u0105cego si\u0119 gatunku, kt\u00f3ry jest podstaw\u0105 udanej produkcji dla naszych partner\u00f3w. Nasza firma stara si\u0119 dostarcza\u0107 swoim klientom niezawodne i konkurencyjne pod\u0142o\u017ce z ostrygami, wykorzystuj\u0105c do\u015bwiadczenie kilkudziesi\u0119ciu lat w produkcji kompostu. Obecnie produkujemy 400 ton substratu z boczniaka na tydzie\u0144.<\/p>\n<p><img decoding=\"async\" class=\"aligncenter size-full wp-image-4978\" src=\"https:\/\/www.biofungi.hu\/wp-content\/uploads\/2021\/02\/BF-honlap-komposzt-csiperke-bio.jpg\" alt=\"BF honlap komposzt csiperke bio\" width=\"2560\" height=\"407\" \/><\/p>\n<p><img decoding=\"async\" class=\"wp-image-2780 alignleft\" src=\"https:\/\/www.biofungi.hu\/wp-content\/uploads\/2019\/08\/Biologo-lev\u00e9l-300x200.jpg\" alt=\"\" width=\"75\" height=\"50\" \/>Bio-Fungi Ltd by\u0142a pierwsz\u0105 firm\u0105, kt\u00f3ra zacz\u0119\u0142a produkowa\u0107 <a href=\"https:\/\/www.biofungi.hu\/pl\/organiczny-kompost-grzybowy\/\"><strong>organiczny\u00a0<\/strong><strong>kompost grzybowy i substrat z boczniaka<\/strong><\/a>. Podczas produkcji spe\u0142niamy te surowe wymagania dotycz\u0105ce pochodzenia organicznego surowc\u00f3w, proces\u00f3w przetwarzania i produkcji, pakowania, przechowywania i transportu. Kupujemy surowiec od producent\u00f3w bio i opr\u00f3cz certyfikatu bio, nasz kompost grzybowy mo\u017ce by\u0107 r\u00f3wnie\u017c brany pod uwag\u0119 i produkt wolny od GMO.<\/p>\n<p style=\"text-align: center;\"><strong>Aby uzyska\u0107 wi\u0119cej informacji, skontaktuj si\u0119 z <a href=\"https:\/\/www.biofungi.hu\/pl\/doradztwo\/\">naszymi doradcami<\/a>!<\/strong><\/p>\n","protected":false},"excerpt":{"rendered":"<p>Bio-Fungi Ltd. produkuje kompost grzybowy w wi\u0119kszych i wi\u0119kszych ilo\u015bciach od 2000 roku. Hodowcy grzyb\u00f3w zbyt d\u0142ugo musieli sobie radzi\u0107 z faktem, \u017ce trudno jest obliczy\u0107 jako\u015b\u0107 kompostu, a przy u\u017cyciu materia\u0142u o niskiej jako\u015bci jest to prawie niemo\u017cliwe do osi\u0105gni\u0119cia wysokiej \u015bredniej wydajno\u015bci. Nie jest to jednak wina producent\u00f3w kompostu, poniewa\u017c trudno jest wyprodukowa\u0107 [&hellip;]<\/p>\n","protected":false},"author":2,"featured_media":0,"parent":3001,"menu_order":0,"comment_status":"closed","ping_status":"closed","template":"","meta":{"_et_pb_use_builder":"","_et_pb_old_content":"","_et_gb_content_width":"","footnotes":""},"class_list":["post-2944","page","type-page","status-publish","hentry"],"aioseo_notices":[],"_links":{"self":[{"href":"https:\/\/www.biofungi.hu\/pl\/wp-json\/wp\/v2\/pages\/2944","targetHints":{"allow":["GET"]}}],"collection":[{"href":"https:\/\/www.biofungi.hu\/pl\/wp-json\/wp\/v2\/pages"}],"about":[{"href":"https:\/\/www.biofungi.hu\/pl\/wp-json\/wp\/v2\/types\/page"}],"author":[{"embeddable":true,"href":"https:\/\/www.biofungi.hu\/pl\/wp-json\/wp\/v2\/users\/2"}],"replies":[{"embeddable":true,"href":"https:\/\/www.biofungi.hu\/pl\/wp-json\/wp\/v2\/comments?post=2944"}],"version-history":[{"count":0,"href":"https:\/\/www.biofungi.hu\/pl\/wp-json\/wp\/v2\/pages\/2944\/revisions"}],"up":[{"embeddable":true,"href":"https:\/\/www.biofungi.hu\/pl\/wp-json\/wp\/v2\/pages\/3001"}],"wp:attachment":[{"href":"https:\/\/www.biofungi.hu\/pl\/wp-json\/wp\/v2\/media?parent=2944"}],"curies":[{"name":"wp","href":"https:\/\/api.w.org\/{rel}","templated":true}]}}