{"id":2949,"date":"2019-08-05T05:55:10","date_gmt":"2019-08-05T05:55:10","guid":{"rendered":"http:\/\/www.biofungi.hu\/?page_id=2949"},"modified":"2022-07-18T12:44:00","modified_gmt":"2022-07-18T11:44:00","slug":"dostawa-surowcow","status":"publish","type":"page","link":"https:\/\/www.biofungi.hu\/pl\/o-nas\/dostawa-surowcow\/","title":{"rendered":"Dostawa surowc\u00f3w"},"content":{"rendered":"<p><img decoding=\"async\" class=\"aligncenter size-full wp-image-5041\" src=\"https:\/\/www.biofungi.hu\/wp-content\/uploads\/2021\/02\/BF-alapanyag.jpg\" alt=\"BF alapanyag\" width=\"2560\" height=\"407\" \/><\/p>\n<p><strong>S\u0142oma<\/strong><br \/>\nNasza firma zu\u017cywa prawie kilkadziesi\u0105t tysi\u0119cy ton s\u0142omy, co gwarantuje nasze w\u0142asne belowanie. Opr\u00f3cz konwencjonalnych u\u017cywamy r\u00f3wnie\u017c s\u0142omy organicznej. Nawijamy, belujemy i transportujemy s\u0142om\u0119 zakupion\u0105 od rolnik\u00f3w. Kupujemy s\u0142om\u0119 w promieniu do 150 km od Kiskunlach\u00e1za. Belowanie s\u0142omy wykonuje 11 pojazd\u00f3w do belowania.<br \/>\n<iframe title=\"YouTube video player\" src=\"https:\/\/www.youtube.com\/embed\/JyAO1npREI4\" width=\"560\" height=\"315\" frameborder=\"0\" allowfullscreen=\"allowfullscreen\"><\/iframe><\/p>\n<p><strong>Obornik drobiowy<\/strong><br \/>\nObornik drobiowy jest kupowany od rolnik\u00f3w w ich miejscach i transportowany w\u0142asnymi pojazdami. Wsp\u00f3\u0142pracujemy z umow\u0105 i przestrzegamy termin\u00f3w.<\/p>\n<p><strong>Obornik ko\u0144ski<\/strong><br \/>\nObornik potrzebny do produkcji surowca dostarczany jest przez producent\u00f3w w\u0142asnymi pojazdami. Mo\u017cemy pracowa\u0107 tylko ze \u015bwie\u017cym, 1-3 tygodniowym obornikiem, dzi\u0119ki czemu transportujemy obornik ko\u0144ski z rygorystycznym porz\u0105dkiem i harmonogramem.<\/p>\n<p><img decoding=\"async\" class=\"aligncenter size-full wp-image-5050\" src=\"https:\/\/www.biofungi.hu\/wp-content\/uploads\/2021\/02\/BF-alapanyag-2.jpg\" alt=\"BF alapanyag 2\" width=\"2560\" height=\"407\" \/><\/p>\n<p><strong>Podwykonawstwo<\/strong><br \/>\nNast\u0119puj\u0105ce prace podwykonawcze mo\u017cemy wykona\u0107 w promieniu do 100 km od naszego miejsca w \u00c1porka:<\/p>\n<ul>\n<li>pokosowanie<\/li>\n<li>belowanie<\/li>\n<li>\u0141aduj\u0119<\/li>\n<li>transport nawozu<\/li>\n<li>rozrzucanie obornika<\/li>\n<li>transport silosu<\/li>\n<li>transport s\u0142omy<\/li>\n<\/ul>\n<p style=\"text-align: left;\"><em><strong>FORMY, UMOWY<\/strong><\/em><br \/>\nFormy sektora s\u0142omy dost\u0119pne <strong><a href=\"https:\/\/www.biofungi.hu\/pl\/dokumenty\/\">s\u0105 tutaj<\/a><\/strong>.<\/p>\n<p style=\"text-align: center;\">W przypadku um\u00f3w (ze s\u0142om\u0105, obornikiem drobiowym, obornikiem ko\u0144skim, deklaracj\u0105 przyj\u0119cia, podwykonawstwem) prosimy o kontakt z Pani\u0105:<br \/>\n<em><strong>Mr. Laszlo PAMUK<\/strong><\/em><br \/>\n<em><strong>+36 70 385 4511<\/strong><\/em><br \/>\n<em><strong>laszlo.pamuk [@] biofungi.hu<\/strong><\/em><\/p>\n","protected":false},"excerpt":{"rendered":"<p>S\u0142oma Nasza firma zu\u017cywa prawie kilkadziesi\u0105t tysi\u0119cy ton s\u0142omy, co gwarantuje nasze w\u0142asne belowanie. Opr\u00f3cz konwencjonalnych u\u017cywamy r\u00f3wnie\u017c s\u0142omy organicznej. Nawijamy, belujemy i transportujemy s\u0142om\u0119 zakupion\u0105 od rolnik\u00f3w. Kupujemy s\u0142om\u0119 w promieniu do 150 km od Kiskunlach\u00e1za. Belowanie s\u0142omy wykonuje 11 pojazd\u00f3w do belowania. Obornik drobiowy Obornik drobiowy jest kupowany od rolnik\u00f3w w ich miejscach [&hellip;]<\/p>\n","protected":false},"author":2,"featured_media":0,"parent":3001,"menu_order":0,"comment_status":"closed","ping_status":"closed","template":"","meta":{"_et_pb_use_builder":"","_et_pb_old_content":"","_et_gb_content_width":"","footnotes":""},"class_list":["post-2949","page","type-page","status-publish","hentry"],"aioseo_notices":[],"_links":{"self":[{"href":"https:\/\/www.biofungi.hu\/pl\/wp-json\/wp\/v2\/pages\/2949","targetHints":{"allow":["GET"]}}],"collection":[{"href":"https:\/\/www.biofungi.hu\/pl\/wp-json\/wp\/v2\/pages"}],"about":[{"href":"https:\/\/www.biofungi.hu\/pl\/wp-json\/wp\/v2\/types\/page"}],"author":[{"embeddable":true,"href":"https:\/\/www.biofungi.hu\/pl\/wp-json\/wp\/v2\/users\/2"}],"replies":[{"embeddable":true,"href":"https:\/\/www.biofungi.hu\/pl\/wp-json\/wp\/v2\/comments?post=2949"}],"version-history":[{"count":0,"href":"https:\/\/www.biofungi.hu\/pl\/wp-json\/wp\/v2\/pages\/2949\/revisions"}],"up":[{"embeddable":true,"href":"https:\/\/www.biofungi.hu\/pl\/wp-json\/wp\/v2\/pages\/3001"}],"wp:attachment":[{"href":"https:\/\/www.biofungi.hu\/pl\/wp-json\/wp\/v2\/media?parent=2949"}],"curies":[{"name":"wp","href":"https:\/\/api.w.org\/{rel}","templated":true}]}}