{"id":2951,"date":"2019-08-05T05:54:24","date_gmt":"2019-08-05T05:54:24","guid":{"rendered":"http:\/\/www.biofungi.hu\/?page_id=2951"},"modified":"2020-01-06T09:46:58","modified_gmt":"2020-01-06T09:46:58","slug":"dokumenty","status":"publish","type":"page","link":"https:\/\/www.biofungi.hu\/pl\/dokumenty\/","title":{"rendered":"Dokumenty"},"content":{"rendered":"<p><img decoding=\"async\" class=\"alignleft size-full wp-image-490\" src=\"https:\/\/www.biofungi.hu\/wp-content\/uploads\/2017\/08\/sheet.jpg\" alt=\"\" width=\"40\" height=\"40\" \/><a href=\"https:\/\/www.biofungi.hu\/wp-content\/uploads\/2019\/08\/BioFungi-Agaricus-compost-order-form.pdf\"><strong>Formularz zam\u00f3wienia kompostu<\/strong><\/a><\/p>\n<p>&nbsp;<\/p>\n<p><img decoding=\"async\" class=\"alignleft size-full wp-image-490\" src=\"https:\/\/www.biofungi.hu\/wp-content\/uploads\/2017\/08\/sheet.jpg\" alt=\"\" width=\"40\" height=\"40\" \/><a href=\"https:\/\/www.biofungi.hu\/wp-content\/uploads\/2020\/01\/BioFungi-zam\u00f3wienie-kompostu-POL-przez-rok.pdf\"><strong>Formularz zam\u00f3wienia kompostu PRZEZ ROK<\/strong><\/a><\/p>\n<p>&nbsp;<\/p>\n<p><img decoding=\"async\" class=\"alignleft size-full wp-image-490\" src=\"https:\/\/www.biofungi.hu\/wp-content\/uploads\/2017\/08\/sheet.jpg\" alt=\"\" width=\"40\" height=\"40\" \/><a href=\"https:\/\/www.biofungi.hu\/wp-content\/uploads\/2019\/08\/BioFungi-Pleurotus-substrate-order-form.pdf\"><strong>Formularz zam\u00f3wienia pod\u0142o\u017ca<\/strong><\/a><\/p>\n<p>&nbsp;<\/p>\n<p><img decoding=\"async\" class=\"alignleft size-full wp-image-490\" src=\"https:\/\/www.biofungi.hu\/wp-content\/uploads\/2017\/08\/sheet.jpg\" alt=\"\" width=\"40\" height=\"40\" \/><a href=\"https:\/\/www.biofungi.hu\/wp-content\/uploads\/2020\/01\/BioFungi-Pleurotus-substrate-order-form-ENG-year.pdf\"><strong>Formularz zam\u00f3wienia pod\u0142o\u017ca PRZEZ ROK<\/strong><\/a><\/p>\n<p>&nbsp;<\/p>\n<p><img decoding=\"async\" class=\"alignleft size-full wp-image-490\" src=\"https:\/\/www.biofungi.hu\/wp-content\/uploads\/2017\/08\/sheet.jpg\" alt=\"\" width=\"40\" height=\"40\" \/><strong><a href=\"https:\/\/www.biofungi.hu\/wp-content\/uploads\/2019\/08\/customer-profile-sheet.pdf\">Arkusz profilu klienta<\/a><\/strong><\/p>\n","protected":false},"excerpt":{"rendered":"<p>Formularz zam\u00f3wienia kompostu &nbsp; Formularz zam\u00f3wienia kompostu PRZEZ ROK &nbsp; Formularz zam\u00f3wienia pod\u0142o\u017ca &nbsp; Formularz zam\u00f3wienia pod\u0142o\u017ca PRZEZ ROK &nbsp; Arkusz profilu klienta<\/p>\n","protected":false},"author":2,"featured_media":0,"parent":0,"menu_order":0,"comment_status":"closed","ping_status":"closed","template":"","meta":{"_et_pb_use_builder":"","_et_pb_old_content":"","_et_gb_content_width":"","footnotes":""},"class_list":["post-2951","page","type-page","status-publish","hentry"],"aioseo_notices":[],"_links":{"self":[{"href":"https:\/\/www.biofungi.hu\/pl\/wp-json\/wp\/v2\/pages\/2951","targetHints":{"allow":["GET"]}}],"collection":[{"href":"https:\/\/www.biofungi.hu\/pl\/wp-json\/wp\/v2\/pages"}],"about":[{"href":"https:\/\/www.biofungi.hu\/pl\/wp-json\/wp\/v2\/types\/page"}],"author":[{"embeddable":true,"href":"https:\/\/www.biofungi.hu\/pl\/wp-json\/wp\/v2\/users\/2"}],"replies":[{"embeddable":true,"href":"https:\/\/www.biofungi.hu\/pl\/wp-json\/wp\/v2\/comments?post=2951"}],"version-history":[{"count":0,"href":"https:\/\/www.biofungi.hu\/pl\/wp-json\/wp\/v2\/pages\/2951\/revisions"}],"wp:attachment":[{"href":"https:\/\/www.biofungi.hu\/pl\/wp-json\/wp\/v2\/media?parent=2951"}],"curies":[{"name":"wp","href":"https:\/\/api.w.org\/{rel}","templated":true}]}}