{"id":2961,"date":"2019-08-05T06:01:36","date_gmt":"2019-08-05T06:01:36","guid":{"rendered":"http:\/\/www.biofungi.hu\/?page_id=2961"},"modified":"2022-09-01T09:14:38","modified_gmt":"2022-09-01T08:14:38","slug":"produkcja-grzybow","status":"publish","type":"page","link":"https:\/\/www.biofungi.hu\/pl\/o-nas\/produkcja-grzybow\/","title":{"rendered":"Produkcja grzyb\u00f3w"},"content":{"rendered":"<p><img decoding=\"async\" class=\"aligncenter size-full wp-image-4858\" src=\"https:\/\/www.biofungi.hu\/wp-content\/uploads\/2021\/02\/BF-honlap-csik-gomba-scaled.jpg\" alt=\"gombatermesztes BF\" width=\"2560\" height=\"407\" srcset=\"https:\/\/www.biofungi.hu\/wp-content\/uploads\/2021\/02\/BF-honlap-csik-gomba-scaled.jpg 2560w, https:\/\/www.biofungi.hu\/wp-content\/uploads\/2021\/02\/BF-honlap-csik-gomba-1280x204.jpg 1280w, https:\/\/www.biofungi.hu\/wp-content\/uploads\/2021\/02\/BF-honlap-csik-gomba-980x156.jpg 980w, https:\/\/www.biofungi.hu\/wp-content\/uploads\/2021\/02\/BF-honlap-csik-gomba-480x76.jpg 480w\" sizes=\"(min-width: 0px) and (max-width: 480px) 480px, (min-width: 481px) and (max-width: 980px) 980px, (min-width: 981px) and (max-width: 1280px) 1280px, (min-width: 1281px) 2560px, 100vw\" \/><\/p>\n<p>Bio-Fungi Ltd, jedna z wiod\u0105cych firm w bran\u017cy grzyb\u00f3w w Europie \u015arodkowej i Wschodniej, wyprzedza konkurent\u00f3w pod wzgl\u0119dem wydajno\u015bci i jako\u015bci. Uprawiamy grzyby w sterowanych komputerowo pieczarkarniach typu holenderskiego. Nasz zautomatyzowany system utrzymuje idealne warunki do wzrostu grzyb\u00f3w przez 24 godziny na dob\u0119, co jest niezb\u0119dne do zapewnienia naszym partnerom sta\u0142ego zaopatrzenia. Obecnie dostarczamy naszym krajowym i mi\u0119dzynarodowym partnerom (g\u0142\u00f3wnie sieciom detalicznym) 120-130 ton \u015bwie\u017cych grzyb\u00f3w tygodniowo. Opr\u00f3cz wydajno\u015bci zwracamy r\u00f3wnie\u017c uwag\u0119 na zbieranie owocnik\u00f3w w r\u00f3\u017cnych rozmiarach w zale\u017cno\u015bci od potrzeb, oraz na \u015bwie\u017co\u015b\u0107 naszych produkt\u00f3w.<\/p>\n<p>Opr\u00f3cz tradycyjnej <strong>bia\u0142ej i br\u0105zowej pieczarki<\/strong> zamkni\u0119tej mamy w ofercie r\u00f3wnie\u017c <strong>pieczarki z upraw ekologicznych<\/strong>, <strong>boczniaka, shiitake, pleurotus eryngii<\/strong>. Nasze grzyby produkowane s\u0105 bez u\u017cycia pestycyd\u00f3w.<\/p>\n<p>Przez ca\u0142y rok dostarczamy naszym partnerom wysokiej jako\u015bci \u015bwie\u017ce grzyby. Oferujemy naszym klientom szerok\u0105 gam\u0119 produkt\u00f3w grzybowych. Dysponujemy standardowymi liniami produkt\u00f3w, ale bierzemy r\u00f3wnie\u017c pod uwag\u0119 indywidualne wymagania. Jeste\u015bmy otwarci na dostarczanie r\u00f3\u017cnych opcji zar\u00f3wno pod wzgl\u0119dem pakowania, jak i etykietowania.<\/p>\n<p style=\"text-align: center;\"><strong><a href=\"https:\/\/chefgomba.hu\/en\/our-products\/\" target=\"_blank\" rel=\"noopener\">Kliknij tutaj<\/a><\/strong>, aby zobaczy\u0107 nasze \u015bwie\u017ce produkty grzybowe!<\/p>\n<p><em><strong>Jak produkujemy?<\/strong><\/em><br \/>\n<iframe src=\"https:\/\/www.youtube.com\/embed\/7K-sVqi8PPc\" width=\"560\" height=\"315\" frameborder=\"0\" allowfullscreen=\"allowfullscreen\"><\/iframe><\/p>\n","protected":false},"excerpt":{"rendered":"<p>Bio-Fungi Ltd, jedna z wiod\u0105cych firm w bran\u017cy grzyb\u00f3w w Europie \u015arodkowej i Wschodniej, wyprzedza konkurent\u00f3w pod wzgl\u0119dem wydajno\u015bci i jako\u015bci. Uprawiamy grzyby w sterowanych komputerowo pieczarkarniach typu holenderskiego. Nasz zautomatyzowany system utrzymuje idealne warunki do wzrostu grzyb\u00f3w przez 24 godziny na dob\u0119, co jest niezb\u0119dne do zapewnienia naszym partnerom sta\u0142ego zaopatrzenia. Obecnie dostarczamy naszym [&hellip;]<\/p>\n","protected":false},"author":2,"featured_media":0,"parent":3001,"menu_order":0,"comment_status":"closed","ping_status":"closed","template":"","meta":{"_et_pb_use_builder":"","_et_pb_old_content":"","_et_gb_content_width":"","footnotes":""},"class_list":["post-2961","page","type-page","status-publish","hentry"],"aioseo_notices":[],"_links":{"self":[{"href":"https:\/\/www.biofungi.hu\/pl\/wp-json\/wp\/v2\/pages\/2961","targetHints":{"allow":["GET"]}}],"collection":[{"href":"https:\/\/www.biofungi.hu\/pl\/wp-json\/wp\/v2\/pages"}],"about":[{"href":"https:\/\/www.biofungi.hu\/pl\/wp-json\/wp\/v2\/types\/page"}],"author":[{"embeddable":true,"href":"https:\/\/www.biofungi.hu\/pl\/wp-json\/wp\/v2\/users\/2"}],"replies":[{"embeddable":true,"href":"https:\/\/www.biofungi.hu\/pl\/wp-json\/wp\/v2\/comments?post=2961"}],"version-history":[{"count":0,"href":"https:\/\/www.biofungi.hu\/pl\/wp-json\/wp\/v2\/pages\/2961\/revisions"}],"up":[{"embeddable":true,"href":"https:\/\/www.biofungi.hu\/pl\/wp-json\/wp\/v2\/pages\/3001"}],"wp:attachment":[{"href":"https:\/\/www.biofungi.hu\/pl\/wp-json\/wp\/v2\/media?parent=2961"}],"curies":[{"name":"wp","href":"https:\/\/api.w.org\/{rel}","templated":true}]}}