{"id":2965,"date":"2019-08-05T06:04:47","date_gmt":"2019-08-05T06:04:47","guid":{"rendered":"http:\/\/www.biofungi.hu\/?page_id=2965"},"modified":"2021-06-01T14:00:47","modified_gmt":"2021-06-01T13:00:47","slug":"doradztwo","status":"publish","type":"page","link":"https:\/\/www.biofungi.hu\/pl\/o-nas\/doradztwo\/","title":{"rendered":"Doradztwo"},"content":{"rendered":"<p><img decoding=\"async\" class=\"aligncenter size-full wp-image-4978\" src=\"https:\/\/www.biofungi.hu\/wp-content\/uploads\/2021\/02\/BF-honlap-komposzt-csiperke-bio.jpg\" alt=\"BF honlap komposzt csiperke bio\" width=\"2560\" height=\"407\" \/><\/p>\n<p>Uruchomili\u015bmy nasze us\u0142ugi doradcze, aby pom\u00f3c naszym partnerom w kwestiach zawodowych zwi\u0105zanych z upraw\u0105 grzyb\u00f3w.<\/p>\n<p>Nasi konsultanci stale aktualizuj\u0105 i poszerzaj\u0105 swoj\u0105 wiedz\u0119 i umiej\u0119tno\u015bci podczas mi\u0119dzynarodowych szkole\u0144 i kurs\u00f3w, dzi\u0119ki czemu mog\u0105 pom\u00f3c hodowcom grzyb\u00f3w w zwi\u0105zku z pieczarkami i ostrygami oraz technologi\u0105 ich produkcji.<\/p>\n<p>Je\u015bli masz jakiekolwiek pytania dotycz\u0105ce zakupu kompostu, uprawy grzyb\u00f3w, technologii, dzia\u0142ania, skontaktuj si\u0119 z jednym z nast\u0119puj\u0105cych koleg\u00f3w!<\/p>\n<p><img decoding=\"async\" class=\"aligncenter size-full wp-image-4996\" src=\"https:\/\/www.biofungi.hu\/wp-content\/uploads\/2021\/02\/BF-honlap-komposzt-laska.jpg\" alt=\"BF honlap komposzt laska\" width=\"2560\" height=\"407\" \/><\/p>\n<p><strong>Nasi doradcy:<\/strong><\/p>\n<table style=\"height: 639px;\" width=\"448\">\n<tbody>\n<tr>\n<td width=\"212\">Rumunia<br \/>\nMo\u0142dawia<br \/>\nBu\u0142garia<br \/>\nGrecja<\/td>\n<td width=\"236\">Mr Jeno SANTHA<br \/>\njeno.santha (@) biofungi.hu<br \/>\n+36 70 669 5444<\/td>\n<\/tr>\n<tr>\n<td width=\"212\">Chorwacja<br \/>\nSerbia<br \/>\nBo\u015bnia i Hercegowina<br \/>\nMacedonia<br \/>\nS\u0142owenia<br \/>\nCzarnog\u00f3ra<br \/>\nKosowo<br \/>\nAlbania<br \/>\nFrancja<\/td>\n<td width=\"236\">Mr Laszlo GYORI<br \/>\nlaszlo.gyori (@) biofungi.hu<br \/>\n+36 70 686 4260<\/td>\n<\/tr>\n<tr>\n<td width=\"212\">Austria<br \/>\nRepublika Czeska<br \/>\nS\u0142owacja<br \/>\nW\u0142ochy<br \/>\nPolska<br \/>\nRosja<\/td>\n<td width=\"236\">Mr Balazs TOKES<br \/>\nbalazs.tokes (@) biofungi.hu<br \/>\n+36 70 337 9736<\/td>\n<\/tr>\n<tr>\n<td width=\"212\">W\u0119gry<\/td>\n<td width=\"236\">Mr Zoltan PINTER<br \/>\nzoltan.pinter (@) biofungi.hu<br \/>\n+36 30 438 9435<\/td>\n<\/tr>\n<\/tbody>\n<\/table>\n<p>&nbsp;<\/p>\n","protected":false},"excerpt":{"rendered":"<p>Uruchomili\u015bmy nasze us\u0142ugi doradcze, aby pom\u00f3c naszym partnerom w kwestiach zawodowych zwi\u0105zanych z upraw\u0105 grzyb\u00f3w. Nasi konsultanci stale aktualizuj\u0105 i poszerzaj\u0105 swoj\u0105 wiedz\u0119 i umiej\u0119tno\u015bci podczas mi\u0119dzynarodowych szkole\u0144 i kurs\u00f3w, dzi\u0119ki czemu mog\u0105 pom\u00f3c hodowcom grzyb\u00f3w w zwi\u0105zku z pieczarkami i ostrygami oraz technologi\u0105 ich produkcji. Je\u015bli masz jakiekolwiek pytania dotycz\u0105ce zakupu kompostu, uprawy grzyb\u00f3w, [&hellip;]<\/p>\n","protected":false},"author":2,"featured_media":0,"parent":3001,"menu_order":0,"comment_status":"closed","ping_status":"closed","template":"","meta":{"_et_pb_use_builder":"","_et_pb_old_content":"","_et_gb_content_width":"","footnotes":""},"class_list":["post-2965","page","type-page","status-publish","hentry"],"aioseo_notices":[],"_links":{"self":[{"href":"https:\/\/www.biofungi.hu\/pl\/wp-json\/wp\/v2\/pages\/2965","targetHints":{"allow":["GET"]}}],"collection":[{"href":"https:\/\/www.biofungi.hu\/pl\/wp-json\/wp\/v2\/pages"}],"about":[{"href":"https:\/\/www.biofungi.hu\/pl\/wp-json\/wp\/v2\/types\/page"}],"author":[{"embeddable":true,"href":"https:\/\/www.biofungi.hu\/pl\/wp-json\/wp\/v2\/users\/2"}],"replies":[{"embeddable":true,"href":"https:\/\/www.biofungi.hu\/pl\/wp-json\/wp\/v2\/comments?post=2965"}],"version-history":[{"count":0,"href":"https:\/\/www.biofungi.hu\/pl\/wp-json\/wp\/v2\/pages\/2965\/revisions"}],"up":[{"embeddable":true,"href":"https:\/\/www.biofungi.hu\/pl\/wp-json\/wp\/v2\/pages\/3001"}],"wp:attachment":[{"href":"https:\/\/www.biofungi.hu\/pl\/wp-json\/wp\/v2\/media?parent=2965"}],"curies":[{"name":"wp","href":"https:\/\/api.w.org\/{rel}","templated":true}]}}