{"id":2967,"date":"2019-08-05T06:20:01","date_gmt":"2019-08-05T06:20:01","guid":{"rendered":"http:\/\/www.biofungi.hu\/?page_id=2967"},"modified":"2021-06-14T12:11:39","modified_gmt":"2021-06-14T11:11:39","slug":"organiczny-kompost-grzybowy","status":"publish","type":"page","link":"https:\/\/www.biofungi.hu\/pl\/termekeink\/organiczny-kompost-grzybowy\/","title":{"rendered":"Organiczny kompost grzybowy"},"content":{"rendered":"<p><img decoding=\"async\" class=\"alignnone size-full wp-image-4973\" src=\"https:\/\/www.biofungi.hu\/wp-content\/uploads\/2021\/02\/BF-honlap-komposzt-csiperke-bio-scaled.jpg\" alt=\"BF honlap komposzt csiperke bio\" width=\"2560\" height=\"407\" srcset=\"https:\/\/www.biofungi.hu\/wp-content\/uploads\/2021\/02\/BF-honlap-komposzt-csiperke-bio-scaled.jpg 2560w, https:\/\/www.biofungi.hu\/wp-content\/uploads\/2021\/02\/BF-honlap-komposzt-csiperke-bio-1280x204.jpg 1280w, https:\/\/www.biofungi.hu\/wp-content\/uploads\/2021\/02\/BF-honlap-komposzt-csiperke-bio-980x156.jpg 980w, https:\/\/www.biofungi.hu\/wp-content\/uploads\/2021\/02\/BF-honlap-komposzt-csiperke-bio-480x76.jpg 480w\" sizes=\"(min-width: 0px) and (max-width: 480px) 480px, (min-width: 481px) and (max-width: 980px) 980px, (min-width: 981px) and (max-width: 1280px) 1280px, (min-width: 1281px) 2560px, 100vw\" \/><\/p>\n<p>Bio-Fungi Ltd. pojawi\u0142a si\u0119 jako pierwsza na w\u0119gierskim rynku z certyfikowanym organicznym kompostem grzybowym. Nasza produkcja kompost\u00f3w z grzybami jest kontrolowana i monitorowana przez <strong><a href=\"https:\/\/www.bio-garancia.hu\/en\/home\">Bio Garancia<\/a><\/strong>. Podczas produkcji produktu podejmujemy rygorystyczne normy dotycz\u0105ce pochodzenia organicznego surowc\u00f3w, procesji, proces\u00f3w produkcyjnych, pakowania, przechowywania i transportu.<\/p>\n<p>Surowce s\u0105 kupowane przez krajowych producent\u00f3w biopaliw i &#8211; poniewa\u017c W\u0119gry s\u0105 jednym z niewielu kraj\u00f3w europejskich, w kt\u00f3rych produkcja genetycznie zmodyfikowanych upraw jest niedozwolona &#8211; nasz kompost grzybowy mo\u017cna uzna\u0107 za produkt wolny od GMO, opr\u00f3cz tego, \u017ce jest ekologiczny.<\/p>\n<p><img decoding=\"async\" class=\"wp-image-2780 alignright\" src=\"https:\/\/www.biofungi.hu\/wp-content\/uploads\/2019\/08\/Biologo-lev\u00e9l-300x200.jpg\" alt=\"\" width=\"120\" height=\"80\" \/>Podczas <strong>produkcji certyfikowanego organicznego kompostu grzybowego<\/strong> musimy spe\u0142nia\u0107 nast\u0119puj\u0105ce kryteria i rejestrujemy je:<\/p>\n<ul>\n<li>surowiec tylko z dozwolonego \u017ar\u00f3d\u0142a organicznego,<\/li>\n<li>zabroni\u0142 stosowania pestycyd\u00f3w,<\/li>\n<li>stosowanie odpowiedniej jako\u015bci i regularnie monitorowanej wody,<\/li>\n<li>u\u017cycie autoryzowanych materia\u0142\u00f3w opakowaniowych,<\/li>\n<li>specjalne standardy konserwacji i higieny,<\/li>\n<li>w\u0142a\u015bciwe przechowywanie i transport,<\/li>\n<li>\u015bcis\u0142a identyfikowalno\u015b\u0107,edukacja dobrej praktyki wytwarzania.<\/li>\n<\/ul>\n<p style=\"text-align: center;\"><em><strong>Aby uzyska\u0107 wi\u0119cej informacji, skontaktuj si\u0119 z <a href=\"https:\/\/www.biofungi.hu\/pl\/doradztwo\/\">naszymi doradcami<\/a>!<\/strong><\/em><\/p>\n","protected":false},"excerpt":{"rendered":"<p>Bio-Fungi Ltd. pojawi\u0142a si\u0119 jako pierwsza na w\u0119gierskim rynku z certyfikowanym organicznym kompostem grzybowym. Nasza produkcja kompost\u00f3w z grzybami jest kontrolowana i monitorowana przez Bio Garancia. Podczas produkcji produktu podejmujemy rygorystyczne normy dotycz\u0105ce pochodzenia organicznego surowc\u00f3w, procesji, proces\u00f3w produkcyjnych, pakowania, przechowywania i transportu. Surowce s\u0105 kupowane przez krajowych producent\u00f3w biopaliw i &#8211; poniewa\u017c W\u0119gry s\u0105 [&hellip;]<\/p>\n","protected":false},"author":2,"featured_media":0,"parent":3004,"menu_order":0,"comment_status":"closed","ping_status":"closed","template":"","meta":{"_et_pb_use_builder":"","_et_pb_old_content":"","_et_gb_content_width":"","footnotes":""},"class_list":["post-2967","page","type-page","status-publish","hentry"],"aioseo_notices":[],"_links":{"self":[{"href":"https:\/\/www.biofungi.hu\/pl\/wp-json\/wp\/v2\/pages\/2967","targetHints":{"allow":["GET"]}}],"collection":[{"href":"https:\/\/www.biofungi.hu\/pl\/wp-json\/wp\/v2\/pages"}],"about":[{"href":"https:\/\/www.biofungi.hu\/pl\/wp-json\/wp\/v2\/types\/page"}],"author":[{"embeddable":true,"href":"https:\/\/www.biofungi.hu\/pl\/wp-json\/wp\/v2\/users\/2"}],"replies":[{"embeddable":true,"href":"https:\/\/www.biofungi.hu\/pl\/wp-json\/wp\/v2\/comments?post=2967"}],"version-history":[{"count":0,"href":"https:\/\/www.biofungi.hu\/pl\/wp-json\/wp\/v2\/pages\/2967\/revisions"}],"up":[{"embeddable":true,"href":"https:\/\/www.biofungi.hu\/pl\/wp-json\/wp\/v2\/pages\/3004"}],"wp:attachment":[{"href":"https:\/\/www.biofungi.hu\/pl\/wp-json\/wp\/v2\/media?parent=2967"}],"curies":[{"name":"wp","href":"https:\/\/api.w.org\/{rel}","templated":true}]}}