{"id":2972,"date":"2019-08-05T06:34:46","date_gmt":"2019-08-05T06:34:46","guid":{"rendered":"http:\/\/www.biofungi.hu\/?page_id=2972"},"modified":"2021-02-01T14:06:50","modified_gmt":"2021-02-01T13:06:50","slug":"kompost-grzybowy","status":"publish","type":"page","link":"https:\/\/www.biofungi.hu\/pl\/termekeink\/kompost-grzybowy\/","title":{"rendered":"Kompost grzybowy"},"content":{"rendered":"<p><img decoding=\"async\" class=\"aligncenter wp-image-4954 size-full\" src=\"https:\/\/www.biofungi.hu\/wp-content\/uploads\/2021\/02\/BF-honlap-komposzt-csiperke-scaled.jpg\" alt=\"BF honlap komposzt csiperke\" width=\"2560\" height=\"407\" srcset=\"https:\/\/www.biofungi.hu\/wp-content\/uploads\/2021\/02\/BF-honlap-komposzt-csiperke-scaled.jpg 2560w, https:\/\/www.biofungi.hu\/wp-content\/uploads\/2021\/02\/BF-honlap-komposzt-csiperke-1280x204.jpg 1280w, https:\/\/www.biofungi.hu\/wp-content\/uploads\/2021\/02\/BF-honlap-komposzt-csiperke-980x156.jpg 980w, https:\/\/www.biofungi.hu\/wp-content\/uploads\/2021\/02\/BF-honlap-komposzt-csiperke-480x76.jpg 480w\" sizes=\"(min-width: 0px) and (max-width: 480px) 480px, (min-width: 481px) and (max-width: 980px) 980px, (min-width: 981px) and (max-width: 1280px) 1280px, (min-width: 1281px) 2560px, 100vw\" \/><\/p>\n<p>Naszym g\u0142\u00f3wnym produktem jest kompost z grzyb\u00f3w guzikowych, kt\u00f3ry jest stale rozwijany przez nasz profesjonalny zesp\u00f3\u0142. Nasze produkty s\u0105 produkowane w \u015bcis\u0142ym nadzorze kontroli jako\u015bci przez nowoczesn\u0105 technologi\u0119, aby zadowoli\u0107 naszych klient\u00f3w.<\/p>\n<p>W\u015br\u00f3d naszych produkt\u00f3w mo\u017cna znale\u017a\u0107 kompost <strong>3 fazy w worku, luzem i bloku<\/strong>. Kompost grzybowy jest wstrzykiwany wy\u0142\u0105cznie za pomoc\u0105 macierzystego zaszczepiacza wiarygodnych \u015bwiatowych firm. Podstawa biologiczna, grzybnia utrzymywana przez genetycznie stabilne, kontrolowane i nowoczesne metody biotechnologiczne, jest r\u00f3wnie\u017c silnym ogniwem w \u0142a\u0144cuchu naszego systemu zapewnienia jako\u015bci.<\/p>\n<p>Wszystkie fazy pracy, surowce i gotowe produkty s\u0105 kontrolowane przez nasze laboratorium chemiczno-analityczne z rutynowymi metodami pomiarowymi. Przed zakupem surowc\u00f3w badamy ich w\u0142a\u015bciwo\u015bci pod wp\u0142ywem technologii, ale monitorujemy r\u00f3wnie\u017c pozosta\u0142o\u015bci. Od 2005 roku prowadzimy r\u00f3wnie\u017c system monitorowania jako\u015bci oprogramowania.<\/p>\n<p style=\"text-align: center;\"><strong>Aby uzyska\u0107 wi\u0119cej informacji, skontaktuj si\u0119 z <a href=\"https:\/\/www.biofungi.hu\/pl\/doradztwo\/\">naszymi doradcami<\/a>!<\/strong><\/p>\n","protected":false},"excerpt":{"rendered":"<p>Naszym g\u0142\u00f3wnym produktem jest kompost z grzyb\u00f3w guzikowych, kt\u00f3ry jest stale rozwijany przez nasz profesjonalny zesp\u00f3\u0142. Nasze produkty s\u0105 produkowane w \u015bcis\u0142ym nadzorze kontroli jako\u015bci przez nowoczesn\u0105 technologi\u0119, aby zadowoli\u0107 naszych klient\u00f3w. W\u015br\u00f3d naszych produkt\u00f3w mo\u017cna znale\u017a\u0107 kompost 3 fazy w worku, luzem i bloku. Kompost grzybowy jest wstrzykiwany wy\u0142\u0105cznie za pomoc\u0105 macierzystego zaszczepiacza wiarygodnych [&hellip;]<\/p>\n","protected":false},"author":2,"featured_media":0,"parent":3004,"menu_order":0,"comment_status":"closed","ping_status":"closed","template":"","meta":{"_et_pb_use_builder":"","_et_pb_old_content":"","_et_gb_content_width":"","footnotes":""},"class_list":["post-2972","page","type-page","status-publish","hentry"],"aioseo_notices":[],"_links":{"self":[{"href":"https:\/\/www.biofungi.hu\/pl\/wp-json\/wp\/v2\/pages\/2972","targetHints":{"allow":["GET"]}}],"collection":[{"href":"https:\/\/www.biofungi.hu\/pl\/wp-json\/wp\/v2\/pages"}],"about":[{"href":"https:\/\/www.biofungi.hu\/pl\/wp-json\/wp\/v2\/types\/page"}],"author":[{"embeddable":true,"href":"https:\/\/www.biofungi.hu\/pl\/wp-json\/wp\/v2\/users\/2"}],"replies":[{"embeddable":true,"href":"https:\/\/www.biofungi.hu\/pl\/wp-json\/wp\/v2\/comments?post=2972"}],"version-history":[{"count":0,"href":"https:\/\/www.biofungi.hu\/pl\/wp-json\/wp\/v2\/pages\/2972\/revisions"}],"up":[{"embeddable":true,"href":"https:\/\/www.biofungi.hu\/pl\/wp-json\/wp\/v2\/pages\/3004"}],"wp:attachment":[{"href":"https:\/\/www.biofungi.hu\/pl\/wp-json\/wp\/v2\/media?parent=2972"}],"curies":[{"name":"wp","href":"https:\/\/api.w.org\/{rel}","templated":true}]}}