{"id":2974,"date":"2019-08-05T06:41:47","date_gmt":"2019-08-05T06:41:47","guid":{"rendered":"http:\/\/www.biofungi.hu\/?page_id=2974"},"modified":"2021-02-01T14:25:14","modified_gmt":"2021-02-01T13:25:15","slug":"substratu-z-boczniaka-ostrygowego","status":"publish","type":"page","link":"https:\/\/www.biofungi.hu\/pl\/termekeink\/substratu-z-boczniaka-ostrygowego\/","title":{"rendered":"Substratu z boczniaka ostrygowego"},"content":{"rendered":"<p><img decoding=\"async\" class=\"aligncenter size-full wp-image-4991\" src=\"https:\/\/www.biofungi.hu\/wp-content\/uploads\/2021\/02\/BF-honlap-komposzt-laska-scaled.jpg\" alt=\"BF honlap komposzt laska\" width=\"2560\" height=\"407\" srcset=\"https:\/\/www.biofungi.hu\/wp-content\/uploads\/2021\/02\/BF-honlap-komposzt-laska-scaled.jpg 2560w, https:\/\/www.biofungi.hu\/wp-content\/uploads\/2021\/02\/BF-honlap-komposzt-laska-1280x204.jpg 1280w, https:\/\/www.biofungi.hu\/wp-content\/uploads\/2021\/02\/BF-honlap-komposzt-laska-980x156.jpg 980w, https:\/\/www.biofungi.hu\/wp-content\/uploads\/2021\/02\/BF-honlap-komposzt-laska-480x76.jpg 480w\" sizes=\"(min-width: 0px) and (max-width: 480px) 480px, (min-width: 481px) and (max-width: 980px) 980px, (min-width: 981px) and (max-width: 1280px) 1280px, (min-width: 1281px) 2560px, 100vw\" \/><\/p>\n<p>W ostatnich latach popyt detaliczny na boczniaka wzr\u00f3s\u0142. Nasza firma otrzyma\u0142a szereg pr\u00f3\u015bb od wykwalifikowanych, do\u015bwiadczonych i nowych hodowc\u00f3w grzyb\u00f3w, kt\u00f3rzy chcieliby rozszerzy\u0107 swoj\u0105 ofert\u0119 o \u015bwie\u017ce boczniaki.<\/p>\n<p>Odpowiadaj\u0105c na ten rosn\u0105cy popyt, nasza firma rozpocz\u0119\u0142a <strong>produkcj\u0119 substratu z boczniaka ostrygowego<\/strong> we wrze\u015bniu 2014 r. W przypadku blok\u00f3w z ostrygami stosuje si\u0119 wysokiej jako\u015bci krajowy surowiec i ugruntowan\u0105, udan\u0105 odmian\u0119, dzi\u0119ki kt\u00f3rej gwarantujemy udan\u0105 upraw\u0119 dla naszych klient\u00f3w biznesowych . Stosuj\u0105c dziesi\u0119ciolecia do\u015bwiadczenia w produkcji kompostu naszej firmy, dostarczamy naszym klientom konkurencyjne, niezawodne substraty z boczniaka.<\/p>\n<p style=\"text-align: center;\"><strong>Aby uzyska\u0107 wi\u0119cej informacji, skontaktuj si\u0119 z <a href=\"https:\/\/www.biofungi.hu\/pl\/doradztwo\/\">naszymi doradcami<\/a>!<\/strong><\/p>\n","protected":false},"excerpt":{"rendered":"<p>W ostatnich latach popyt detaliczny na boczniaka wzr\u00f3s\u0142. Nasza firma otrzyma\u0142a szereg pr\u00f3\u015bb od wykwalifikowanych, do\u015bwiadczonych i nowych hodowc\u00f3w grzyb\u00f3w, kt\u00f3rzy chcieliby rozszerzy\u0107 swoj\u0105 ofert\u0119 o \u015bwie\u017ce boczniaki. Odpowiadaj\u0105c na ten rosn\u0105cy popyt, nasza firma rozpocz\u0119\u0142a produkcj\u0119 substratu z boczniaka ostrygowego we wrze\u015bniu 2014 r. W przypadku blok\u00f3w z ostrygami stosuje si\u0119 wysokiej jako\u015bci krajowy [&hellip;]<\/p>\n","protected":false},"author":2,"featured_media":0,"parent":3004,"menu_order":0,"comment_status":"closed","ping_status":"closed","template":"","meta":{"_et_pb_use_builder":"","_et_pb_old_content":"","_et_gb_content_width":"","footnotes":""},"class_list":["post-2974","page","type-page","status-publish","hentry"],"aioseo_notices":[],"_links":{"self":[{"href":"https:\/\/www.biofungi.hu\/pl\/wp-json\/wp\/v2\/pages\/2974","targetHints":{"allow":["GET"]}}],"collection":[{"href":"https:\/\/www.biofungi.hu\/pl\/wp-json\/wp\/v2\/pages"}],"about":[{"href":"https:\/\/www.biofungi.hu\/pl\/wp-json\/wp\/v2\/types\/page"}],"author":[{"embeddable":true,"href":"https:\/\/www.biofungi.hu\/pl\/wp-json\/wp\/v2\/users\/2"}],"replies":[{"embeddable":true,"href":"https:\/\/www.biofungi.hu\/pl\/wp-json\/wp\/v2\/comments?post=2974"}],"version-history":[{"count":0,"href":"https:\/\/www.biofungi.hu\/pl\/wp-json\/wp\/v2\/pages\/2974\/revisions"}],"up":[{"embeddable":true,"href":"https:\/\/www.biofungi.hu\/pl\/wp-json\/wp\/v2\/pages\/3004"}],"wp:attachment":[{"href":"https:\/\/www.biofungi.hu\/pl\/wp-json\/wp\/v2\/media?parent=2974"}],"curies":[{"name":"wp","href":"https:\/\/api.w.org\/{rel}","templated":true}]}}