{"id":3001,"date":"2019-08-06T07:47:58","date_gmt":"2019-08-06T07:47:58","guid":{"rendered":"http:\/\/www.biofungi.hu\/?page_id=3001"},"modified":"2021-06-24T12:40:31","modified_gmt":"2021-06-24T11:40:31","slug":"o-nas","status":"publish","type":"page","link":"https:\/\/www.biofungi.hu\/pl\/o-nas\/","title":{"rendered":"O nas"},"content":{"rendered":"<p><img decoding=\"async\" class=\"alignleft size-medium wp-image-3002\" src=\"https:\/\/www.biofungi.hu\/wp-content\/uploads\/2018\/01\/DSC_7598-200x300.jpg\" alt=\"\" width=\"200\" height=\"300\" \/>W Bio-Fungi Ltd wiemy, \u017ce pomimo skromnego wygl\u0105du, produkcja grzyb\u00f3w stanowi z\u0142o\u017cone wyzwanie techniczne. Od za\u0142o\u017cenia firmy w 1992 roku staramy si\u0119 stosowa\u0107 w naszych zak\u0142adach najnowsze technologie i procedury zapewniania jako\u015bci, poniewa\u017c jest to jedyny spos\u00f3b, aby zagwarantowa\u0107 sta\u0142\u0105 jako\u015b\u0107 naszego kompostu i pod\u0142o\u017ca oraz zapewni\u0107 dostarczanie nienagannych produkt\u00f3w grzybowych do naszych wzmacniacz.<\/p>\n<p>Nasze zaanga\u017cowanie w jako\u015b\u0107 i niezawodno\u015b\u0107 przekszta\u0142ci\u0142o Bio-Fungi Ltd z firmy rodzinnej w jedn\u0105 z wiod\u0105cych firm produkuj\u0105cych grzyby w Europie \u015arodkowej i Wschodniej.<\/p>\n<p>Nasze sterowane komputerowo hodowle grzyb\u00f3w w holenderskim stylu, nasze zamkni\u0119te zak\u0142ady obr\u00f3bki cieplnej i wykorzystanie spawnu od producent\u00f3w na ca\u0142ym \u015bwiecie do produkcji kompostu, a tak\u017ce nasze laboratorium chemiczno-analityczne gwarantuj\u0105 satysfakcj\u0119 partner\u00f3w w 10 krajach na ca\u0142ym \u015bwiecie.<\/p>\n<p>&nbsp;<\/p>\n\n","protected":false},"excerpt":{"rendered":"<p>W Bio-Fungi Ltd wiemy, \u017ce pomimo skromnego wygl\u0105du, produkcja grzyb\u00f3w stanowi z\u0142o\u017cone wyzwanie techniczne. Od za\u0142o\u017cenia firmy w 1992 roku staramy si\u0119 stosowa\u0107 w naszych zak\u0142adach najnowsze technologie i procedury zapewniania jako\u015bci, poniewa\u017c jest to jedyny spos\u00f3b, aby zagwarantowa\u0107 sta\u0142\u0105 jako\u015b\u0107 naszego kompostu i pod\u0142o\u017ca oraz zapewni\u0107 dostarczanie nienagannych produkt\u00f3w grzybowych do naszych wzmacniacz. Nasze [&hellip;]<\/p>\n","protected":false},"author":2,"featured_media":0,"parent":0,"menu_order":0,"comment_status":"closed","ping_status":"closed","template":"","meta":{"_et_pb_use_builder":"off","_et_pb_old_content":"A Bio-Fungi Termel\u0151 \u00e9s Kereskedelmi Kft-n\u00e9l tudjuk, hogy visszafogott megjelen\u00e9se dac\u00e1ra a gomba termeszt\u00e9se \u00f6sszetett szakmai kih\u00edv\u00e1s.\r\n\r\nC\u00e9g\u00fcnk 1992-es megalap\u00edt\u00e1sa \u00f3ta t\u00f6reksz\u00fcnk a legmodernebb technol\u00f3gi\u00e1k \u00e9s min\u0151s\u00e9gbiztos\u00edt\u00e1si elj\u00e1r\u00e1sok alkalmaz\u00e1s\u00e1ra \u00fczemeinkben \u00e9s gombah\u00e1zainkban egyar\u00e1nt, hiszen csak \u00edgy garant\u00e1lhatjuk partnereinknek a folyamatosan kiegyens\u00falyozott min\u0151s\u00e9g\u0171 komposztot, alapanyagot, valamint a kifog\u00e1stalan gombaterm\u00e9keket.\r\n\r\nA megb\u00edzhat\u00f3s\u00e1g \u00e9s pontoss\u00e1g ir\u00e1nti elk\u00f6telezetts\u00e9g\u00fcnk v\u00e1ltoztatta a Bio-Fungit csal\u00e1di v\u00e1llalkoz\u00e1sb\u00f3l Kelet-K\u00f6z\u00e9p-Eur\u00f3pa egyik vezet\u0151 gombaipari c\u00e9g\u00e9v\u00e9. Sz\u00e1m\u00edt\u00f3g\u00e9p-vez\u00e9relt, holland t\u00edpus\u00fa gombafarmjaink, a komposztot vil\u00e1ggy\u00e1rt\u00f3k olt\u00f3anyag\u00e1val el\u0151\u00e1ll\u00edt\u00f3, z\u00e1rt h\u0151kezel\u0151ink, valamint az ellen\u0151rz\u00e9st v\u00e9gz\u0151 k\u00e9miai-analitikai laborat\u00f3riumunk garant\u00e1lja partnereink megel\u00e9gedetts\u00e9g\u00e9t a vil\u00e1g 10 orsz\u00e1g\u00e1ban.","_et_gb_content_width":"","footnotes":""},"class_list":["post-3001","page","type-page","status-publish","hentry"],"aioseo_notices":[],"_links":{"self":[{"href":"https:\/\/www.biofungi.hu\/pl\/wp-json\/wp\/v2\/pages\/3001","targetHints":{"allow":["GET"]}}],"collection":[{"href":"https:\/\/www.biofungi.hu\/pl\/wp-json\/wp\/v2\/pages"}],"about":[{"href":"https:\/\/www.biofungi.hu\/pl\/wp-json\/wp\/v2\/types\/page"}],"author":[{"embeddable":true,"href":"https:\/\/www.biofungi.hu\/pl\/wp-json\/wp\/v2\/users\/2"}],"replies":[{"embeddable":true,"href":"https:\/\/www.biofungi.hu\/pl\/wp-json\/wp\/v2\/comments?post=3001"}],"version-history":[{"count":0,"href":"https:\/\/www.biofungi.hu\/pl\/wp-json\/wp\/v2\/pages\/3001\/revisions"}],"wp:attachment":[{"href":"https:\/\/www.biofungi.hu\/pl\/wp-json\/wp\/v2\/media?parent=3001"}],"curies":[{"name":"wp","href":"https:\/\/api.w.org\/{rel}","templated":true}]}}