{"id":3789,"date":"2019-12-19T07:42:27","date_gmt":"2019-12-19T07:42:27","guid":{"rendered":"http:\/\/www.biofungi.hu\/?page_id=3789"},"modified":"2021-06-01T12:01:40","modified_gmt":"2021-06-01T11:01:40","slug":"grzyb-w-szkolach","status":"publish","type":"page","link":"https:\/\/www.biofungi.hu\/pl\/o-nas\/grzyb-w-szkolach\/","title":{"rendered":"Grzyb w szko\u0142ach"},"content":{"rendered":"<p>[et_pb_section][et_pb_row][et_pb_column type=&#8221;4_4&#8243;][et_pb_text]<\/p>\n<p>&nbsp;<\/p>\n<p>Opr\u00f3cz produkcji kompostu i uprawy grzyb\u00f3w, nasza firma, Bio-Fungi Ltd, koncentruje si\u0119 r\u00f3wnie\u017c na promocji i zwi\u0119kszeniu spo\u017cycia grzyb\u00f3w.<\/p>\n<p>Wyj\u0105tkowo na W\u0119grzech rozpocz\u0119li\u015bmy w kwietniu 2016 r. Nasz program o nazwie SchoolMushroom, co oznacza, \u017ce \u200b\u200bdo uczestnicz\u0105cych szk\u00f3\u0142 transportujemy pude\u0142ko kompostu grzybowego Faza 4 z ma\u0142ymi szpilkami.<\/p>\n<p>Szkolenie praktyczne uzupe\u0142nia materia\u0142 edukacyjny, kt\u00f3ry wyja\u015bnia rosn\u0105ce grzyby na zdj\u0119ciach, kt\u00f3re dzieci rozumiej\u0105 wi\u0119cej. Mo\u017ce to by\u0107 bardzo przydatne na lekcjach biologii lub nauk \u015bcis\u0142ych.<\/p>\n<p>Celem projektu SchoolMushroom jest zapoznanie uczni\u00f3w z upraw\u0105 grzyb\u00f3w zar\u00f3wno w teorii, jak i praktyce w tym samym czasie, oraz zrozumienie, jak wyj\u0105tkowy jest organizm grzybowy, a tak\u017ce bardzo dobrego jedzenia.<\/p>\n<p>W pierwszej po\u0142owie 2016 r. W szkole uczestniczy\u0142o 15 szk\u00f3\u0142 z Budapesztu i 3 z powiatu Peszt, a ze wzgl\u0119du na sukces kontynuujemy program w kolejnym semestrze.<\/p>\n<p><img decoding=\"async\" class=\"aligncenter size-large wp-image-5503\" src=\"https:\/\/www.biofungi.hu\/wp-content\/uploads\/2021\/06\/iskolagomba_2-1024x118.jpg\" alt=\"iskolagomba_2\" width=\"1024\" height=\"118\" srcset=\"https:\/\/www.biofungi.hu\/wp-content\/uploads\/2021\/06\/iskolagomba_2-980x113.jpg 980w, https:\/\/www.biofungi.hu\/wp-content\/uploads\/2021\/06\/iskolagomba_2-480x56.jpg 480w\" sizes=\"(min-width: 0px) and (max-width: 480px) 480px, (min-width: 481px) and (max-width: 980px) 980px, (min-width: 981px) 1024px, 100vw\" \/><\/p>\n<p>[\/et_pb_text][\/et_pb_column][\/et_pb_row][\/et_pb_section]<\/p>\n","protected":false},"excerpt":{"rendered":"<p>[et_pb_section][et_pb_row][et_pb_column type=&#8221;4_4&#8243;][et_pb_text] &nbsp; Opr\u00f3cz produkcji kompostu i uprawy grzyb\u00f3w, nasza firma, Bio-Fungi Ltd, koncentruje si\u0119 r\u00f3wnie\u017c na promocji i zwi\u0119kszeniu spo\u017cycia grzyb\u00f3w. Wyj\u0105tkowo na W\u0119grzech rozpocz\u0119li\u015bmy w kwietniu 2016 r. Nasz program o nazwie SchoolMushroom, co oznacza, \u017ce \u200b\u200bdo uczestnicz\u0105cych szk\u00f3\u0142 transportujemy pude\u0142ko kompostu grzybowego Faza 4 z ma\u0142ymi szpilkami. Szkolenie praktyczne uzupe\u0142nia materia\u0142 edukacyjny, [&hellip;]<\/p>\n","protected":false},"author":2,"featured_media":0,"parent":3001,"menu_order":0,"comment_status":"closed","ping_status":"closed","template":"","meta":{"_et_pb_use_builder":"","_et_pb_old_content":"<p>\u00a0<\/p><p>Opr\u00f3cz produkcji kompostu i uprawy grzyb\u00f3w, nasza firma, Bio-Fungi Ltd, koncentruje si\u0119 r\u00f3wnie\u017c na promocji i zwi\u0119kszeniu spo\u017cycia grzyb\u00f3w.<\/p><p>Wyj\u0105tkowo na W\u0119grzech rozpocz\u0119li\u015bmy w kwietniu 2016 r. Nasz program o nazwie SchoolMushroom, co oznacza, \u017ce \u200b\u200bdo uczestnicz\u0105cych szk\u00f3\u0142 transportujemy pude\u0142ko kompostu grzybowego Faza 4 z ma\u0142ymi szpilkami.<\/p><p>Szkolenie praktyczne uzupe\u0142nia materia\u0142 edukacyjny, kt\u00f3ry wyja\u015bnia rosn\u0105ce grzyby na zdj\u0119ciach, kt\u00f3re dzieci rozumiej\u0105 wi\u0119cej. Mo\u017ce to by\u0107 bardzo przydatne na lekcjach biologii lub nauk \u015bcis\u0142ych.<\/p><p>Celem projektu SchoolMushroom jest zapoznanie uczni\u00f3w z upraw\u0105 grzyb\u00f3w zar\u00f3wno w teorii, jak i praktyce w tym samym czasie, oraz zrozumienie, jak wyj\u0105tkowy jest organizm grzybowy, a tak\u017ce bardzo dobrego jedzenia.<\/p><p>W pierwszej po\u0142owie 2016 r. W szkole uczestniczy\u0142o 15 szk\u00f3\u0142 z Budapesztu i 3 z powiatu Peszt, a ze wzgl\u0119du na sukces kontynuujemy program w kolejnym semestrze.<\/p><p><img class=\"aligncenter size-large wp-image-5503\" src=\"https:\/\/www.biofungi.hu\/wp-content\/uploads\/2021\/06\/iskolagomba_2-1024x118.jpg\" alt=\"iskolagomba_2\" width=\"1024\" height=\"118\" \/><\/p>","_et_gb_content_width":"","footnotes":""},"class_list":["post-3789","page","type-page","status-publish","hentry"],"aioseo_notices":[],"_links":{"self":[{"href":"https:\/\/www.biofungi.hu\/pl\/wp-json\/wp\/v2\/pages\/3789","targetHints":{"allow":["GET"]}}],"collection":[{"href":"https:\/\/www.biofungi.hu\/pl\/wp-json\/wp\/v2\/pages"}],"about":[{"href":"https:\/\/www.biofungi.hu\/pl\/wp-json\/wp\/v2\/types\/page"}],"author":[{"embeddable":true,"href":"https:\/\/www.biofungi.hu\/pl\/wp-json\/wp\/v2\/users\/2"}],"replies":[{"embeddable":true,"href":"https:\/\/www.biofungi.hu\/pl\/wp-json\/wp\/v2\/comments?post=3789"}],"version-history":[{"count":0,"href":"https:\/\/www.biofungi.hu\/pl\/wp-json\/wp\/v2\/pages\/3789\/revisions"}],"up":[{"embeddable":true,"href":"https:\/\/www.biofungi.hu\/pl\/wp-json\/wp\/v2\/pages\/3001"}],"wp:attachment":[{"href":"https:\/\/www.biofungi.hu\/pl\/wp-json\/wp\/v2\/media?parent=3789"}],"curies":[{"name":"wp","href":"https:\/\/api.w.org\/{rel}","templated":true}]}}