{"id":3799,"date":"2019-12-19T07:49:42","date_gmt":"2019-12-19T07:49:42","guid":{"rendered":"http:\/\/www.biofungi.hu\/?page_id=3799"},"modified":"2021-02-01T13:26:13","modified_gmt":"2021-02-01T12:26:13","slug":"jakosc","status":"publish","type":"page","link":"https:\/\/www.biofungi.hu\/pl\/o-nas\/jakosc\/","title":{"rendered":"Jako\u015b\u0107"},"content":{"rendered":"<p>Bezpiecze\u0144stwo \u017cywno\u015bci ma priorytet w polityce jako\u015bci firmy. W tym celu zajmujemy si\u0119 zar\u00f3wno upraw\u0105 grzyb\u00f3w, jak i dystrybucj\u0105 grzyb\u00f3w (ch\u0142odzenie, pakowanie, transport) zgodnie z wymogami dw\u00f3ch najwa\u017cniejszych mi\u0119dzynarodowych norm bezpiecze\u0144stwa \u017cywno\u015bci, poniewa\u017c normy bezpiecze\u0144stwa \u017cywno\u015bci zawieraj\u0105 szczeg\u00f3\u0142owe wymagania.<\/p>\n<p>Grzyby produkujemy zgodnie ze standardami GLOBALGAP i stosujemy IFS (Mi\u0119dzynarodowe Wyr\u00f3\u017cnione Standardy) w przypadku dystrybucji grzyb\u00f3w.<\/p>\n<p>Nasza \u015bwiatowej klasy technologia uprawy gwarantuje ca\u0142kowit\u0105 produkcj\u0119 grzyb\u00f3w uprawnych bez pestycyd\u00f3w, poniewa\u017c nie stosujemy pestycyd\u00f3w podczas uprawy, a zatem dostarczamy idealnie zdrow\u0105 i wysokiej jako\u015bci \u017cywno\u015b\u0107 na nasze rynki.<\/p>\n<p><img decoding=\"async\" class=\"aligncenter wp-image-4936 size-full\" src=\"https:\/\/www.biofungi.hu\/wp-content\/uploads\/2021\/02\/BF-certifikat-scaled.jpg\" alt=\"\" width=\"2560\" height=\"407\" srcset=\"https:\/\/www.biofungi.hu\/wp-content\/uploads\/2021\/02\/BF-certifikat-scaled.jpg 2560w, https:\/\/www.biofungi.hu\/wp-content\/uploads\/2021\/02\/BF-certifikat-1280x204.jpg 1280w, https:\/\/www.biofungi.hu\/wp-content\/uploads\/2021\/02\/BF-certifikat-980x156.jpg 980w, https:\/\/www.biofungi.hu\/wp-content\/uploads\/2021\/02\/BF-certifikat-480x76.jpg 480w\" sizes=\"(min-width: 0px) and (max-width: 480px) 480px, (min-width: 481px) and (max-width: 980px) 980px, (min-width: 981px) and (max-width: 1280px) 1280px, (min-width: 1281px) 2560px, 100vw\" \/><\/p>\n","protected":false},"excerpt":{"rendered":"<p>Bezpiecze\u0144stwo \u017cywno\u015bci ma priorytet w polityce jako\u015bci firmy. W tym celu zajmujemy si\u0119 zar\u00f3wno upraw\u0105 grzyb\u00f3w, jak i dystrybucj\u0105 grzyb\u00f3w (ch\u0142odzenie, pakowanie, transport) zgodnie z wymogami dw\u00f3ch najwa\u017cniejszych mi\u0119dzynarodowych norm bezpiecze\u0144stwa \u017cywno\u015bci, poniewa\u017c normy bezpiecze\u0144stwa \u017cywno\u015bci zawieraj\u0105 szczeg\u00f3\u0142owe wymagania. Grzyby produkujemy zgodnie ze standardami GLOBALGAP i stosujemy IFS (Mi\u0119dzynarodowe Wyr\u00f3\u017cnione Standardy) w przypadku dystrybucji grzyb\u00f3w. [&hellip;]<\/p>\n","protected":false},"author":2,"featured_media":0,"parent":3001,"menu_order":0,"comment_status":"closed","ping_status":"closed","template":"","meta":{"_et_pb_use_builder":"","_et_pb_old_content":"","_et_gb_content_width":"","footnotes":""},"class_list":["post-3799","page","type-page","status-publish","hentry"],"aioseo_notices":[],"_links":{"self":[{"href":"https:\/\/www.biofungi.hu\/pl\/wp-json\/wp\/v2\/pages\/3799","targetHints":{"allow":["GET"]}}],"collection":[{"href":"https:\/\/www.biofungi.hu\/pl\/wp-json\/wp\/v2\/pages"}],"about":[{"href":"https:\/\/www.biofungi.hu\/pl\/wp-json\/wp\/v2\/types\/page"}],"author":[{"embeddable":true,"href":"https:\/\/www.biofungi.hu\/pl\/wp-json\/wp\/v2\/users\/2"}],"replies":[{"embeddable":true,"href":"https:\/\/www.biofungi.hu\/pl\/wp-json\/wp\/v2\/comments?post=3799"}],"version-history":[{"count":0,"href":"https:\/\/www.biofungi.hu\/pl\/wp-json\/wp\/v2\/pages\/3799\/revisions"}],"up":[{"embeddable":true,"href":"https:\/\/www.biofungi.hu\/pl\/wp-json\/wp\/v2\/pages\/3001"}],"wp:attachment":[{"href":"https:\/\/www.biofungi.hu\/pl\/wp-json\/wp\/v2\/media?parent=3799"}],"curies":[{"name":"wp","href":"https:\/\/api.w.org\/{rel}","templated":true}]}}