{"id":5458,"date":"2021-06-01T11:46:40","date_gmt":"2021-06-01T10:46:40","guid":{"rendered":"https:\/\/www.biofungi.hu\/?page_id=5458"},"modified":"2021-06-01T11:46:40","modified_gmt":"2021-06-01T10:46:40","slug":"praca","status":"publish","type":"page","link":"https:\/\/www.biofungi.hu\/pl\/praca\/","title":{"rendered":"Praca"},"content":{"rendered":"<p><img decoding=\"async\" class=\"alignright size-medium wp-image-3655\" src=\"https:\/\/www.biofungi.hu\/wp-content\/uploads\/2019\/11\/low-angle-view-businesspeople-stacking-hand-together-workplace_23-2148187232-300x219.jpg\" alt=\"BioFungi team work best workplace\" width=\"300\" height=\"219\" \/><strong>Bio-Fungi jako pracodawca<\/strong><\/p>\n<p>Fakt, \u017ce jeste\u015bmy wiod\u0105c\u0105 firm\u0105 zajmuj\u0105c\u0105 si\u0119 upraw\u0105 i kompostowaniem pieczarek na W\u0119grzech iw regionie, oznacza dla naszych pracownik\u00f3w bezpiecze\u0144stwo, niezawodno\u015b\u0107 i przewidywalno\u015b\u0107.<\/p>\n<p>Jeste\u015bmy dumni, \u017ce mo\u017cemy zapewni\u0107 d\u0142ugoterminow\u0105 prac\u0119 naszym pracownikom, poniewa\u017c kilku cz\u0142onk\u00f3w naszego zespo\u0142u pracuje dla nas od 10-15-20 lat, mieszkaj\u0105c i buduj\u0105c wsp\u00f3lnie rozw\u00f3j naszej firmy.<\/p>\n<p>Opr\u00f3cz rozwoju i wzrostu naszej firmy, uwa\u017camy za niezwykle wa\u017cne zapewnienie indywidualnych mo\u017cliwo\u015bci rozwoju r\u00f3wnie\u017c naszym pracownikom. K\u0142adziemy nacisk na to, aby nasi pracownicy byli \u015bwiadomi najnowszych osi\u0105gni\u0119\u0107 w swojej dziedzinie pracy, najnowszych bada\u0144, trend\u00f3w i aktualnej wiedzy. Dlatego wspieramy ich udzia\u0142 w krajowych i zagranicznych wystawach, wydarzeniach, wyjazdach studyjnych i dalszych szkoleniach.<\/p>\n<p>Ponadto wspieramy osi\u0105ganie ich cel\u00f3w zawodowych, poniewa\u017c kilku naszych pracownik\u00f3w wyros\u0142o na lider\u00f3w, ale mo\u017cemy r\u00f3wnie\u017c zapewni\u0107 mo\u017cliwo\u015bci spr\u00f3bowania swoich si\u0142 w innych obszarach firmy. .<\/p>\n<p>Bio-Fungi to miejsce zar\u00f3wno dla m\u0142odych ludzi, jak i do\u015bwiadczonych profesjonalist\u00f3w. Ju\u017c w trakcie studi\u00f3w m\u0142odzi ludzie mog\u0105 liczy\u0107 na to, \u017ce zapewnimy profesjonalne sta\u017ce i podw\u00f3jne szkolenia.<\/p>\n<p>Dbamy r\u00f3wnie\u017c o \u015brodowisko, a odpowiedzialno\u015b\u0107 spo\u0142eczna odgrywa kluczow\u0105 rol\u0119 w naszych dzia\u0142aniach. Wspieramy r\u00f3wnie\u017c imprezy sportowe i prozdrowotne, wydarzenia kulturalne w okolicy oraz dzia\u0142alno\u015b\u0107 charytatywn\u0105.<\/p>\n<p style=\"text-align: center;\"><strong>Je\u015bli szukasz solidnego partnera i pracy, mo\u017cesz to znale\u017a\u0107 w Bio-Fungi!<\/strong><\/p>\n","protected":false},"excerpt":{"rendered":"<p>Bio-Fungi jako pracodawca Fakt, \u017ce jeste\u015bmy wiod\u0105c\u0105 firm\u0105 zajmuj\u0105c\u0105 si\u0119 upraw\u0105 i kompostowaniem pieczarek na W\u0119grzech iw regionie, oznacza dla naszych pracownik\u00f3w bezpiecze\u0144stwo, niezawodno\u015b\u0107 i przewidywalno\u015b\u0107. Jeste\u015bmy dumni, \u017ce mo\u017cemy zapewni\u0107 d\u0142ugoterminow\u0105 prac\u0119 naszym pracownikom, poniewa\u017c kilku cz\u0142onk\u00f3w naszego zespo\u0142u pracuje dla nas od 10-15-20 lat, mieszkaj\u0105c i buduj\u0105c wsp\u00f3lnie rozw\u00f3j naszej firmy. Opr\u00f3cz rozwoju [&hellip;]<\/p>\n","protected":false},"author":2,"featured_media":0,"parent":0,"menu_order":0,"comment_status":"closed","ping_status":"closed","template":"","meta":{"_et_pb_use_builder":"","_et_pb_old_content":"","_et_gb_content_width":"","footnotes":""},"class_list":["post-5458","page","type-page","status-publish","hentry"],"aioseo_notices":[],"_links":{"self":[{"href":"https:\/\/www.biofungi.hu\/pl\/wp-json\/wp\/v2\/pages\/5458","targetHints":{"allow":["GET"]}}],"collection":[{"href":"https:\/\/www.biofungi.hu\/pl\/wp-json\/wp\/v2\/pages"}],"about":[{"href":"https:\/\/www.biofungi.hu\/pl\/wp-json\/wp\/v2\/types\/page"}],"author":[{"embeddable":true,"href":"https:\/\/www.biofungi.hu\/pl\/wp-json\/wp\/v2\/users\/2"}],"replies":[{"embeddable":true,"href":"https:\/\/www.biofungi.hu\/pl\/wp-json\/wp\/v2\/comments?post=5458"}],"version-history":[{"count":0,"href":"https:\/\/www.biofungi.hu\/pl\/wp-json\/wp\/v2\/pages\/5458\/revisions"}],"wp:attachment":[{"href":"https:\/\/www.biofungi.hu\/pl\/wp-json\/wp\/v2\/media?parent=5458"}],"curies":[{"name":"wp","href":"https:\/\/api.w.org\/{rel}","templated":true}]}}