{"id":217,"date":"2017-07-03T07:13:38","date_gmt":"2017-07-03T07:13:38","guid":{"rendered":"http:\/\/www.biofungi.hu\/ro\/?page_id=217"},"modified":"2019-08-01T10:07:23","modified_gmt":"2019-08-01T10:07:23","slug":"despere-noi","status":"publish","type":"page","link":"https:\/\/www.biofungi.hu\/ro\/despere-noi\/","title":{"rendered":"Despere noi"},"content":{"rendered":"<p><a href=\"https:\/\/www.biofungi.hu\/wp-content\/uploads\/2018\/01\/DSC_7598-e1515404395906.jpg\"><img decoding=\"async\" class=\"alignleft size-medium wp-image-1173\" src=\"https:\/\/www.biofungi.hu\/wp-content\/uploads\/2018\/01\/DSC_7598-200x300.jpg\" alt=\"\" width=\"200\" height=\"300\" \/><\/a>Bio-Fungi Kft \u0219i-a \u00eenceput activitatea \u00een 1992. Din anul 2000 s-a \u00eenceput procesul de dezvoltare prin construirea sta\u0163iei de compostare l\u00e2ng\u0103 \u00c1porka.<\/p>\n<p>Datorit\u0103 anilor de experien\u0163\u0103 cumulat\u0103 \u015fi av\u00e2ntului conducerii, ast\u0103zi Bio-Fungi Kft ocup\u0103 un loc printre cele mai competitive societ\u0103\u0163i \u00een domeniu (producerea compostului \u015fi ciupercilor) din Europa Central\u0103. Proprietarii societ\u0103\u0163ii, cu o \u00eenalt\u0103 preg\u0103tire \u00een domeniu, sunt c\u0103uta\u0163i pentru priceperea \u015fi experien\u0163a lor, de studen\u0163i la agronomie, precum si de produc\u0103tori, care se ocup\u0103 cu cre\u015fterea ciupercilor, din Europa de Vest \u015fi de peste m\u0103ri.<\/p>\n<p>Sta\u0163ia de compostare de la Aporka corespunde celor mai exigente cerin\u0163e din UE din punct de vedere ecologic \u015fi al dot\u0103rii aparaturilor folosite \u00een produc\u0163ie. Cump\u0103r\u0103torii vechi \u015fi noi sunt foarte mul\u0163umi\u0163i \u00een primul r\u00e2nd de calitatea si productivitatea materialului cump\u0103rat de la firma noastr\u0103 precum si de consultan\u0163\u0103 de specialitate oferit\u0103.<\/p>\n<p>Astfel sub controlul sever al calit\u0103\u0163ii, societatea Bio-Fungi Kft., aprovizioneaz\u0103 peste 100 de produc\u0103tori de ciupercii, interni si externi \u00een decursul celor 365 de zile ale anului, cu cantitatea substratului de calitate, necesar\u0103 procesului de produc\u0163ie.<\/p>\n\n","protected":false},"excerpt":{"rendered":"<p>Bio-Fungi Kft \u0219i-a \u00eenceput activitatea \u00een 1992. Din anul 2000 s-a \u00eenceput procesul de dezvoltare prin construirea sta\u0163iei de compostare l\u00e2ng\u0103 \u00c1porka. Datorit\u0103 anilor de experien\u0163\u0103 cumulat\u0103 \u015fi av\u00e2ntului conducerii, ast\u0103zi Bio-Fungi Kft ocup\u0103 un loc printre cele mai competitive societ\u0103\u0163i \u00een domeniu (producerea compostului \u015fi ciupercilor) din Europa Central\u0103. Proprietarii societ\u0103\u0163ii, cu o \u00eenalt\u0103 [&hellip;]<\/p>\n","protected":false},"author":1,"featured_media":0,"parent":0,"menu_order":0,"comment_status":"closed","ping_status":"closed","template":"","meta":{"_et_pb_use_builder":"off","_et_pb_old_content":"A Bio-Fungi Termel\u0151 \u00e9s Kereskedelmi Kft-n\u00e9l tudjuk, hogy visszafogott megjelen\u00e9se dac\u00e1ra a gomba termeszt\u00e9se \u00f6sszetett szakmai kih\u00edv\u00e1s.\r\n\r\nC\u00e9g\u00fcnk 1992-es megalap\u00edt\u00e1sa \u00f3ta t\u00f6reksz\u00fcnk a legmodernebb technol\u00f3gi\u00e1k \u00e9s min\u0151s\u00e9gbiztos\u00edt\u00e1si elj\u00e1r\u00e1sok alkalmaz\u00e1s\u00e1ra \u00fczemeinkben \u00e9s gombah\u00e1zainkban egyar\u00e1nt, hiszen csak \u00edgy garant\u00e1lhatjuk partnereinknek a folyamatosan kiegyens\u00falyozott min\u0151s\u00e9g\u0171 komposztot, alapanyagot, valamint a kifog\u00e1stalan gombaterm\u00e9keket.\r\n\r\nA megb\u00edzhat\u00f3s\u00e1g \u00e9s pontoss\u00e1g ir\u00e1nti elk\u00f6telezetts\u00e9g\u00fcnk v\u00e1ltoztatta a Bio-Fungit csal\u00e1di v\u00e1llalkoz\u00e1sb\u00f3l Kelet-K\u00f6z\u00e9p-Eur\u00f3pa egyik vezet\u0151 gombaipari c\u00e9g\u00e9v\u00e9. Sz\u00e1m\u00edt\u00f3g\u00e9p-vez\u00e9relt, holland t\u00edpus\u00fa gombafarmjaink, a komposztot vil\u00e1ggy\u00e1rt\u00f3k olt\u00f3anyag\u00e1val el\u0151\u00e1ll\u00edt\u00f3, z\u00e1rt h\u0151kezel\u0151ink, valamint az ellen\u0151rz\u00e9st v\u00e9gz\u0151 k\u00e9miai-analitikai laborat\u00f3riumunk garant\u00e1lja partnereink megel\u00e9gedetts\u00e9g\u00e9t a vil\u00e1g 10 orsz\u00e1g\u00e1ban.","_et_gb_content_width":"","footnotes":""},"class_list":["post-217","page","type-page","status-publish","hentry"],"aioseo_notices":[],"_links":{"self":[{"href":"https:\/\/www.biofungi.hu\/ro\/wp-json\/wp\/v2\/pages\/217","targetHints":{"allow":["GET"]}}],"collection":[{"href":"https:\/\/www.biofungi.hu\/ro\/wp-json\/wp\/v2\/pages"}],"about":[{"href":"https:\/\/www.biofungi.hu\/ro\/wp-json\/wp\/v2\/types\/page"}],"author":[{"embeddable":true,"href":"https:\/\/www.biofungi.hu\/ro\/wp-json\/wp\/v2\/users\/1"}],"replies":[{"embeddable":true,"href":"https:\/\/www.biofungi.hu\/ro\/wp-json\/wp\/v2\/comments?post=217"}],"version-history":[{"count":0,"href":"https:\/\/www.biofungi.hu\/ro\/wp-json\/wp\/v2\/pages\/217\/revisions"}],"wp:attachment":[{"href":"https:\/\/www.biofungi.hu\/ro\/wp-json\/wp\/v2\/media?parent=217"}],"curies":[{"name":"wp","href":"https:\/\/api.w.org\/{rel}","templated":true}]}}