{"id":2874,"date":"2019-08-02T07:28:22","date_gmt":"2019-08-02T07:28:22","guid":{"rendered":"http:\/\/www.biofungi.hu\/?page_id=2874"},"modified":"2022-07-18T12:45:39","modified_gmt":"2022-07-18T11:45:39","slug":"furnizare-de-materii-prime","status":"publish","type":"page","link":"https:\/\/www.biofungi.hu\/ro\/despere-noi\/furnizare-de-materii-prime\/","title":{"rendered":"Furnizare de materii prime"},"content":{"rendered":"<p><img decoding=\"async\" class=\"aligncenter size-full wp-image-5042\" src=\"https:\/\/www.biofungi.hu\/wp-content\/uploads\/2021\/02\/BF-alapanyag.jpg\" alt=\"BF alapanyag\" width=\"2560\" height=\"407\" \/><\/p>\n<p><strong>Paie<\/strong><br \/>\nCompania noastr\u0103 folose\u0219te aproape zeci de mii de tone de paie, ceea ce este garantat din propria balotare. Pe l\u00e2ng\u0103 cele conven\u021bionale, folosim \u0219i paie organic\u0103. \u00cemp\u0103r\u021bim, balot\u0103m \u0219i transport\u0103m paiul cump\u0103rat de la fermieri. Cump\u0103r\u0103m paie de p\u00e2n\u0103 la 150 km raz\u0103 de la Kiskunlach\u00e1za. Balotarea paielor este realizat\u0103 de 11 vehicule de pres\u0103.<br \/>\n<iframe title=\"YouTube video player\" src=\"https:\/\/www.youtube.com\/embed\/JyAO1npREI4\" width=\"560\" height=\"315\" frameborder=\"0\" allowfullscreen=\"allowfullscreen\"><\/iframe><\/p>\n<p><strong>Gunoi de grajd<\/strong><br \/>\nGunoiul de pas\u0103re este achizi\u021bionat de la fermieri la locurile lor \u0219i transportat cu propriile vehicule. Lucr\u0103m cu contract \u0219i respect\u00e2nd termenele.<\/p>\n<p><strong>Balega de cal<\/strong><br \/>\nGunoiul de grajd necesar pentru produc\u021bia de materie prim\u0103 este livrat de la produc\u0103tori de vehicule proprii. Putem lucra doar cu gunoi de cai proaspete, de 1-3 s\u0103pt\u0103m\u00e2ni, datorit\u0103 faptului c\u0103 transport\u0103m gunoiul de grajd cu ordinea \u0219i programul strict.<\/p>\n<p><img decoding=\"async\" class=\"aligncenter size-full wp-image-5051\" src=\"https:\/\/www.biofungi.hu\/wp-content\/uploads\/2021\/02\/BF-alapanyag-2.jpg\" alt=\"BF alapanyag 2\" width=\"2560\" height=\"407\" \/><\/p>\n<p><strong>Subcontractarea<\/strong><br \/>\nUrm\u0103toarele lucr\u0103ri de subcontractare pe care le putem realiza cu o raz\u0103 de p\u00e2n\u0103 la 100 km de locul nostru din \u00c1porka:<\/p>\n<ul>\n<li>t\u00e5ierea brazdelor<\/li>\n<li>balotare<\/li>\n<li>se incarca pe camion<\/li>\n<li>transportul gunoiului de grajd<\/li>\n<li>r\u0103sp\u00e2ndirea gunoiului de grajd<\/li>\n<li>transport siloz<\/li>\n<li>transport de paie<\/li>\n<\/ul>\n<p><strong>FORMULARI \u0219i CONTRACTE<\/strong><\/p>\n<p>Forme de sector de paie sunt disponibile f\u0103c\u00e2nd <strong><a href=\"https:\/\/www.biofungi.hu\/ro\/documente\/\">clic aici<\/a><\/strong>.<\/p>\n<p style=\"text-align: center;\"><em>V\u0103 rug\u0103m s\u0103 contacta\u021bi Domnu <strong>Laszlo PAMUK<\/strong>\u00a0\u00een cazul contractelor<br \/>\n(paie, gunoi de grajd, declara\u021bie de acceptare, subcontractare):<br \/>\n<strong>+36 70 385 4511, laszlo.pamuk [@] biofungi.hu<\/strong><\/em><\/p>\n<p>&nbsp;<\/p>\n","protected":false},"excerpt":{"rendered":"<p>Paie Compania noastr\u0103 folose\u0219te aproape zeci de mii de tone de paie, ceea ce este garantat din propria balotare. Pe l\u00e2ng\u0103 cele conven\u021bionale, folosim \u0219i paie organic\u0103. \u00cemp\u0103r\u021bim, balot\u0103m \u0219i transport\u0103m paiul cump\u0103rat de la fermieri. Cump\u0103r\u0103m paie de p\u00e2n\u0103 la 150 km raz\u0103 de la Kiskunlach\u00e1za. Balotarea paielor este realizat\u0103 de 11 vehicule de [&hellip;]<\/p>\n","protected":false},"author":2,"featured_media":0,"parent":217,"menu_order":0,"comment_status":"closed","ping_status":"closed","template":"","meta":{"_et_pb_use_builder":"","_et_pb_old_content":"","_et_gb_content_width":"","footnotes":""},"class_list":["post-2874","page","type-page","status-publish","hentry"],"aioseo_notices":[],"_links":{"self":[{"href":"https:\/\/www.biofungi.hu\/ro\/wp-json\/wp\/v2\/pages\/2874","targetHints":{"allow":["GET"]}}],"collection":[{"href":"https:\/\/www.biofungi.hu\/ro\/wp-json\/wp\/v2\/pages"}],"about":[{"href":"https:\/\/www.biofungi.hu\/ro\/wp-json\/wp\/v2\/types\/page"}],"author":[{"embeddable":true,"href":"https:\/\/www.biofungi.hu\/ro\/wp-json\/wp\/v2\/users\/2"}],"replies":[{"embeddable":true,"href":"https:\/\/www.biofungi.hu\/ro\/wp-json\/wp\/v2\/comments?post=2874"}],"version-history":[{"count":0,"href":"https:\/\/www.biofungi.hu\/ro\/wp-json\/wp\/v2\/pages\/2874\/revisions"}],"up":[{"embeddable":true,"href":"https:\/\/www.biofungi.hu\/ro\/wp-json\/wp\/v2\/pages\/217"}],"wp:attachment":[{"href":"https:\/\/www.biofungi.hu\/ro\/wp-json\/wp\/v2\/media?parent=2874"}],"curies":[{"name":"wp","href":"https:\/\/api.w.org\/{rel}","templated":true}]}}