{"id":322,"date":"2017-07-19T08:03:11","date_gmt":"2017-07-19T08:03:11","guid":{"rendered":"http:\/\/www.biofungi.hu\/ro\/?page_id=322"},"modified":"2021-06-14T12:17:02","modified_gmt":"2021-06-14T11:17:02","slug":"productie-de-compost","status":"publish","type":"page","link":"https:\/\/www.biofungi.hu\/ro\/despere-noi\/productie-de-compost\/","title":{"rendered":"Produc\u0163ie de compost"},"content":{"rendered":"<p><img decoding=\"async\" class=\"aligncenter size-full wp-image-5015\" src=\"https:\/\/www.biofungi.hu\/wp-content\/uploads\/2021\/02\/BF-honlap-komposztgyartas.jpg\" alt=\"BF honlap komposztgyartas\" width=\"2560\" height=\"407\" \/><\/p>\n<p>Din 2000 Bio-Fungi Kft. produce \u00een cantit\u0103\u0163i mari \u015fi <a href=\"https:\/\/www.biofungi.hu\/ro\/produse\/compost-pentru-ciuperca-de-balegar\/\"><strong>compost<\/strong><\/a>. Cultivatorii de ciuperci se confrunt\u0103 cu problema compostului de calitate greu de estimat, risc\u00e2nd s\u0103 foloseasc\u0103 material de baz\u0103 de o calitate inferioar\u0103 ceea ce face aproape imposibil\u0103 ob\u0163inerea de rezultate bune. Totodat\u0103 cei care fabric\u0103 compost pentru ciuperci \u015ftiu c\u00e2t de dificil\u0103 este realizarea unui compost de o calitate superioar\u0103, independent\u0103 de conditiile climaterice variabile \u015fi de compozi\u0163ia schimb\u0103toare a materialelor folosite \u00een procesul de fabrica\u0163ie. Pentru ob\u0163inerea unei calit\u0103\u0163i superioare, tehnologia modern\u0103 \u015fi avansat\u0103 este esen\u0163ial\u0103. \u00cen 2003 compania noastr\u0103 a \u00eenceput investi\u0163iile \u00een acest sens, iar proiectul a fost implementat la standarde interna\u0163ionale.<\/p>\n<p>Investi\u0163ia a avut trei obiective:<\/p>\n<ul>\n<li>pe termen lung s\u0103 rezolve problema polu\u0103rii mediului, datorat\u0103 produc\u0163iei de compost;<\/li>\n<li>s\u0103 realizeze un spa\u0163iu \u00eenchis unde s\u0103 fie produs compost de o calitate constant superioar\u0103;<\/li>\n<li>s\u0103 produc\u0103 compost \u00een faza a-3-a, tot mai solicitat de cultivatorii de ciuperci, deoarece poate scurta cu dou\u0103 s\u0103pt\u0103m\u00e2ni ciclul de produc\u0163ie av\u00e2nd astfel un risc mai mic \u015fi o productivitate mai mare.<\/li>\n<\/ul>\n<p><img decoding=\"async\" class=\"aligncenter size-full wp-image-5024\" src=\"https:\/\/www.biofungi.hu\/wp-content\/uploads\/2021\/02\/BF-honlap-komposztgyartas-2.jpg\" alt=\"BF honlap komposztgyartas 2\" width=\"2560\" height=\"407\" \/><\/p>\n<p>Compostul de ciuperci este rezultatul procesului biologic \u015fi microbiologic al materiilor prime (paie, gunoi de grajd de cai \u015fi p\u0103s\u0103ri de curte, gips \u015fi ap\u0103), \u00eens\u0103m\u00e2n\u0163ate cu spori de ciuperci dup\u0103 un tratament termic. Pentru a se ob\u0163ine o calitate superioar\u0103, prepararea materiilor prime are loc \u00eentr-o linie de amestecare \u015fi udare de mare capacitate, iar compostul complet omogen ob\u0163inut, aflat \u00een prima faz\u0103, se depoziteaz\u0103 timp de 3-4 zile \u00eentr-un loc aerisit. Datorit\u0103 sistemului de ventila\u0163ie cu tuburi de aeraj montat \u00een podea, supravegheat de calculatoare, se asigur\u0103 condi\u0163ii optime de fermenta\u0163ie aeroba.<\/p>\n<p>Ultima faz\u0103 de fermenta\u0163ie se face \u00een bunc\u0103re bine \u00eenchise \u015fi ventilate, ob\u0163in\u00e2ndu-se un produs final care are o calitate superioar\u0103 stabil\u0103, neinfluen\u0163at\u0103 de intemperii \u00cen timpul acestui ultim proces de fermenta\u0163ie mirosul din bunc\u0103re \u015fi amoniacul nu ajung \u00een aerul liber ci este condus \u00een nou-construita sp\u0103l\u0103torie bio unde este filtrat \u00een propor\u0163ie de 90%.<\/p>\n<p><img decoding=\"async\" class=\"aligncenter size-full wp-image-4997\" src=\"https:\/\/www.biofungi.hu\/wp-content\/uploads\/2021\/02\/BF-honlap-komposzt-laska.jpg\" alt=\"BF honlap komposzt laska\" width=\"2560\" height=\"407\" \/><\/p>\n<p>Bio-Fungi Ltd \u0219i-a extins activitatea \u00een 2014 cu produc\u021bia de\u00a0<a href=\"https:\/\/www.biofungi.hu\/ro\/produse\/materie-prima-pentru-ciuperca-de-fag\/\"><strong>substrat de ciuperci de stridii<\/strong><\/a>. Pentru aceasta, folosim materii prime na\u021bionale excelente \u0219i mam\u0103 de reproducere a speciilor de succes care reprezint\u0103 baza produc\u021biei reu\u0219ite pentru partenerii no\u0219tri. Compania noastr\u0103 \u00eencearc\u0103 s\u0103 furnizeze clien\u021bilor s\u0103i un substrat fiabil \u0219i competitiv de ciuperci de orez, folosind experien\u021ba de c\u00e2teva decenii \u00een produc\u021bia de compost. \u00cen prezent, producem 400 de tone de substrat de ciuperci de stridii pe s\u0103pt\u0103m\u00e2n\u0103.<\/p>\n<p><img decoding=\"async\" class=\"aligncenter size-full wp-image-4979\" src=\"https:\/\/www.biofungi.hu\/wp-content\/uploads\/2021\/02\/BF-honlap-komposzt-csiperke-bio.jpg\" alt=\"BF honlap komposzt csiperke bio\" width=\"2560\" height=\"407\" \/><\/p>\n<p><img decoding=\"async\" class=\"wp-image-2781 alignleft\" src=\"https:\/\/www.biofungi.hu\/wp-content\/uploads\/2019\/08\/Biologo-lev\u00e9l-300x200.jpg\" alt=\"\" width=\"75\" height=\"50\" srcset=\"https:\/\/www.biofungi.hu\/wp-content\/uploads\/2019\/08\/Biologo-lev\u00e9l-300x200.jpg 300w, https:\/\/www.biofungi.hu\/wp-content\/uploads\/2019\/08\/Biologo-lev\u00e9l-768x512.jpg 768w, https:\/\/www.biofungi.hu\/wp-content\/uploads\/2019\/08\/Biologo-lev\u00e9l-1024x683.jpg 1024w, https:\/\/www.biofungi.hu\/wp-content\/uploads\/2019\/08\/Biologo-lev\u00e9l-1080x720.jpg 1080w, https:\/\/www.biofungi.hu\/wp-content\/uploads\/2019\/08\/Biologo-lev\u00e9l-1320x880.jpg 1320w\" sizes=\"(max-width: 75px) 100vw, 75px\" \/>Bio-Fungi Ltd a fost prima companie care a \u00eenceput s\u0103 produc\u0103 <a href=\"https:\/\/www.biofungi.hu\/ro\/produse\/compost-bio\/\"><strong>compost organic de ciuperci<\/strong><\/a>. \u00cen timpul produc\u021biei \u00eendeplinim acele cerin\u021be stricte referitoare la originea organic\u0103 a materiilor prime, procesele de procesare \u0219i produc\u021bie, ambalarea, depozitarea \u0219i transportul. Cumparam materiile prime de la producatorii de bio si in afara de certificatul bio, compostul nostru de ciuperci poate fi considerat si produsul fara OMG-uri.<\/p>\n<p style=\"text-align: center;\">Pentru mai multe informa\u021bii contacta\u021bi<strong> <a href=\"https:\/\/www.biofungi.hu\/ro\/despere-noi\/servicii-profesionale-de-consultanta\/\">consilierii no\u0219tri<\/a>!<\/strong><\/p>\n","protected":false},"excerpt":{"rendered":"<p>Din 2000 Bio-Fungi Kft. produce \u00een cantit\u0103\u0163i mari \u015fi compost. Cultivatorii de ciuperci se confrunt\u0103 cu problema compostului de calitate greu de estimat, risc\u00e2nd s\u0103 foloseasc\u0103 material de baz\u0103 de o calitate inferioar\u0103 ceea ce face aproape imposibil\u0103 ob\u0163inerea de rezultate bune. Totodat\u0103 cei care fabric\u0103 compost pentru ciuperci \u015ftiu c\u00e2t de dificil\u0103 este realizarea [&hellip;]<\/p>\n","protected":false},"author":1,"featured_media":0,"parent":217,"menu_order":0,"comment_status":"closed","ping_status":"closed","template":"","meta":{"_et_pb_use_builder":"","_et_pb_old_content":"","_et_gb_content_width":"","footnotes":""},"class_list":["post-322","page","type-page","status-publish","hentry"],"aioseo_notices":[],"_links":{"self":[{"href":"https:\/\/www.biofungi.hu\/ro\/wp-json\/wp\/v2\/pages\/322","targetHints":{"allow":["GET"]}}],"collection":[{"href":"https:\/\/www.biofungi.hu\/ro\/wp-json\/wp\/v2\/pages"}],"about":[{"href":"https:\/\/www.biofungi.hu\/ro\/wp-json\/wp\/v2\/types\/page"}],"author":[{"embeddable":true,"href":"https:\/\/www.biofungi.hu\/ro\/wp-json\/wp\/v2\/users\/1"}],"replies":[{"embeddable":true,"href":"https:\/\/www.biofungi.hu\/ro\/wp-json\/wp\/v2\/comments?post=322"}],"version-history":[{"count":0,"href":"https:\/\/www.biofungi.hu\/ro\/wp-json\/wp\/v2\/pages\/322\/revisions"}],"up":[{"embeddable":true,"href":"https:\/\/www.biofungi.hu\/ro\/wp-json\/wp\/v2\/pages\/217"}],"wp:attachment":[{"href":"https:\/\/www.biofungi.hu\/ro\/wp-json\/wp\/v2\/media?parent=322"}],"curies":[{"name":"wp","href":"https:\/\/api.w.org\/{rel}","templated":true}]}}