{"id":339,"date":"2017-07-19T10:20:32","date_gmt":"2017-07-19T10:20:32","guid":{"rendered":"http:\/\/www.biofungi.hu\/ro\/?page_id=339"},"modified":"2022-09-01T09:15:44","modified_gmt":"2022-09-01T08:15:44","slug":"productia-de-ciuperci","status":"publish","type":"page","link":"https:\/\/www.biofungi.hu\/ro\/despere-noi\/productia-de-ciuperci\/","title":{"rendered":"Productia de ciuperci"},"content":{"rendered":"<p><img decoding=\"async\" class=\"aligncenter size-full wp-image-4858\" src=\"https:\/\/www.biofungi.hu\/wp-content\/uploads\/2021\/02\/BF-honlap-csik-gomba-scaled.jpg\" alt=\"gombatermesztes BF\" width=\"2560\" height=\"407\" srcset=\"https:\/\/www.biofungi.hu\/wp-content\/uploads\/2021\/02\/BF-honlap-csik-gomba-scaled.jpg 2560w, https:\/\/www.biofungi.hu\/wp-content\/uploads\/2021\/02\/BF-honlap-csik-gomba-1280x204.jpg 1280w, https:\/\/www.biofungi.hu\/wp-content\/uploads\/2021\/02\/BF-honlap-csik-gomba-980x156.jpg 980w, https:\/\/www.biofungi.hu\/wp-content\/uploads\/2021\/02\/BF-honlap-csik-gomba-480x76.jpg 480w\" sizes=\"(min-width: 0px) and (max-width: 480px) 480px, (min-width: 481px) and (max-width: 980px) 980px, (min-width: 981px) and (max-width: 1280px) 1280px, (min-width: 1281px) 2560px, 100vw\" \/><\/p>\n<p>Fiind una dintre cele mai importante companii din industria ciupercilor din Europa Central\u0103 \u0219i de Est, fermele de ciuperci controlate de calculator Bio-Fungi S.R.L. ne asigur\u0103 c\u0103 r\u0103m\u00e2nem \u00een fa\u021ba concuren\u021bei noastre \u00een termeni de randament \u0219i calitate. Sistemul nostru automatizat men\u021bine condi\u021biile ideale pentru cre\u0219terea ciupercilor 24 de ore pe zi, ceea ce este esen\u021bial pentru furnizarea partenerilor no\u0219tri unei oferte permanente. \u00cen prezent, furniz\u0103m partenerilor no\u0219tri na\u021bionali \u0219i interna\u021bionali 120-130 de tone de ciuperci proaspete cultivate, care sunt \u00een principal lan\u021buri de comer\u021b cu am\u0103nuntul. \u00cen plus fa\u021b\u0103 de eficien\u021b\u0103, acord\u0103m aten\u021bie \u0219i recolt\u0103rii capetelor de ciuperci \u00een diferite dimensiuni, \u00een func\u021bie de necesit\u0103\u021bile gastronomiei \u0219i de aprovizionare cu produse proaspete.<\/p>\n<p>Pe l\u00e2ng\u0103 <strong>ciuperca tradi\u021bional\u0103 alb\u0103 \u0219i maro, avem ciuperci organice, ciuperci de stridii, shiitake, eryngii<\/strong>. \u00cen cultivare nu folosim substan\u021be chimice, ciupercile nu sunt tratate cu pesticide.<\/p>\n<p>Pe parcursul \u00eentregului an furniz\u0103m partenerilor no\u0219tri ciuperci proaspete de \u00eenalt\u0103 calitate. Putem oferi o gam\u0103 larg\u0103 de produse pentru ciuperci pentru clien\u021bii no\u0219tri. De asemenea, lu\u0103m \u00een considerare cererile individuale, astfel \u00eenc\u00e2t, \u00een completarea produselor noastre existente, suntem preg\u0103ti\u021bi s\u0103 oferim diferite op\u021biuni at\u00e2t \u00een ceea ce prive\u0219te ambalarea, c\u00e2t \u0219i etichetarea.<\/p>\n<p style=\"text-align: center;\"><strong><a href=\"https:\/\/chefgomba.hu\/en\/our-products\/\" target=\"_blank\" rel=\"noopener\">Click aici<\/a><\/strong> pentru a vedea produsele noastre proaspete cu ciuperci!<\/p>\n<p><em><strong>Cum producem?<\/strong><\/em><br \/>\n<iframe src=\"https:\/\/www.youtube.com\/embed\/7K-sVqi8PPc\" width=\"560\" height=\"315\" frameborder=\"0\" allowfullscreen=\"allowfullscreen\"><\/iframe><\/p>\n","protected":false},"excerpt":{"rendered":"<p>Fiind una dintre cele mai importante companii din industria ciupercilor din Europa Central\u0103 \u0219i de Est, fermele de ciuperci controlate de calculator Bio-Fungi S.R.L. ne asigur\u0103 c\u0103 r\u0103m\u00e2nem \u00een fa\u021ba concuren\u021bei noastre \u00een termeni de randament \u0219i calitate. Sistemul nostru automatizat men\u021bine condi\u021biile ideale pentru cre\u0219terea ciupercilor 24 de ore pe zi, ceea ce este [&hellip;]<\/p>\n","protected":false},"author":1,"featured_media":0,"parent":217,"menu_order":0,"comment_status":"closed","ping_status":"closed","template":"","meta":{"_et_pb_use_builder":"","_et_pb_old_content":"","_et_gb_content_width":"","footnotes":""},"class_list":["post-339","page","type-page","status-publish","hentry"],"aioseo_notices":[],"_links":{"self":[{"href":"https:\/\/www.biofungi.hu\/ro\/wp-json\/wp\/v2\/pages\/339","targetHints":{"allow":["GET"]}}],"collection":[{"href":"https:\/\/www.biofungi.hu\/ro\/wp-json\/wp\/v2\/pages"}],"about":[{"href":"https:\/\/www.biofungi.hu\/ro\/wp-json\/wp\/v2\/types\/page"}],"author":[{"embeddable":true,"href":"https:\/\/www.biofungi.hu\/ro\/wp-json\/wp\/v2\/users\/1"}],"replies":[{"embeddable":true,"href":"https:\/\/www.biofungi.hu\/ro\/wp-json\/wp\/v2\/comments?post=339"}],"version-history":[{"count":0,"href":"https:\/\/www.biofungi.hu\/ro\/wp-json\/wp\/v2\/pages\/339\/revisions"}],"up":[{"embeddable":true,"href":"https:\/\/www.biofungi.hu\/ro\/wp-json\/wp\/v2\/pages\/217"}],"wp:attachment":[{"href":"https:\/\/www.biofungi.hu\/ro\/wp-json\/wp\/v2\/media?parent=339"}],"curies":[{"name":"wp","href":"https:\/\/api.w.org\/{rel}","templated":true}]}}