{"id":371,"date":"2017-07-28T07:25:54","date_gmt":"2017-07-28T07:25:54","guid":{"rendered":"http:\/\/www.biofungi.hu\/ro\/?page_id=371"},"modified":"2021-06-01T12:04:04","modified_gmt":"2021-06-01T11:04:04","slug":"proiect-de-ciuperci-scoala","status":"publish","type":"page","link":"https:\/\/www.biofungi.hu\/ro\/despere-noi\/proiect-de-ciuperci-scoala\/","title":{"rendered":"Proiect de Ciuperci \u0219coal\u0103"},"content":{"rendered":"<p><img decoding=\"async\" class=\"aligncenter size-large wp-image-5486\" src=\"https:\/\/www.biofungi.hu\/wp-content\/uploads\/2021\/06\/iskolagomba_4-1024x118.jpg\" alt=\"iskolagomba_4\" width=\"1024\" height=\"118\" srcset=\"https:\/\/www.biofungi.hu\/wp-content\/uploads\/2021\/06\/iskolagomba_4-980x113.jpg 980w, https:\/\/www.biofungi.hu\/wp-content\/uploads\/2021\/06\/iskolagomba_4-480x56.jpg 480w\" sizes=\"(min-width: 0px) and (max-width: 480px) 480px, (min-width: 481px) and (max-width: 980px) 980px, (min-width: 981px) 1024px, 100vw\" \/><\/p>\n<p>\u00cen afar\u0103 de producerea de compost \u0219i cultivarea ciupercilor, compania noastra, Bio-Fungi Ltd se concentreaz\u0103 pe promovarea \u0219i cre\u0219terea consumului de ciuperci, de asemenea.<\/p>\n<p>Ungaria \u00een mod unic am \u00eenceput \u00een aprilie 2016 programul nostru numit Proiect de Ciuperci \u0219coal\u0103, ceea ce \u00eenseamn\u0103 c\u0103 transportul la \u0219colile participante o cutie de ciuperci compost Faz\u0103 4 cu ace mici.<\/p>\n<p>Preg\u0103tirea practic\u0103 se completeaz\u0103 cu un material educativ, care explic\u0103 cultivarea ciupercilor \u00een imagini pe care copiii s\u0103 \u00een\u021beleag\u0103 mai mult. Acest lucru ar putea fi foarte utile cu privire la biologie sau \u0219tiin\u021b\u0103 lec\u021bii.<\/p>\n<p>Scopul proiectului Scoala de ciuperci este ca elevii s\u0103 se familiarizeze cu cultivarea ciupercilor, at\u00e2t \u00een \u200b\u200bteorie c\u00e2t \u0219i \u00een practic\u0103, \u00een acela\u0219i timp, \u0219i s\u0103 \u00een\u021beleag\u0103 modul \u00een care organismul special de ciuperci este \u0219i, de asemenea, un aliment foarte fin, de asemenea.<\/p>\n<p>\u00cen prezent, exist\u0103 15 de \u0219coal\u0103 de la Budapesta \u0219i 3 din jude\u021bul Pest participante, dar sper\u0103m s\u0103 extindem programul \u00een semestrul urm\u0103tor.<\/p>\n<p><img decoding=\"async\" class=\"alignnone wp-image-5504 size-large\" src=\"https:\/\/www.biofungi.hu\/wp-content\/uploads\/2021\/06\/iskolagomba_2-1024x118.jpg\" alt=\"iskolagomba_2\" width=\"1024\" height=\"118\" srcset=\"https:\/\/www.biofungi.hu\/wp-content\/uploads\/2021\/06\/iskolagomba_2-980x113.jpg 980w, https:\/\/www.biofungi.hu\/wp-content\/uploads\/2021\/06\/iskolagomba_2-480x56.jpg 480w\" sizes=\"(min-width: 0px) and (max-width: 480px) 480px, (min-width: 481px) and (max-width: 980px) 980px, (min-width: 981px) 1024px, 100vw\" \/><\/p>\n","protected":false},"excerpt":{"rendered":"<p>\u00cen afar\u0103 de producerea de compost \u0219i cultivarea ciupercilor, compania noastra, Bio-Fungi Ltd se concentreaz\u0103 pe promovarea \u0219i cre\u0219terea consumului de ciuperci, de asemenea. Ungaria \u00een mod unic am \u00eenceput \u00een aprilie 2016 programul nostru numit Proiect de Ciuperci \u0219coal\u0103, ceea ce \u00eenseamn\u0103 c\u0103 transportul la \u0219colile participante o cutie de ciuperci compost Faz\u0103 4 [&hellip;]<\/p>\n","protected":false},"author":1,"featured_media":0,"parent":217,"menu_order":0,"comment_status":"closed","ping_status":"closed","template":"","meta":{"_et_pb_use_builder":"","_et_pb_old_content":"","_et_gb_content_width":"","footnotes":""},"class_list":["post-371","page","type-page","status-publish","hentry"],"aioseo_notices":[],"_links":{"self":[{"href":"https:\/\/www.biofungi.hu\/ro\/wp-json\/wp\/v2\/pages\/371","targetHints":{"allow":["GET"]}}],"collection":[{"href":"https:\/\/www.biofungi.hu\/ro\/wp-json\/wp\/v2\/pages"}],"about":[{"href":"https:\/\/www.biofungi.hu\/ro\/wp-json\/wp\/v2\/types\/page"}],"author":[{"embeddable":true,"href":"https:\/\/www.biofungi.hu\/ro\/wp-json\/wp\/v2\/users\/1"}],"replies":[{"embeddable":true,"href":"https:\/\/www.biofungi.hu\/ro\/wp-json\/wp\/v2\/comments?post=371"}],"version-history":[{"count":0,"href":"https:\/\/www.biofungi.hu\/ro\/wp-json\/wp\/v2\/pages\/371\/revisions"}],"up":[{"embeddable":true,"href":"https:\/\/www.biofungi.hu\/ro\/wp-json\/wp\/v2\/pages\/217"}],"wp:attachment":[{"href":"https:\/\/www.biofungi.hu\/ro\/wp-json\/wp\/v2\/media?parent=371"}],"curies":[{"name":"wp","href":"https:\/\/api.w.org\/{rel}","templated":true}]}}