{"id":3821,"date":"2019-12-19T07:56:34","date_gmt":"2019-12-19T07:56:34","guid":{"rendered":"http:\/\/www.biofungi.hu\/?page_id=3821"},"modified":"2022-07-18T13:55:55","modified_gmt":"2022-07-18T12:55:55","slug":"responsabilitatea-sociala-corporativa","status":"publish","type":"page","link":"https:\/\/www.biofungi.hu\/ro\/despere-noi\/responsabilitatea-sociala-corporativa\/","title":{"rendered":"Responsabilitatea social\u0103 corporativ\u0103"},"content":{"rendered":"<p>\u00cen lumea noastr\u0103 \u00een schimbare rapid\u0103, orice afacere de succes trebuie s\u0103 r\u0103m\u00e2n\u0103 con\u0219tient\u0103 at\u00e2t de nevoile comunit\u0103\u021bii, c\u00e2t \u0219i ale planetei. Prin urmare, Bio-Fungi Ltd. pune un accent deosebit pe responsabilitatea social\u0103, concentr\u00e2ndu-se pe cinci piloni.<\/p>\n<p><strong>1. GoPink<\/strong><\/p>\n<p><a href=\"www.gopink.hu\" target=\"_blank\" rel=\"noopener\"><img decoding=\"async\" class=\"aligncenter wp-image-4868\" src=\"https:\/\/www.biofungi.hu\/wp-content\/uploads\/2021\/02\/TV-szpot-alap-slider.jpg\" alt=\"\" width=\"437\" height=\"146\" \/><\/a><\/p>\n<p>Con\u0219tiin\u021ba asupra s\u0103n\u0103t\u0103\u021bii \u0219i promovarea vie\u021bii s\u0103n\u0103toase sunt aproape de inimile noastre la Bio-Fungi Ltd., astfel consider\u0103m c\u0103 este extrem de important s\u0103 sponsoriz\u0103m campanii care vizeaz\u0103 prevenirea bolilor precum cancerul de s\u00e2n.<\/p>\n<p>Lansat \u00een 2012, GoPink! campania eviden\u021biaz\u0103 importan\u021ba screening-ului \u0219i pentru a sprijini activit\u0103\u021bile anti-cancer. Atunci c\u00e2nd sunt combinate cu o diet\u0103 s\u0103n\u0103toas\u0103 \u0219i o via\u021b\u0103 anactiv\u0103, ciupercile pot ajuta la reducerea nivelurilor ridicate de estrogen, un factor de risc care contribuie la apari\u021bia bolii. Acesta este singurul motiv pentru care compania noastr\u0103 se simte implicat\u0103 \u00een lupt\u0103. \u00cen fiecare octombrie, ca parte a campaniei, livr\u0103m produsele noastre cu ciuperci \u00een t\u0103vi roz partenerilor no\u0219tri din supermarket, deoarece este culoarea oficial\u0103 \u00een lupta \u00eempotriva cancerului de s\u00e2n. Sus\u021binem lupta \u00eempotriva bolii cu o anumit\u0103 sum\u0103 din veniturile din v\u00e2nz\u0103rile acestor produse special de ambalare.<\/p>\n<p><strong>2. Proiectul ciupercilor \u0219colare<\/strong><\/p>\n<p><a href=\"www.iskolagomba.hu\" target=\"_blank\" rel=\"noopener\"><img decoding=\"async\" class=\"aligncenter size-full wp-image-4877\" src=\"https:\/\/www.biofungi.hu\/wp-content\/uploads\/2021\/02\/iskolagomba-csik-2-scaled.jpg\" alt=\"iskolagomba\" width=\"2560\" height=\"437\" srcset=\"https:\/\/www.biofungi.hu\/wp-content\/uploads\/2021\/02\/iskolagomba-csik-2-scaled.jpg 2560w, https:\/\/www.biofungi.hu\/wp-content\/uploads\/2021\/02\/iskolagomba-csik-2-1280x219.jpg 1280w, https:\/\/www.biofungi.hu\/wp-content\/uploads\/2021\/02\/iskolagomba-csik-2-980x167.jpg 980w, https:\/\/www.biofungi.hu\/wp-content\/uploads\/2021\/02\/iskolagomba-csik-2-480x82.jpg 480w\" sizes=\"(min-width: 0px) and (max-width: 480px) 480px, (min-width: 481px) and (max-width: 980px) 980px, (min-width: 981px) and (max-width: 1280px) 1280px, (min-width: 1281px) 2560px, 100vw\" \/><\/a><\/p>\n<p>\u00cen mod unic, am fost primii din \u021bar\u0103 care au lansat programul nostru numit \u0218coal\u0103 de ciuperci \u00een prim\u0103vara anului 2016, care \u00ee\u0219i propune ca elevii s\u0103 cunoasc\u0103 lumea ciupercilor \u00een teorie \u0219i practic\u0103 \u0219i s\u0103 \u00een\u021beleag\u0103 c\u00e2t de special\u0103 este ciuperca \u0219i o m\u00e2ncare foarte delicioas\u0103.<\/p>\n<p><strong>3. Dieta s\u0103n\u0103toas\u0103<\/strong><\/p>\n<p><img decoding=\"async\" class=\"aligncenter size-full wp-image-4886\" src=\"https:\/\/www.biofungi.hu\/wp-content\/uploads\/2021\/02\/BF-honlap-rendezvenyek-scaled.jpg\" alt=\"BF honlap rendezvenyek\" width=\"2560\" height=\"407\" srcset=\"https:\/\/www.biofungi.hu\/wp-content\/uploads\/2021\/02\/BF-honlap-rendezvenyek-scaled.jpg 2560w, https:\/\/www.biofungi.hu\/wp-content\/uploads\/2021\/02\/BF-honlap-rendezvenyek-1280x204.jpg 1280w, https:\/\/www.biofungi.hu\/wp-content\/uploads\/2021\/02\/BF-honlap-rendezvenyek-980x156.jpg 980w, https:\/\/www.biofungi.hu\/wp-content\/uploads\/2021\/02\/BF-honlap-rendezvenyek-480x76.jpg 480w\" sizes=\"(min-width: 0px) and (max-width: 480px) 480px, (min-width: 481px) and (max-width: 980px) 980px, (min-width: 981px) and (max-width: 1280px) 1280px, (min-width: 1281px) 2560px, 100vw\" \/><\/p>\n<p>\u00cen regiunea \u00een care ne baz\u0103m (\u00c1porka, \u00d3csa), contribuim la s\u0103n\u0103tatea comunit\u0103\u021bilor locale, oferind ciuperci proaspete institu\u021biilor publice, evenimentelor, \u0219colilor, gr\u0103dini\u021belor, competi\u021bii \u0219i alte evenimente sportive.<\/p>\n<p><strong>4. Caritate<\/strong><\/p>\n<p><img decoding=\"async\" class=\"aligncenter size-full wp-image-4895\" src=\"https:\/\/www.biofungi.hu\/wp-content\/uploads\/2021\/02\/BF-honlap-CSR-scaled.jpg\" alt=\"BF honlap CSR\" width=\"2560\" height=\"407\" srcset=\"https:\/\/www.biofungi.hu\/wp-content\/uploads\/2021\/02\/BF-honlap-CSR-scaled.jpg 2560w, https:\/\/www.biofungi.hu\/wp-content\/uploads\/2021\/02\/BF-honlap-CSR-1280x204.jpg 1280w, https:\/\/www.biofungi.hu\/wp-content\/uploads\/2021\/02\/BF-honlap-CSR-980x156.jpg 980w, https:\/\/www.biofungi.hu\/wp-content\/uploads\/2021\/02\/BF-honlap-CSR-480x76.jpg 480w\" sizes=\"(min-width: 0px) and (max-width: 480px) 480px, (min-width: 481px) and (max-width: 980px) 980px, (min-width: 981px) and (max-width: 1280px) 1280px, (min-width: 1281px) 2560px, 100vw\" \/><\/p>\n<p>Compania noastr\u0103 sus\u021bine activitatea organiza\u021biilor caritabile maghiare, Asocia\u021biei Maghiare a B\u0103ncii Alimentelor \u0219i a altor ini\u021biative benefice din punct de vedere social.<\/p>\n<p><strong>5. Durabilitate<\/strong><\/p>\n<p><img decoding=\"async\" class=\"aligncenter size-full wp-image-6661\" src=\"https:\/\/www.biofungi.hu\/wp-content\/uploads\/2022\/07\/fenntarthatosag.jpg\" alt=\"fenntarthatosag\" width=\"2480\" height=\"351\" srcset=\"https:\/\/www.biofungi.hu\/wp-content\/uploads\/2022\/07\/fenntarthatosag.jpg 2480w, https:\/\/www.biofungi.hu\/wp-content\/uploads\/2022\/07\/fenntarthatosag-1280x181.jpg 1280w, https:\/\/www.biofungi.hu\/wp-content\/uploads\/2022\/07\/fenntarthatosag-980x139.jpg 980w, https:\/\/www.biofungi.hu\/wp-content\/uploads\/2022\/07\/fenntarthatosag-480x68.jpg 480w\" sizes=\"(min-width: 0px) and (max-width: 480px) 480px, (min-width: 481px) and (max-width: 980px) 980px, (min-width: 981px) and (max-width: 1280px) 1280px, (min-width: 1281px) 2480px, 100vw\" \/><\/p>\n<p>Cultivarea ciupercilor este foarte benefic\u0103 din punct de vedere al durabilit\u0103\u021bii, de fapt poate fi considerat\u0103 \u0219i o reciclare modern\u0103, deoarece folose\u0219te subproduse agricole din alte sectoare ale agriculturii (paie, pui \u0219i gunoi de grajd de cal) pentru a produce compost de ciuperci. Acest lucru face ca cultivarea ciupercilor s\u0103 fie durabil\u0103, iar industria ciupercilor un partener perfect pentru alte sectoare agricole.<\/p>\n<p>Ciupercile cultivate au o amprent\u0103 ecologic\u0103 foarte sc\u0103zut\u0103. Doar 7 litri de ap\u0103 \u0219i 1 kW de energie sunt necesari pentru a produce un kilogram de ciuperci, ceea ce corespunde la 0,3 kg de emisii de dioxid de carbon. \u00cen casele moderne de cre\u0219tere a ciupercilor, controlate de computer, este implementat\u0103 irigarea prin picurare, adic\u0103 apa necesar\u0103 pentru cre\u0219terea ciupercilor este pe deplin utilizat\u0103. Nu folosim pesticide in cultivarea ciupercilor, iar casele de crestere le dezinfectam cu abur, deci impactul asupra mediului este si mai mic. \u00cen plus, un sistem solar ne sprijin\u0103 furnizarea de energie \u00een ambele loca\u021bii. Un alt avantaj al cre\u0219terii ciupercilor este c\u0103 compostul recoltat poate fi folosit pentru \u00eembun\u0103t\u0103\u021birea solului (de exemplu, produc\u021bia de p\u0103m\u00e2nt de ghiveci), produc\u00e2nd astfel \u0219i mai pu\u021bine de\u0219euri.<\/p>\n","protected":false},"excerpt":{"rendered":"<p>\u00cen lumea noastr\u0103 \u00een schimbare rapid\u0103, orice afacere de succes trebuie s\u0103 r\u0103m\u00e2n\u0103 con\u0219tient\u0103 at\u00e2t de nevoile comunit\u0103\u021bii, c\u00e2t \u0219i ale planetei. Prin urmare, Bio-Fungi Ltd. pune un accent deosebit pe responsabilitatea social\u0103, concentr\u00e2ndu-se pe cinci piloni. 1. GoPink Con\u0219tiin\u021ba asupra s\u0103n\u0103t\u0103\u021bii \u0219i promovarea vie\u021bii s\u0103n\u0103toase sunt aproape de inimile noastre la Bio-Fungi Ltd., astfel [&hellip;]<\/p>\n","protected":false},"author":2,"featured_media":0,"parent":217,"menu_order":0,"comment_status":"closed","ping_status":"closed","template":"","meta":{"_et_pb_use_builder":"","_et_pb_old_content":"","_et_gb_content_width":"","footnotes":""},"class_list":["post-3821","page","type-page","status-publish","hentry"],"aioseo_notices":[],"_links":{"self":[{"href":"https:\/\/www.biofungi.hu\/ro\/wp-json\/wp\/v2\/pages\/3821","targetHints":{"allow":["GET"]}}],"collection":[{"href":"https:\/\/www.biofungi.hu\/ro\/wp-json\/wp\/v2\/pages"}],"about":[{"href":"https:\/\/www.biofungi.hu\/ro\/wp-json\/wp\/v2\/types\/page"}],"author":[{"embeddable":true,"href":"https:\/\/www.biofungi.hu\/ro\/wp-json\/wp\/v2\/users\/2"}],"replies":[{"embeddable":true,"href":"https:\/\/www.biofungi.hu\/ro\/wp-json\/wp\/v2\/comments?post=3821"}],"version-history":[{"count":0,"href":"https:\/\/www.biofungi.hu\/ro\/wp-json\/wp\/v2\/pages\/3821\/revisions"}],"up":[{"embeddable":true,"href":"https:\/\/www.biofungi.hu\/ro\/wp-json\/wp\/v2\/pages\/217"}],"wp:attachment":[{"href":"https:\/\/www.biofungi.hu\/ro\/wp-json\/wp\/v2\/media?parent=3821"}],"curies":[{"name":"wp","href":"https:\/\/api.w.org\/{rel}","templated":true}]}}