{"id":427,"date":"2017-07-28T08:23:57","date_gmt":"2017-07-28T08:23:57","guid":{"rendered":"http:\/\/www.biofungi.hu\/ro\/?page_id=427"},"modified":"2017-12-21T08:59:23","modified_gmt":"2017-12-21T08:59:23","slug":"cercetare","status":"publish","type":"page","link":"https:\/\/www.biofungi.hu\/ro\/cercetare\/","title":{"rendered":"Cercetare"},"content":{"rendered":"<p>De cercetare \u2013 dezvoltare:<\/p>\n<ul>\n<li><a href=\"https:\/\/www.biofungi.hu\/ro\/cercetare\/cercetarea-de-markeri-metabolici\/\">Cercetarea de markeri metabolici<\/a><\/li>\n<li>Dezvoltarea de Biofiltre<\/li>\n<li><a href=\"https:\/\/www.biofungi.hu\/ro\/cercetare\/cercetari-legate-de-vitamina-d\/\">Cercet\u0103ri legate de vitamin\u0103-D<\/a><\/li>\n<li><a href=\"https:\/\/www.biofungi.hu\/ro\/cercetare\/ciuperci-imbogatite-cu-seleniu\/\">Ciuperci \u00eembog\u0103\u021bite cu seleniu<\/a><\/li>\n<\/ul>\n","protected":false},"excerpt":{"rendered":"<p>De cercetare \u2013 dezvoltare: Cercetarea de markeri metabolici Dezvoltarea de Biofiltre Cercet\u0103ri legate de vitamin\u0103-D Ciuperci \u00eembog\u0103\u021bite cu seleniu<\/p>\n","protected":false},"author":1,"featured_media":0,"parent":0,"menu_order":0,"comment_status":"closed","ping_status":"closed","template":"","meta":{"_et_pb_use_builder":"off","_et_pb_old_content":"","_et_gb_content_width":"","footnotes":""},"class_list":["post-427","page","type-page","status-publish","hentry"],"aioseo_notices":[],"_links":{"self":[{"href":"https:\/\/www.biofungi.hu\/ro\/wp-json\/wp\/v2\/pages\/427","targetHints":{"allow":["GET"]}}],"collection":[{"href":"https:\/\/www.biofungi.hu\/ro\/wp-json\/wp\/v2\/pages"}],"about":[{"href":"https:\/\/www.biofungi.hu\/ro\/wp-json\/wp\/v2\/types\/page"}],"author":[{"embeddable":true,"href":"https:\/\/www.biofungi.hu\/ro\/wp-json\/wp\/v2\/users\/1"}],"replies":[{"embeddable":true,"href":"https:\/\/www.biofungi.hu\/ro\/wp-json\/wp\/v2\/comments?post=427"}],"version-history":[{"count":0,"href":"https:\/\/www.biofungi.hu\/ro\/wp-json\/wp\/v2\/pages\/427\/revisions"}],"wp:attachment":[{"href":"https:\/\/www.biofungi.hu\/ro\/wp-json\/wp\/v2\/media?parent=427"}],"curies":[{"name":"wp","href":"https:\/\/api.w.org\/{rel}","templated":true}]}}