{"id":5450,"date":"2021-06-01T11:17:52","date_gmt":"2021-06-01T10:17:52","guid":{"rendered":"https:\/\/www.biofungi.hu\/?page_id=5450"},"modified":"2021-06-01T11:17:52","modified_gmt":"2021-06-01T10:17:52","slug":"oferta-de-munca","status":"publish","type":"page","link":"https:\/\/www.biofungi.hu\/ro\/oferta-de-munca\/","title":{"rendered":"Ofert\u0103 de munc\u0103"},"content":{"rendered":"<p><strong><img decoding=\"async\" class=\"alignright size-medium wp-image-3655\" src=\"https:\/\/www.biofungi.hu\/wp-content\/uploads\/2019\/11\/low-angle-view-businesspeople-stacking-hand-together-workplace_23-2148187232-300x219.jpg\" alt=\"BioFungi team work best workplace\" width=\"300\" height=\"219\" \/>Bio-Fungi ca angajator<\/strong><\/p>\n<p>Faptul c\u0103 suntem cea mai mare companie de cultivare \u0219i compostare a ciupercilor din Ungaria \u0219i din regiune \u00eenseamn\u0103 siguran\u021b\u0103, fiabilitate \u0219i predictibilitate pentru angaja\u021bii no\u0219tri.<\/p>\n<p>Suntem m\u00e2ndri c\u0103 putem oferi angaja\u021bilor no\u0219tri oportunit\u0103\u021bi de munc\u0103 pe termen lung, deoarece mai mul\u021bi membri ai echipei noastre lucreaz\u0103 pentru noi de 10-15-20 de ani, tr\u0103ind \u0219i construind \u00eempreun\u0103 dezvoltarea companiei noastre.<\/p>\n<p>Pe l\u00e2ng\u0103 dezvoltarea \u0219i cre\u0219terea companiei noastre, consider\u0103m c\u0103 este extrem de important s\u0103 oferim \u0219i oportunit\u0103\u021bi individuale de dezvoltare angaja\u021bilor no\u0219tri. Punem accent pe asigurarea faptului c\u0103 angaja\u021bii no\u0219tri sunt con\u0219tien\u021bi de cele mai recente evolu\u021bii \u00een domeniul lor de munc\u0103, de ultimele cercet\u0103ri, tendin\u021be \u0219i cuno\u0219tin\u021be actualizate. De aceea sus\u021binem participarea lor la expozi\u021bii, evenimente, excursii de studiu \u0219i form\u0103ri ulterioare interne \u0219i externe.<\/p>\n<p>\u00cen plus, sus\u021binem realizarea obiectivelor lor de carier\u0103, deoarece mai mul\u021bi dintre angaja\u021bii no\u0219tri au devenit lideri, dar putem oferi, de asemenea, oportunit\u0103\u021bi de a se \u00eencerca \u00een alte domenii ale companiei.<\/p>\n<p>Bio-Fungi are un loc at\u00e2t pentru tineri, c\u00e2t \u0219i pentru profesioni\u0219ti cu experien\u021b\u0103. Chiar \u0219i \u00een timpul studiilor, tinerii pot conta pe noi pentru a oferi stagii profesionale \u0219i oportunit\u0103\u021bi de formare dual\u0103.<\/p>\n<p>De asemenea, acord\u0103m aten\u021bie mediului nostru, iar <a href=\"https:\/\/www.biofungi.hu\/ro\/despere-noi\/responsabilitatea-sociala-corporativa\/\" target=\"_blank\" rel=\"noopener\">responsabilitatea social\u0103<\/a> joac\u0103 un rol cheie \u00een activit\u0103\u021bile noastre. De asemenea, sprijinim evenimente sportive \u0219i de via\u021b\u0103 s\u0103n\u0103toas\u0103, evenimente culturale din zon\u0103 \u0219i activit\u0103\u021bi caritabile.<\/p>\n<p style=\"text-align: center;\"><strong>Dac\u0103 sunte\u021bi \u00een c\u0103utarea unui partener de \u00eencredere \u0219i a unui loc de munc\u0103, \u00eel pute\u021bi g\u0103si la Bio-Fungi!<\/strong><\/p>\n","protected":false},"excerpt":{"rendered":"<p>Bio-Fungi ca angajator Faptul c\u0103 suntem cea mai mare companie de cultivare \u0219i compostare a ciupercilor din Ungaria \u0219i din regiune \u00eenseamn\u0103 siguran\u021b\u0103, fiabilitate \u0219i predictibilitate pentru angaja\u021bii no\u0219tri. Suntem m\u00e2ndri c\u0103 putem oferi angaja\u021bilor no\u0219tri oportunit\u0103\u021bi de munc\u0103 pe termen lung, deoarece mai mul\u021bi membri ai echipei noastre lucreaz\u0103 pentru noi de 10-15-20 de [&hellip;]<\/p>\n","protected":false},"author":2,"featured_media":0,"parent":0,"menu_order":0,"comment_status":"closed","ping_status":"closed","template":"","meta":{"_et_pb_use_builder":"","_et_pb_old_content":"","_et_gb_content_width":"","footnotes":""},"class_list":["post-5450","page","type-page","status-publish","hentry"],"aioseo_notices":[],"_links":{"self":[{"href":"https:\/\/www.biofungi.hu\/ro\/wp-json\/wp\/v2\/pages\/5450","targetHints":{"allow":["GET"]}}],"collection":[{"href":"https:\/\/www.biofungi.hu\/ro\/wp-json\/wp\/v2\/pages"}],"about":[{"href":"https:\/\/www.biofungi.hu\/ro\/wp-json\/wp\/v2\/types\/page"}],"author":[{"embeddable":true,"href":"https:\/\/www.biofungi.hu\/ro\/wp-json\/wp\/v2\/users\/2"}],"replies":[{"embeddable":true,"href":"https:\/\/www.biofungi.hu\/ro\/wp-json\/wp\/v2\/comments?post=5450"}],"version-history":[{"count":0,"href":"https:\/\/www.biofungi.hu\/ro\/wp-json\/wp\/v2\/pages\/5450\/revisions"}],"wp:attachment":[{"href":"https:\/\/www.biofungi.hu\/ro\/wp-json\/wp\/v2\/media?parent=5450"}],"curies":[{"name":"wp","href":"https:\/\/api.w.org\/{rel}","templated":true}]}}