{"id":599,"date":"2017-08-14T09:58:21","date_gmt":"2017-08-14T09:58:21","guid":{"rendered":"http:\/\/www.biofungi.hu\/ro\/?page_id=599"},"modified":"2021-02-01T14:07:07","modified_gmt":"2021-02-01T13:07:07","slug":"compost-pentru-ciuperca-de-balegar","status":"publish","type":"page","link":"https:\/\/www.biofungi.hu\/ro\/produse\/compost-pentru-ciuperca-de-balegar\/","title":{"rendered":"Compost pentru ciuperca de b\u0103legar"},"content":{"rendered":"<p><img decoding=\"async\" class=\"aligncenter wp-image-4954 size-full\" src=\"https:\/\/www.biofungi.hu\/wp-content\/uploads\/2021\/02\/BF-honlap-komposzt-csiperke-scaled.jpg\" alt=\"BF honlap komposzt csiperke\" width=\"2560\" height=\"407\" srcset=\"https:\/\/www.biofungi.hu\/wp-content\/uploads\/2021\/02\/BF-honlap-komposzt-csiperke-scaled.jpg 2560w, https:\/\/www.biofungi.hu\/wp-content\/uploads\/2021\/02\/BF-honlap-komposzt-csiperke-1280x204.jpg 1280w, https:\/\/www.biofungi.hu\/wp-content\/uploads\/2021\/02\/BF-honlap-komposzt-csiperke-980x156.jpg 980w, https:\/\/www.biofungi.hu\/wp-content\/uploads\/2021\/02\/BF-honlap-komposzt-csiperke-480x76.jpg 480w\" sizes=\"(min-width: 0px) and (max-width: 480px) 480px, (min-width: 481px) and (max-width: 980px) 980px, (min-width: 981px) and (max-width: 1280px) 1280px, (min-width: 1281px) 2560px, 100vw\" \/><\/p>\n<p>Adapt\u00e2ndu-ne \u00eentotdeauna la specialit\u0103\u021bile locale, grupa noastr\u0103 format\u0103 din speciali\u0219ti efectueaz\u0103 dezvolt\u0103ri,care se afl\u0103 \u00eentr-o permanent\u0103 regenerare \u00een domeniul fabrica\u021biei compostului pentru ciuperci. Aceste nout\u0103\u021bi se bazeaz\u0103 pe experien\u021bele consilierilor olandezi de specialitate, respectiv pe cuno\u0219tin\u021bele teoretice \u0219i practice ale coordonatorilor no\u0219tri de produc\u021bie. Produsele noastre sunt realizate l\u00e2ng\u0103 respectarea celor mai exigente standarde de management al calit\u0103\u021bii, prin tehnologii moderne, la maxima satisfac\u021bie ale cump\u0103r\u0103torilor no\u0219tri.<\/p>\n<p><strong>Printre produsele noastre de asemenea poate fi reg\u0103sit at\u00e2t compostul de faza III. sub form\u0103 ambalat\u0103 \u00een saci, \u00een blocuri sau sub form\u0103 de vrac.<\/strong> Baza biologic\u0103 utilizat\u0103 de c\u0103tre noi, \u0219i anume germenii de ciuperci stabili din punct de vedere genetic, verificat \u0219i men\u021binut \u00een starea ei prin metode de biotehnologii moderne, constituie de asemenea o verig\u0103 forte al sistemului nostru pentru asigurarea calit\u0103\u021bii.<\/p>\n<p>Fiecare faz\u0103 de lucru a tehnologiei, materialele de baz\u0103 \u0219i produsele finale sunt verificate de c\u0103tre laboratorul nostru de chimie, prin metode de rutin\u0103. \u00cenaintea procur\u0103rii materialelor prime, sunt verificate caracteristicile acelora cu posibile efecte asupra tehnologiei, dar este monitorizat\u0103 \u0219i eventuala prezen\u021b\u0103 ale reziduurilor diferitelor substan\u021be. \u00cencep\u00e2nd din anul 2005, la noi func\u021bioneaz\u0103 un sistem de softuri pentru urm\u0103rirea calit\u0103\u021bii produselor.<\/p>\n<p style=\"text-align: center;\"><a href=\"https:\/\/www.biofungi.hu\/ro\/despere-noi\/servicii-profesionale-de-consultanta\/\"><strong>Pentru mai multe informa\u021bii contacta\u021bi consilierii no\u0219tri!<\/strong><\/a><\/p>\n","protected":false},"excerpt":{"rendered":"<p>Adapt\u00e2ndu-ne \u00eentotdeauna la specialit\u0103\u021bile locale, grupa noastr\u0103 format\u0103 din speciali\u0219ti efectueaz\u0103 dezvolt\u0103ri,care se afl\u0103 \u00eentr-o permanent\u0103 regenerare \u00een domeniul fabrica\u021biei compostului pentru ciuperci. Aceste nout\u0103\u021bi se bazeaz\u0103 pe experien\u021bele consilierilor olandezi de specialitate, respectiv pe cuno\u0219tin\u021bele teoretice \u0219i practice ale coordonatorilor no\u0219tri de produc\u021bie. Produsele noastre sunt realizate l\u00e2ng\u0103 respectarea celor mai exigente standarde de [&hellip;]<\/p>\n","protected":false},"author":1,"featured_media":0,"parent":239,"menu_order":0,"comment_status":"closed","ping_status":"closed","template":"","meta":{"_et_pb_use_builder":"","_et_pb_old_content":"","_et_gb_content_width":"","footnotes":""},"class_list":["post-599","page","type-page","status-publish","hentry"],"aioseo_notices":[],"_links":{"self":[{"href":"https:\/\/www.biofungi.hu\/ro\/wp-json\/wp\/v2\/pages\/599","targetHints":{"allow":["GET"]}}],"collection":[{"href":"https:\/\/www.biofungi.hu\/ro\/wp-json\/wp\/v2\/pages"}],"about":[{"href":"https:\/\/www.biofungi.hu\/ro\/wp-json\/wp\/v2\/types\/page"}],"author":[{"embeddable":true,"href":"https:\/\/www.biofungi.hu\/ro\/wp-json\/wp\/v2\/users\/1"}],"replies":[{"embeddable":true,"href":"https:\/\/www.biofungi.hu\/ro\/wp-json\/wp\/v2\/comments?post=599"}],"version-history":[{"count":0,"href":"https:\/\/www.biofungi.hu\/ro\/wp-json\/wp\/v2\/pages\/599\/revisions"}],"up":[{"embeddable":true,"href":"https:\/\/www.biofungi.hu\/ro\/wp-json\/wp\/v2\/pages\/239"}],"wp:attachment":[{"href":"https:\/\/www.biofungi.hu\/ro\/wp-json\/wp\/v2\/media?parent=599"}],"curies":[{"name":"wp","href":"https:\/\/api.w.org\/{rel}","templated":true}]}}