{"id":665,"date":"2017-12-11T12:07:47","date_gmt":"2017-12-11T12:07:47","guid":{"rendered":"http:\/\/www.biofungi.hu\/ro\/?page_id=665"},"modified":"2021-06-14T12:12:14","modified_gmt":"2021-06-14T11:12:14","slug":"compost-bio","status":"publish","type":"page","link":"https:\/\/www.biofungi.hu\/ro\/produse\/compost-bio\/","title":{"rendered":"Compost BIO pentru ciuperca de b\u0103legar"},"content":{"rendered":"<p><img decoding=\"async\" class=\"alignnone size-full wp-image-4973\" src=\"https:\/\/www.biofungi.hu\/wp-content\/uploads\/2021\/02\/BF-honlap-komposzt-csiperke-bio-scaled.jpg\" alt=\"BF honlap komposzt csiperke bio\" width=\"2560\" height=\"407\" srcset=\"https:\/\/www.biofungi.hu\/wp-content\/uploads\/2021\/02\/BF-honlap-komposzt-csiperke-bio-scaled.jpg 2560w, https:\/\/www.biofungi.hu\/wp-content\/uploads\/2021\/02\/BF-honlap-komposzt-csiperke-bio-1280x204.jpg 1280w, https:\/\/www.biofungi.hu\/wp-content\/uploads\/2021\/02\/BF-honlap-komposzt-csiperke-bio-980x156.jpg 980w, https:\/\/www.biofungi.hu\/wp-content\/uploads\/2021\/02\/BF-honlap-komposzt-csiperke-bio-480x76.jpg 480w\" sizes=\"(min-width: 0px) and (max-width: 480px) 480px, (min-width: 481px) and (max-width: 980px) 980px, (min-width: 981px) and (max-width: 1280px) 1280px, (min-width: 1281px) 2560px, 100vw\" \/><\/p>\n<p>Firma Bio-Fungi Srl, apare ca prima firm\u0103 pe pia\u021ba autohton\u0103 cu un produs de compost pentru ciuperca de b\u0103legar av\u00e2nd calificativul Bio. Produc\u021bia noastr\u0103 de Compost Bio este verificat\u0103 \u0219i adeverit\u0103 de <a href=\"https:\/\/www.bio-garancia.hu\/en\/home\">Bio Garancia<\/a>. \u00cen cadrul procedurii de realizare a produsului asum\u0103m responsabilitate pentru respectarea reglement\u0103rilor exigente, care se refer\u0103 la originea organic\u0103 ale materiilor prime, la procesele de prelucrare \u0219i fabricare, pentru ambalarea produselor respectiv pentru depozitarea \u0219i transportul acestora.<\/p>\n<p>Materiile noastre prime sunt cump\u0103rate de la produc\u0103tori autohtoni, astfel \u2013deoarece Ungaria face parte din r\u00e2ndul acelor pu\u021bine \u021b\u0103ri unde nu este permis\u0103 cultivarea plantelor modificate genetic- compostul nostru, pe l\u00e2ng\u0103 calificativul de Bio, poate fi considerat ca fiind un produs lipsit de con\u021binut de Organisme Genetic Modificate.<\/p>\n<p><img decoding=\"async\" class=\"alignright wp-image-2784\" src=\"https:\/\/www.biofungi.hu\/wp-content\/uploads\/2019\/08\/Biologo-lev\u00e9l-300x200.jpg\" alt=\"\" width=\"120\" height=\"80\" srcset=\"https:\/\/www.biofungi.hu\/wp-content\/uploads\/2019\/08\/Biologo-lev\u00e9l-300x200.jpg 300w, https:\/\/www.biofungi.hu\/wp-content\/uploads\/2019\/08\/Biologo-lev\u00e9l-768x512.jpg 768w, https:\/\/www.biofungi.hu\/wp-content\/uploads\/2019\/08\/Biologo-lev\u00e9l-1024x683.jpg 1024w, https:\/\/www.biofungi.hu\/wp-content\/uploads\/2019\/08\/Biologo-lev\u00e9l-1080x720.jpg 1080w, https:\/\/www.biofungi.hu\/wp-content\/uploads\/2019\/08\/Biologo-lev\u00e9l-1320x880.jpg 1320w\" sizes=\"(max-width: 120px) 100vw, 120px\" \/>Pe parcursul produc\u021biei compostului pentru ciuperci, av\u00e2nd calificativul Bio, trebuie s\u0103 ne corespundem urm\u0103toarelor condi\u021bii, pe care totodat\u0103 trebuie s\u0103 stabilim \u00een eviden\u021bele noastre:<\/p>\n<ul>\n<li>Poate fi utilizat\u0103 doar materie prim\u0103 autorizat\u0103, de origine bio<\/li>\n<li>Este interzis\u0103 utilizarea substan\u021belor cu caracter de protec\u021bie fitosanitar\u0103<\/li>\n<li>Utilizarea de ap\u0103 de calitate adecvat\u0103, verificat\u0103 \u00een mod sistematic<\/li>\n<li>Utilizarea de materiale autorizate pentru ambalare<\/li>\n<li>Reglement\u0103ri speciale referitoare la \u00eentre\u021binere \u0219i igien\u0103<\/li>\n<li>Depozitare \u0219i transport adecvat<\/li>\n<li>Posibilitate de urm\u0103rire exigent\u0103 a produselor<\/li>\n<li>Educarea bunelor practici legate de procesul de fabrica\u021bie.<\/li>\n<\/ul>\n<p style=\"text-align: center;\"><em><a href=\"https:\/\/www.biofungi.hu\/ro\/despere-noi\/servicii-profesionale-de-consultanta\/\"><strong>Pentru mai multe informa\u021bii contacta\u021bi consilierii no\u0219tri!<\/strong><\/a><\/em><\/p>\n","protected":false},"excerpt":{"rendered":"<p>Firma Bio-Fungi Srl, apare ca prima firm\u0103 pe pia\u021ba autohton\u0103 cu un produs de compost pentru ciuperca de b\u0103legar av\u00e2nd calificativul Bio. Produc\u021bia noastr\u0103 de Compost Bio este verificat\u0103 \u0219i adeverit\u0103 de Bio Garancia. \u00cen cadrul procedurii de realizare a produsului asum\u0103m responsabilitate pentru respectarea reglement\u0103rilor exigente, care se refer\u0103 la originea organic\u0103 ale materiilor [&hellip;]<\/p>\n","protected":false},"author":1,"featured_media":0,"parent":239,"menu_order":0,"comment_status":"closed","ping_status":"closed","template":"","meta":{"_et_pb_use_builder":"","_et_pb_old_content":"","_et_gb_content_width":"","footnotes":""},"class_list":["post-665","page","type-page","status-publish","hentry"],"aioseo_notices":[],"_links":{"self":[{"href":"https:\/\/www.biofungi.hu\/ro\/wp-json\/wp\/v2\/pages\/665","targetHints":{"allow":["GET"]}}],"collection":[{"href":"https:\/\/www.biofungi.hu\/ro\/wp-json\/wp\/v2\/pages"}],"about":[{"href":"https:\/\/www.biofungi.hu\/ro\/wp-json\/wp\/v2\/types\/page"}],"author":[{"embeddable":true,"href":"https:\/\/www.biofungi.hu\/ro\/wp-json\/wp\/v2\/users\/1"}],"replies":[{"embeddable":true,"href":"https:\/\/www.biofungi.hu\/ro\/wp-json\/wp\/v2\/comments?post=665"}],"version-history":[{"count":0,"href":"https:\/\/www.biofungi.hu\/ro\/wp-json\/wp\/v2\/pages\/665\/revisions"}],"up":[{"embeddable":true,"href":"https:\/\/www.biofungi.hu\/ro\/wp-json\/wp\/v2\/pages\/239"}],"wp:attachment":[{"href":"https:\/\/www.biofungi.hu\/ro\/wp-json\/wp\/v2\/media?parent=665"}],"curies":[{"name":"wp","href":"https:\/\/api.w.org\/{rel}","templated":true}]}}