{"id":3438,"date":"2019-10-09T11:54:45","date_gmt":"2019-10-09T11:54:45","guid":{"rendered":"http:\/\/www.biofungi.hu\/?page_id=3438"},"modified":"2021-06-24T12:41:04","modified_gmt":"2021-06-24T11:41:04","slug":"o-nas","status":"publish","type":"page","link":"https:\/\/www.biofungi.hu\/ru\/o-nas\/","title":{"rendered":"\u041e \u043d\u0430\u0441"},"content":{"rendered":"<p><a href=\"https:\/\/www.biofungi.hu\/wp-content\/uploads\/2018\/01\/DSC_7598-e1515404395906.jpg\"><img decoding=\"async\" class=\"alignleft size-medium wp-image-1173\" src=\"https:\/\/www.biofungi.hu\/wp-content\/uploads\/2018\/01\/DSC_7598-200x300.jpg\" alt=\"\" width=\"200\" height=\"300\" \/><\/a>\u0412 Bio-Fungi Ltd \u043c\u044b \u0437\u043d\u0430\u0435\u043c, \u0447\u0442\u043e, \u043d\u0435\u0441\u043c\u043e\u0442\u0440\u044f \u043d\u0430 \u043a\u0430\u0436\u0443\u0449\u0443\u044e\u0441\u044f \u043b\u0435\u0433\u043a\u043e\u0441\u0442\u044c, \u043f\u0440\u043e\u0438\u0437\u0432\u043e\u0434\u0441\u0442\u0432\u043e \u0433\u0440\u0438\u0431\u043e\u0432 \u043f\u0440\u0435\u0434\u0441\u0442\u0430\u0432\u043b\u044f\u0435\u0442 \u0441\u043e\u0431\u043e\u0439 \u0441\u043b\u043e\u0436\u043d\u044b\u0439 \u0442\u0435\u0445\u043d\u043e\u043b\u043e\u0433\u0438\u0447\u0435\u0441\u043a\u0438\u0439 \u043f\u0440\u043e\u0446\u0435\u0441\u0441. \u0421 \u043c\u043e\u043c\u0435\u043d\u0442\u0430 \u043e\u0441\u043d\u043e\u0432\u0430\u043d\u0438\u044f \u043a\u043e\u043c\u043f\u0430\u043d\u0438\u0438 \u0432 1992 \u0433\u043e\u0434\u0443 \u043c\u044b \u0441\u0442\u0440\u0435\u043c\u0438\u043c\u0441\u044f \u0438\u0441\u043f\u043e\u043b\u044c\u0437\u043e\u0432\u0430\u0442\u044c \u043d\u043e\u0432\u0435\u0439\u0448\u0438\u0435 \u0442\u0435\u0445\u043d\u043e\u043b\u043e\u0433\u0438\u0438 \u0438 \u043e\u0431\u043e\u0440\u0443\u0434\u043e\u0432\u0430\u043d\u0438\u044f \u0434\u043b\u044f \u043e\u0431\u0435\u0441\u043f\u0435\u0447\u0435\u043d\u0438\u044f \u043a\u0430\u0447\u0435\u0441\u0442\u0432\u0430 \u043d\u0430 \u043d\u0430\u0448\u0438\u0445 \u043f\u0440\u043e\u0438\u0437\u0432\u043e\u0434\u0441\u0442\u0432\u0430\u0445, \u043f\u043e\u0441\u043a\u043e\u043b\u044c\u043a\u0443 \u044d\u0442\u043e \u0435\u0434\u0438\u043d\u0441\u0442\u0432\u0435\u043d\u043d\u044b\u0439 \u0441\u043f\u043e\u0441\u043e\u0431 \u0433\u0430\u0440\u0430\u043d\u0442\u0438\u0440\u043e\u0432\u0430\u0442\u044c \u0441\u0442\u0430\u0431\u0438\u043b\u044c\u043d\u043e\u0435 \u043a\u0430\u0447\u0435\u0441\u0442\u0432\u043e \u043d\u0430\u0448\u0435\u0433\u043e \u043a\u043e\u043c\u043f\u043e\u0441\u0442\u0430 \u0438 \u0441\u0443\u0431\u0441\u0442\u0440\u0430\u0442\u0430, \u0430 \u0442\u0430\u043a\u0436\u0435 \u043a\u0430\u0447\u0435\u0441\u0442\u0432\u043e \u043d\u0430\u0448\u0438\u0445 \u0433\u0440\u0438\u0431\u043d\u044b\u0445 \u043f\u0440\u043e\u0434\u0443\u043a\u0442\u043e\u0432 \u043f\u0440\u0438 \u0434\u043e\u0441\u0442\u0430\u0432\u043a\u0435 \u043a \u043d\u0430\u0448\u0438\u043c \u043f\u0430\u0440\u0442\u043d\u0435\u0440\u0430\u043c.<\/p>\n<p>\u041d\u0430\u0448\u0430 \u043f\u0440\u0438\u0432\u0435\u0440\u0436\u0435\u043d\u043d\u043e\u0441\u0442\u044c \u043a\u0430\u0447\u0435\u0441\u0442\u0432\u0443 \u0438 \u043d\u0430\u0434\u0435\u0436\u043d\u043e\u0441\u0442\u0438 \u043f\u0440\u0435\u0432\u0440\u0430\u0442\u0438\u043b\u0430 Bio-Fungi Ltd \u0438\u0437 \u0441\u0435\u043c\u0435\u0439\u043d\u043e\u0433\u043e \u0431\u0438\u0437\u043d\u0435\u0441\u0430 \u0432 \u043e\u0434\u043d\u0443 \u0438\u0437 \u0432\u0435\u0434\u0443\u0449\u0438\u0445 \u043a\u043e\u043c\u043f\u0430\u043d\u0438\u0439 \u043f\u043e \u043f\u0440\u043e\u0438\u0437\u0432\u043e\u0434\u0441\u0442\u0432\u0443 \u0433\u0440\u0438\u0431\u043e\u0432 \u0432 \u0426\u0435\u043d\u0442\u0440\u0430\u043b\u044c\u043d\u043e\u0439 \u0438 \u0412\u043e\u0441\u0442\u043e\u0447\u043d\u043e\u0439 \u0415\u0432\u0440\u043e\u043f\u0435.<\/p>\n<p>\u041d\u0430\u0448\u0438, \u0443\u043f\u0440\u0430\u0432\u043b\u044f\u0435\u043c\u044b\u0435 \u043a\u043e\u043c\u043f\u044c\u044e\u0442\u0435\u0440\u0430\u043c\u0438, \u0433\u0440\u0438\u0431\u043d\u044b\u0435 \u0444\u0435\u0440\u043c\u044b \u043f\u043e \u0433\u043e\u043b\u043b\u0430\u043d\u0434\u0441\u043a\u0438\u043c \u0442\u0435\u0445\u043d\u043e\u043b\u043e\u0433\u0438\u044f\u043c, \u043d\u0430\u0448\u0438 \u0432\u044b\u0441\u043e\u043a\u043e\u0442\u0435\u0445\u043d\u043e\u043b\u043e\u0433\u0438\u0447\u043d\u044b\u0435 \u0442\u043e\u043d\u043d\u0435\u043b\u0438 \u0434\u043b\u044f \u043f\u0440\u043e\u0438\u0437\u0432\u043e\u0434\u0441\u0442\u0432\u0430 \u043a\u043e\u043c\u043f\u043e\u0441\u0442\u0430 \u0438 \u0438\u0441\u043f\u043e\u043b\u044c\u0437\u043e\u0432\u0430\u043d\u0438\u0435 \u043c\u0438\u0446\u0435\u043b\u0438\u044f \u043e\u0442 \u0432\u0435\u0434\u0443\u0449\u0438\u0445 \u043c\u0438\u0440\u043e\u0432\u044b\u0445 \u043f\u0440\u043e\u0438\u0437\u0432\u043e\u0434\u0438\u0442\u0435\u043b\u0435\u0439, \u0430 \u0442\u0430\u043a\u0436\u0435 \u043d\u0430\u0448\u0430 \u0445\u0438\u043c\u0438\u043a\u043e-\u0430\u043d\u0430\u043b\u0438\u0442\u0438\u0447\u0435\u0441\u043a\u0430\u044f \u043b\u0430\u0431\u043e\u0440\u0430\u0442\u043e\u0440\u0438\u044f \u0443\u0441\u043f\u0435\u0448\u043d\u043e \u0443\u0434\u043e\u0432\u043b\u0435\u0442\u0432\u043e\u0440\u044f\u0435\u0442 \u0441\u043f\u0440\u043e\u0441 \u043d\u0430\u0448\u0438\u0445 \u043f\u0430\u0440\u0442\u043d\u0435\u0440\u043e\u0432 \u0432 10 \u0441\u0442\u0440\u0430\u043d\u0430\u0445 \u043f\u043e \u0432\u0441\u0435\u043c\u0443 \u043c\u0438\u0440\u0443.<\/p>\n<p>&nbsp;<\/p>\n\n","protected":false},"excerpt":{"rendered":"<p>\u0412 Bio-Fungi Ltd \u043c\u044b \u0437\u043d\u0430\u0435\u043c, \u0447\u0442\u043e, \u043d\u0435\u0441\u043c\u043e\u0442\u0440\u044f \u043d\u0430 \u043a\u0430\u0436\u0443\u0449\u0443\u044e\u0441\u044f \u043b\u0435\u0433\u043a\u043e\u0441\u0442\u044c, \u043f\u0440\u043e\u0438\u0437\u0432\u043e\u0434\u0441\u0442\u0432\u043e \u0433\u0440\u0438\u0431\u043e\u0432 \u043f\u0440\u0435\u0434\u0441\u0442\u0430\u0432\u043b\u044f\u0435\u0442 \u0441\u043e\u0431\u043e\u0439 \u0441\u043b\u043e\u0436\u043d\u044b\u0439 \u0442\u0435\u0445\u043d\u043e\u043b\u043e\u0433\u0438\u0447\u0435\u0441\u043a\u0438\u0439 \u043f\u0440\u043e\u0446\u0435\u0441\u0441. \u0421 \u043c\u043e\u043c\u0435\u043d\u0442\u0430 \u043e\u0441\u043d\u043e\u0432\u0430\u043d\u0438\u044f \u043a\u043e\u043c\u043f\u0430\u043d\u0438\u0438 \u0432 1992 \u0433\u043e\u0434\u0443 \u043c\u044b \u0441\u0442\u0440\u0435\u043c\u0438\u043c\u0441\u044f \u0438\u0441\u043f\u043e\u043b\u044c\u0437\u043e\u0432\u0430\u0442\u044c \u043d\u043e\u0432\u0435\u0439\u0448\u0438\u0435 \u0442\u0435\u0445\u043d\u043e\u043b\u043e\u0433\u0438\u0438 \u0438 \u043e\u0431\u043e\u0440\u0443\u0434\u043e\u0432\u0430\u043d\u0438\u044f \u0434\u043b\u044f \u043e\u0431\u0435\u0441\u043f\u0435\u0447\u0435\u043d\u0438\u044f \u043a\u0430\u0447\u0435\u0441\u0442\u0432\u0430 \u043d\u0430 \u043d\u0430\u0448\u0438\u0445 \u043f\u0440\u043e\u0438\u0437\u0432\u043e\u0434\u0441\u0442\u0432\u0430\u0445, \u043f\u043e\u0441\u043a\u043e\u043b\u044c\u043a\u0443 \u044d\u0442\u043e \u0435\u0434\u0438\u043d\u0441\u0442\u0432\u0435\u043d\u043d\u044b\u0439 \u0441\u043f\u043e\u0441\u043e\u0431 \u0433\u0430\u0440\u0430\u043d\u0442\u0438\u0440\u043e\u0432\u0430\u0442\u044c \u0441\u0442\u0430\u0431\u0438\u043b\u044c\u043d\u043e\u0435 \u043a\u0430\u0447\u0435\u0441\u0442\u0432\u043e \u043d\u0430\u0448\u0435\u0433\u043e \u043a\u043e\u043c\u043f\u043e\u0441\u0442\u0430 \u0438 \u0441\u0443\u0431\u0441\u0442\u0440\u0430\u0442\u0430, \u0430 \u0442\u0430\u043a\u0436\u0435 \u043a\u0430\u0447\u0435\u0441\u0442\u0432\u043e \u043d\u0430\u0448\u0438\u0445 \u0433\u0440\u0438\u0431\u043d\u044b\u0445 \u043f\u0440\u043e\u0434\u0443\u043a\u0442\u043e\u0432 \u043f\u0440\u0438 [&hellip;]<\/p>\n","protected":false},"author":2,"featured_media":0,"parent":0,"menu_order":0,"comment_status":"closed","ping_status":"closed","template":"","meta":{"_et_pb_use_builder":"off","_et_pb_old_content":"A Bio-Fungi Termel\u0151 \u00e9s Kereskedelmi Kft-n\u00e9l tudjuk, hogy visszafogott megjelen\u00e9se dac\u00e1ra a gomba termeszt\u00e9se \u00f6sszetett szakmai kih\u00edv\u00e1s.\r\n\r\nC\u00e9g\u00fcnk 1992-es megalap\u00edt\u00e1sa \u00f3ta t\u00f6reksz\u00fcnk a legmodernebb technol\u00f3gi\u00e1k \u00e9s min\u0151s\u00e9gbiztos\u00edt\u00e1si elj\u00e1r\u00e1sok alkalmaz\u00e1s\u00e1ra \u00fczemeinkben \u00e9s gombah\u00e1zainkban egyar\u00e1nt, hiszen csak \u00edgy garant\u00e1lhatjuk partnereinknek a folyamatosan kiegyens\u00falyozott min\u0151s\u00e9g\u0171 komposztot, alapanyagot, valamint a kifog\u00e1stalan gombaterm\u00e9keket.\r\n\r\nA megb\u00edzhat\u00f3s\u00e1g \u00e9s pontoss\u00e1g ir\u00e1nti elk\u00f6telezetts\u00e9g\u00fcnk v\u00e1ltoztatta a Bio-Fungit csal\u00e1di v\u00e1llalkoz\u00e1sb\u00f3l Kelet-K\u00f6z\u00e9p-Eur\u00f3pa egyik vezet\u0151 gombaipari c\u00e9g\u00e9v\u00e9. Sz\u00e1m\u00edt\u00f3g\u00e9p-vez\u00e9relt, holland t\u00edpus\u00fa gombafarmjaink, a komposztot vil\u00e1ggy\u00e1rt\u00f3k olt\u00f3anyag\u00e1val el\u0151\u00e1ll\u00edt\u00f3, z\u00e1rt h\u0151kezel\u0151ink, valamint az ellen\u0151rz\u00e9st v\u00e9gz\u0151 k\u00e9miai-analitikai laborat\u00f3riumunk garant\u00e1lja partnereink megel\u00e9gedetts\u00e9g\u00e9t a vil\u00e1g 10 orsz\u00e1g\u00e1ban.","_et_gb_content_width":"","footnotes":""},"class_list":["post-3438","page","type-page","status-publish","hentry"],"aioseo_notices":[],"_links":{"self":[{"href":"https:\/\/www.biofungi.hu\/ru\/wp-json\/wp\/v2\/pages\/3438","targetHints":{"allow":["GET"]}}],"collection":[{"href":"https:\/\/www.biofungi.hu\/ru\/wp-json\/wp\/v2\/pages"}],"about":[{"href":"https:\/\/www.biofungi.hu\/ru\/wp-json\/wp\/v2\/types\/page"}],"author":[{"embeddable":true,"href":"https:\/\/www.biofungi.hu\/ru\/wp-json\/wp\/v2\/users\/2"}],"replies":[{"embeddable":true,"href":"https:\/\/www.biofungi.hu\/ru\/wp-json\/wp\/v2\/comments?post=3438"}],"version-history":[{"count":0,"href":"https:\/\/www.biofungi.hu\/ru\/wp-json\/wp\/v2\/pages\/3438\/revisions"}],"wp:attachment":[{"href":"https:\/\/www.biofungi.hu\/ru\/wp-json\/wp\/v2\/media?parent=3438"}],"curies":[{"name":"wp","href":"https:\/\/api.w.org\/{rel}","templated":true}]}}