{"id":220,"date":"2017-07-03T07:14:25","date_gmt":"2017-07-03T07:14:25","guid":{"rendered":"http:\/\/www.biofungi.hu\/sr\/?page_id=220"},"modified":"2019-08-01T10:09:12","modified_gmt":"2019-08-01T10:09:12","slug":"o-nasoj-firmi","status":"publish","type":"page","link":"https:\/\/www.biofungi.hu\/sr\/o-nasoj-firmi\/","title":{"rendered":"O na\u0161oj firmi"},"content":{"rendered":"<p style=\"text-align: left;\"><a href=\"https:\/\/www.biofungi.hu\/wp-content\/uploads\/2018\/01\/DSC_7598-e1515404395906.jpg\"><img decoding=\"async\" class=\"alignleft size-medium wp-image-1173\" src=\"https:\/\/www.biofungi.hu\/wp-content\/uploads\/2018\/01\/DSC_7598-200x300.jpg\" alt=\"\" width=\"200\" height=\"300\" \/><\/a>Bio-Fungi d.o.o. je izrasla iz porodi\u010dnog obrta, vec od 1992 godina se bavi sa uzgojom plemenitih pecuraka (sampinjona).<\/p>\n<p>Firma je u po\u010detku delovala isklju\u010divo kao preduze\u0107e za proizvodnju i trgovinu pe\u010duraka, a od 2000-te god proizvodi i kompost za gajenje \u0161ampinjona. Kompostara je locirana neposredno uz selo Aporka, u aglomeraciji Budimpe\u0161te.<\/p>\n<p>Mnogogodi\u0161nje iskustvo, te poletno rukovodstvo, obezbe\u0111uje status jedne od vode\u0107ih firmi regije Srednjo-Isto\u010dne Evrope. Najbolja potvrda stru\u010dnosti i kompetencije rukovodstva firme je bezbroj poseta poljoprivrednih, nau\u010dno-obrazovnih institucija te uzgajiva\u010da iz zemlje i inostranstva.<\/p>\n<p>Najsve\u017eije investicije na kompostari u Aporci obezbe\u0111uju zadovoljavanje najstro\u017eijih normativa Evropske Unije. Nas prvensteni cilj je zadovoljavanje najvi\u0161ljih kvalitativnih zahteva na\u0161ih klijenata. Uz stalnu kontrolu kvalitete uslu\u0161ujemo oko 100 uzgajiva\u010da u regiji, 365 dana u godini, vrhunskom kvalitetom i adekvatnim kvantitetom.<\/p>\n<p>Uzgajanje pe\u010duraka delimi\u010dno se odvija na tradicionalan nacin, u podrumima, a delom u modernijim nadzemnim gajili\u0161tima. Iz sopstvene proizvodnje i iz gajili\u0161ta integrisanih partnera-uzgajiva\u010da, nekoliko desetina tona sve\u017eih pe\u010duraka nedeljno, sopstvenom modernom rashladnom distribucijom, direktno se plasira u supermarkete regije.<\/p>\n\n","protected":false},"excerpt":{"rendered":"<p>Bio-Fungi d.o.o. je izrasla iz porodi\u010dnog obrta, vec od 1992 godina se bavi sa uzgojom plemenitih pecuraka (sampinjona). Firma je u po\u010detku delovala isklju\u010divo kao preduze\u0107e za proizvodnju i trgovinu pe\u010duraka, a od 2000-te god proizvodi i kompost za gajenje \u0161ampinjona. Kompostara je locirana neposredno uz selo Aporka, u aglomeraciji Budimpe\u0161te. Mnogogodi\u0161nje iskustvo, te poletno [&hellip;]<\/p>\n","protected":false},"author":1,"featured_media":0,"parent":0,"menu_order":0,"comment_status":"closed","ping_status":"closed","template":"","meta":{"_et_pb_use_builder":"off","_et_pb_old_content":"A Bio-Fungi Termel\u0151 \u00e9s Kereskedelmi Kft-n\u00e9l tudjuk, hogy visszafogott megjelen\u00e9se dac\u00e1ra a gomba termeszt\u00e9se \u00f6sszetett szakmai kih\u00edv\u00e1s.\r\n\r\nC\u00e9g\u00fcnk 1992-es megalap\u00edt\u00e1sa \u00f3ta t\u00f6reksz\u00fcnk a legmodernebb technol\u00f3gi\u00e1k \u00e9s min\u0151s\u00e9gbiztos\u00edt\u00e1si elj\u00e1r\u00e1sok alkalmaz\u00e1s\u00e1ra \u00fczemeinkben \u00e9s gombah\u00e1zainkban egyar\u00e1nt, hiszen csak \u00edgy garant\u00e1lhatjuk partnereinknek a folyamatosan kiegyens\u00falyozott min\u0151s\u00e9g\u0171 komposztot, alapanyagot, valamint a kifog\u00e1stalan gombaterm\u00e9keket.\r\n\r\nA megb\u00edzhat\u00f3s\u00e1g \u00e9s pontoss\u00e1g ir\u00e1nti elk\u00f6telezetts\u00e9g\u00fcnk v\u00e1ltoztatta a Bio-Fungit csal\u00e1di v\u00e1llalkoz\u00e1sb\u00f3l Kelet-K\u00f6z\u00e9p-Eur\u00f3pa egyik vezet\u0151 gombaipari c\u00e9g\u00e9v\u00e9. Sz\u00e1m\u00edt\u00f3g\u00e9p-vez\u00e9relt, holland t\u00edpus\u00fa gombafarmjaink, a komposztot vil\u00e1ggy\u00e1rt\u00f3k olt\u00f3anyag\u00e1val el\u0151\u00e1ll\u00edt\u00f3, z\u00e1rt h\u0151kezel\u0151ink, valamint az ellen\u0151rz\u00e9st v\u00e9gz\u0151 k\u00e9miai-analitikai laborat\u00f3riumunk garant\u00e1lja partnereink megel\u00e9gedetts\u00e9g\u00e9t a vil\u00e1g 10 orsz\u00e1g\u00e1ban.","_et_gb_content_width":"","footnotes":""},"class_list":["post-220","page","type-page","status-publish","hentry"],"aioseo_notices":[],"_links":{"self":[{"href":"https:\/\/www.biofungi.hu\/sr\/wp-json\/wp\/v2\/pages\/220","targetHints":{"allow":["GET"]}}],"collection":[{"href":"https:\/\/www.biofungi.hu\/sr\/wp-json\/wp\/v2\/pages"}],"about":[{"href":"https:\/\/www.biofungi.hu\/sr\/wp-json\/wp\/v2\/types\/page"}],"author":[{"embeddable":true,"href":"https:\/\/www.biofungi.hu\/sr\/wp-json\/wp\/v2\/users\/1"}],"replies":[{"embeddable":true,"href":"https:\/\/www.biofungi.hu\/sr\/wp-json\/wp\/v2\/comments?post=220"}],"version-history":[{"count":0,"href":"https:\/\/www.biofungi.hu\/sr\/wp-json\/wp\/v2\/pages\/220\/revisions"}],"wp:attachment":[{"href":"https:\/\/www.biofungi.hu\/sr\/wp-json\/wp\/v2\/media?parent=220"}],"curies":[{"name":"wp","href":"https:\/\/api.w.org\/{rel}","templated":true}]}}