{"id":3037,"date":"2019-08-09T08:54:18","date_gmt":"2019-08-09T08:54:18","guid":{"rendered":"http:\/\/www.biofungi.hu\/?page_id=3037"},"modified":"2022-07-18T12:48:09","modified_gmt":"2022-07-18T11:48:09","slug":"grana-osnovnih-sirovina","status":"publish","type":"page","link":"https:\/\/www.biofungi.hu\/sr\/o-nasoj-firmi\/grana-osnovnih-sirovina\/","title":{"rendered":"Grana osnovnih sirovina"},"content":{"rendered":"<p><img decoding=\"async\" class=\"aligncenter size-full wp-image-5044\" src=\"https:\/\/www.biofungi.hu\/wp-content\/uploads\/2021\/02\/BF-alapanyag.jpg\" alt=\"BF alapanyag\" width=\"2560\" height=\"407\" \/><\/p>\n<p><strong>Slama<\/strong><br \/>\nNa\u0161a tvrtka godi\u0161nje koristi vi\u0161e desetine tisu\u0107a tona slame, \u0161to osigurava vlastitim baliranjem. Osim konvencionalne, koristimo i organsku slamu. Slama kupljenu od poljoprivrednika valjamo , baliramo i tranportujemo. Baliranje slame vr\u0161imo sa 11 strijeva za baliranje.<br \/>\n<iframe title=\"YouTube video player\" src=\"https:\/\/www.youtube.com\/embed\/JyAO1npREI4\" width=\"560\" height=\"315\" frameborder=\"0\" allowfullscreen=\"allowfullscreen\"><\/iframe><\/p>\n<p><strong>Pile\u0107i stajnjak<\/strong><br \/>\nPile\u0107i stajnjak otkupjujemo od proizvo\u0111a\u010da u njihovim prostorijama i prevozimo sa vlastitim transportnim vozilima.<\/p>\n<p><strong>Konjski stajnjak<\/strong><br \/>\nKonjski stajnjak, sve\u017e, star 1-3 tjedna od proizvo\u0111a\u010da u njihovim prevozimo sa vlastitim transportnim vozilima.<\/p>\n<p><strong>Kontakty:<\/strong><br \/>\nMr. Laszlo PAMUK<br \/>\n+36 70 385 4511<br \/>\nlaszlo.pamuk [@] biofungi.hu<\/p>\n<p><strong><img decoding=\"async\" class=\"aligncenter size-full wp-image-5053\" src=\"https:\/\/www.biofungi.hu\/wp-content\/uploads\/2021\/02\/BF-alapanyag-2.jpg\" alt=\"BF alapanyag 2\" width=\"2560\" height=\"407\" \/><\/strong><\/p>\n<p style=\"text-align: center;\">\n","protected":false},"excerpt":{"rendered":"<p>Slama Na\u0161a tvrtka godi\u0161nje koristi vi\u0161e desetine tisu\u0107a tona slame, \u0161to osigurava vlastitim baliranjem. Osim konvencionalne, koristimo i organsku slamu. Slama kupljenu od poljoprivrednika valjamo , baliramo i tranportujemo. Baliranje slame vr\u0161imo sa 11 strijeva za baliranje. Pile\u0107i stajnjak Pile\u0107i stajnjak otkupjujemo od proizvo\u0111a\u010da u njihovim prostorijama i prevozimo sa vlastitim transportnim vozilima. Konjski stajnjak [&hellip;]<\/p>\n","protected":false},"author":2,"featured_media":0,"parent":220,"menu_order":0,"comment_status":"closed","ping_status":"closed","template":"","meta":{"_et_pb_use_builder":"","_et_pb_old_content":"","_et_gb_content_width":"","footnotes":""},"class_list":["post-3037","page","type-page","status-publish","hentry"],"aioseo_notices":[],"_links":{"self":[{"href":"https:\/\/www.biofungi.hu\/sr\/wp-json\/wp\/v2\/pages\/3037","targetHints":{"allow":["GET"]}}],"collection":[{"href":"https:\/\/www.biofungi.hu\/sr\/wp-json\/wp\/v2\/pages"}],"about":[{"href":"https:\/\/www.biofungi.hu\/sr\/wp-json\/wp\/v2\/types\/page"}],"author":[{"embeddable":true,"href":"https:\/\/www.biofungi.hu\/sr\/wp-json\/wp\/v2\/users\/2"}],"replies":[{"embeddable":true,"href":"https:\/\/www.biofungi.hu\/sr\/wp-json\/wp\/v2\/comments?post=3037"}],"version-history":[{"count":0,"href":"https:\/\/www.biofungi.hu\/sr\/wp-json\/wp\/v2\/pages\/3037\/revisions"}],"up":[{"embeddable":true,"href":"https:\/\/www.biofungi.hu\/sr\/wp-json\/wp\/v2\/pages\/220"}],"wp:attachment":[{"href":"https:\/\/www.biofungi.hu\/sr\/wp-json\/wp\/v2\/media?parent=3037"}],"curies":[{"name":"wp","href":"https:\/\/api.w.org\/{rel}","templated":true}]}}