{"id":320,"date":"2017-07-19T08:01:46","date_gmt":"2017-07-19T08:01:46","guid":{"rendered":"http:\/\/www.biofungi.hu\/sr\/?page_id=320"},"modified":"2021-06-14T12:17:38","modified_gmt":"2021-06-14T11:17:38","slug":"proizvodnja-komposta","status":"publish","type":"page","link":"https:\/\/www.biofungi.hu\/sr\/o-nasoj-firmi\/proizvodnja-komposta\/","title":{"rendered":"Proizvodnja komposta"},"content":{"rendered":"<p><img decoding=\"async\" class=\"aligncenter size-full wp-image-5017\" src=\"https:\/\/www.biofungi.hu\/wp-content\/uploads\/2021\/02\/BF-honlap-komposztgyartas.jpg\" alt=\"BF honlap komposztgyartas\" width=\"2560\" height=\"407\" \/><\/p>\n<p>Bio-Fungi d o o proizvodi \u2013 u sve ve\u0107em obimu \u2013 <a href=\"https:\/\/www.biofungi.hu\/sr\/proizvodi\/kompost-za-pecurke\/\"><strong>kompost<\/strong><\/a> od 2000 god. Uzgajiva\u010dima je dobro poznat problem neujedna\u010denog komposta, a sa nekvalitetnog komposta prakti\u010dki je nemogu\u0107e postizanje visokih prinosa. Upu\u0107enima pak u proizvodnje komposta vrlo dobro je poznato, koliki zadatak predstavlja dostizanje vrhunske kvalitete komposta, obzirom na razne, ekstremne klimatske uslove, te oscilliraju\u0107e kvalitete sirovina. Da bi se postigao tra\u017eeni kvalitet potrebna je savremena, vrhunska tehnologija.<\/p>\n<p>Na\u0161a firma je godine 2003 zapo\u010dela ostvarenje kompleksne investicije, te su do danas izgra\u0111eni objekti i tehnolo\u0161ka oprema svetske kvalitete.<br \/>\nInvesticija je imala tri glavna cilja:<\/p>\n<ul>\n<li>uskla\u0111ivanje proizvodnje komposta sa ekolo\u0161kim normativima,<\/li>\n<li>uskla\u0111ivanje proizvodnje komposta sa ekolo\u0161kim normativima,<\/li>\n<li>realizovati projekat izgradnje pogona sa tehnologijom, gde su stvoreni uslovi kontinuirane proizvodnje vrhunske kvalitete,<\/li>\n<li>ostvarivanje uslova za proizvodnju kvalitetnog, sve ra\u0161irenijeg i sve tra\u017eenijeg inkubiranog komposta, kojom uzgajiva\u010di dobiju za vi\u0161e od 2 nedelje kra\u0107i ciklus uzgajanja sa mnogo ve\u0107im sigurnosnim faktorima za postizavanje visokih prinosa.<\/li>\n<\/ul>\n<p><img decoding=\"async\" class=\"aligncenter size-full wp-image-5026\" src=\"https:\/\/www.biofungi.hu\/wp-content\/uploads\/2021\/02\/BF-honlap-komposztgyartas-2.jpg\" alt=\"BF honlap komposztgyartas 2\" width=\"2560\" height=\"407\" \/><\/p>\n<p>Slo\u017eenim biolo\u0161kim i mikrobiolo\u0161kim procesima uz stalno me\u0161anje sirovina (p\u0161eni\u010dna slama, konjsko- odn pile\u0107e gnojivo, gips te voda) dolazi se do podloge za uzgoja pe\u010duraka, komposta, koji se nakon pasterizacije zasejava semenom \u0161ampinjona.<br \/>\nPriprema sirovina za postizavanje visoke kvalitete vr\u0161i se uz stalno me\u0161anje, ovla\u017eivanje tokom 2-3 dana. Stalnim me\u0161anjem te\u017ei se dobivanju savr\u0161enog homogeniteta, nakon \u010dega se me\u0161avina predfermentira na podu za aeraciju.<\/p>\n<p>Fermentacija se odvija u potpuno zatvorenom bunkeru sa podom za aeraciju; time se posti\u017ee stabilno visoki kvalitet neovisno o meteorolo\u0161kih uslova. Mirise i amonijak koji se stvara tokom fermentacije, ne izbacujemo u atmosferu, ve\u0107 se svi \u0161tetni gasovi sakupljaju u novoizgra\u0111eni sistem bio-pranja, nakon \u010dega sledi bio-filter\u00a0\u010dime se posti\u017ee filtracija gasova iznad 90%.<br \/>\nIz bunkera se fermentirani, tzv kompost I. Faze u tunel za pasterizaciju gde se pasteriziranjem uni\u0161ti mikroflora koja \u0161teti razvoju micelije. Preostali mikroorganizmi podpoma\u017eu miceliju u procesu razgradnje hranljivih sastojaka. U stru\u010dnoj litearturi, ovaj proces se naziva kondicioniranje i njime se posti\u017ee bitna osobina komposta. tzv. selektivnost.<\/p>\n<p>Kona\u010dno se kompost II. i III. Faze (pasterizirani odnosno inkubirani) u rinfuzi, vre\u0107ama od 18-20 kg, briketima dimenzija 20x40x60 cm ili u sanducima distribuira za oko 150 uzgajiva\u010da \u0161irom regije (Ma\u0111arska, Srbija i Crna Gora, Hrvatska, Bosna i Hercegovina, Rumunija, Slovenija, Makedonija).<\/p>\n<p><img decoding=\"async\" class=\"aligncenter size-full wp-image-4999\" src=\"https:\/\/www.biofungi.hu\/wp-content\/uploads\/2021\/02\/BF-honlap-komposzt-laska.jpg\" alt=\"BF honlap komposzt laska\" width=\"2560\" height=\"407\" \/><\/p>\n<p>Bio-Fungi doo je pro\u0161irila svoju aktivnost u 2014. godini sa proizvodnjom\u00a0<strong><a href=\"https:\/\/www.biofungi.hu\/sr\/proizvodi\/supstrat-za-bukovacu\/\">supstrata od ostriga gljiva<\/a>.<\/strong>\u00a0Za to koristimo izvrsnu nacionalnu sirovinu i mamacu uspje\u0161nih vrsta, \u0161to je osnova uspje\u0161ne proizvodnje za na\u0161e partnere. Na\u0161a kompanija poku\u0161ava snabdjeti svoje kupce pouzdanim i konkurentnim supstratom od ostriga, koristec\u0301i iskustvo od nekoliko decenija u proizvodnji komposta. Trenutno proizvedemo 400 tona podloge od ostriga gljive nedeljno.<\/p>\n<p><img decoding=\"async\" class=\"aligncenter size-full wp-image-4981\" src=\"https:\/\/www.biofungi.hu\/wp-content\/uploads\/2021\/02\/BF-honlap-komposzt-csiperke-bio.jpg\" alt=\"BF honlap komposzt csiperke bio\" width=\"2560\" height=\"407\" \/><\/p>\n<p><img decoding=\"async\" class=\"wp-image-2781 alignleft\" src=\"https:\/\/www.biofungi.hu\/wp-content\/uploads\/2019\/08\/Biologo-lev\u00e9l-300x200.jpg\" alt=\"\" width=\"75\" height=\"50\" srcset=\"https:\/\/www.biofungi.hu\/wp-content\/uploads\/2019\/08\/Biologo-lev\u00e9l-300x200.jpg 300w, https:\/\/www.biofungi.hu\/wp-content\/uploads\/2019\/08\/Biologo-lev\u00e9l-768x512.jpg 768w, https:\/\/www.biofungi.hu\/wp-content\/uploads\/2019\/08\/Biologo-lev\u00e9l-1024x683.jpg 1024w, https:\/\/www.biofungi.hu\/wp-content\/uploads\/2019\/08\/Biologo-lev\u00e9l-1080x720.jpg 1080w, https:\/\/www.biofungi.hu\/wp-content\/uploads\/2019\/08\/Biologo-lev\u00e9l-1320x880.jpg 1320w\" sizes=\"(max-width: 75px) 100vw, 75px\" \/>Bio-Fungi doo je prva kompanija koja je po\u010dela da proizvodi <a href=\"https:\/\/www.biofungi.hu\/sr\/proizvodi\/organskog-bio-kompost\/\"><strong>organski kompost za pe\u010durke<\/strong><\/a>. Tokom proizvodnje ispunjavamo te stroge uslove koji se ti\u010du organskog porekla sirovina, procesa prerade i proizvodnje, pakovanja, skladi\u0161tenja i transporta. Kupujemo sirovine od proizvo\u0111a\u010da biroa i pored bio sertifikata, na\u0161 kompost gljiva se mo\u017ee uzeti u obzir i bez GMO proizvoda.<\/p>\n<p style=\"text-align: center;\">Za vi\u0161e informacija kontaktirajte <strong><a href=\"https:\/\/www.biofungi.hu\/sr\/o-nasoj-firmi\/konsultantske\/\">na\u0161e savetnike<\/a>!<\/strong><\/p>\n<p>&nbsp;<\/p>\n","protected":false},"excerpt":{"rendered":"<p>Bio-Fungi d o o proizvodi \u2013 u sve ve\u0107em obimu \u2013 kompost od 2000 god. Uzgajiva\u010dima je dobro poznat problem neujedna\u010denog komposta, a sa nekvalitetnog komposta prakti\u010dki je nemogu\u0107e postizanje visokih prinosa. Upu\u0107enima pak u proizvodnje komposta vrlo dobro je poznato, koliki zadatak predstavlja dostizanje vrhunske kvalitete komposta, obzirom na razne, ekstremne klimatske uslove, te [&hellip;]<\/p>\n","protected":false},"author":1,"featured_media":0,"parent":220,"menu_order":0,"comment_status":"closed","ping_status":"closed","template":"","meta":{"_et_pb_use_builder":"","_et_pb_old_content":"","_et_gb_content_width":"","footnotes":""},"class_list":["post-320","page","type-page","status-publish","hentry"],"aioseo_notices":[],"_links":{"self":[{"href":"https:\/\/www.biofungi.hu\/sr\/wp-json\/wp\/v2\/pages\/320","targetHints":{"allow":["GET"]}}],"collection":[{"href":"https:\/\/www.biofungi.hu\/sr\/wp-json\/wp\/v2\/pages"}],"about":[{"href":"https:\/\/www.biofungi.hu\/sr\/wp-json\/wp\/v2\/types\/page"}],"author":[{"embeddable":true,"href":"https:\/\/www.biofungi.hu\/sr\/wp-json\/wp\/v2\/users\/1"}],"replies":[{"embeddable":true,"href":"https:\/\/www.biofungi.hu\/sr\/wp-json\/wp\/v2\/comments?post=320"}],"version-history":[{"count":0,"href":"https:\/\/www.biofungi.hu\/sr\/wp-json\/wp\/v2\/pages\/320\/revisions"}],"up":[{"embeddable":true,"href":"https:\/\/www.biofungi.hu\/sr\/wp-json\/wp\/v2\/pages\/220"}],"wp:attachment":[{"href":"https:\/\/www.biofungi.hu\/sr\/wp-json\/wp\/v2\/media?parent=320"}],"curies":[{"name":"wp","href":"https:\/\/api.w.org\/{rel}","templated":true}]}}