{"id":357,"date":"2017-07-28T07:15:56","date_gmt":"2017-07-28T07:15:56","guid":{"rendered":"http:\/\/www.biofungi.hu\/sr\/?page_id=357"},"modified":"2021-06-01T13:59:25","modified_gmt":"2021-06-01T12:59:25","slug":"konsultantske","status":"publish","type":"page","link":"https:\/\/www.biofungi.hu\/sr\/o-nasoj-firmi\/konsultantske\/","title":{"rendered":"Konsultantske"},"content":{"rendered":"<p><img decoding=\"async\" class=\"aligncenter size-full wp-image-4981\" src=\"https:\/\/www.biofungi.hu\/wp-content\/uploads\/2021\/02\/BF-honlap-komposzt-csiperke-bio.jpg\" alt=\"BF honlap komposzt csiperke bio\" width=\"2560\" height=\"407\" \/><\/p>\n<p>Na\u0161a firma je pokrenula konsultantske usluge 2010 godine sa ciljem, da na\u0161im partnerima pru\u017eimo pomo\u0107 u gajenju pe\u010durke na maksimalnom nivou.<\/p>\n<p>Konsultanti su stru\u010dno obu\u010deni, svoje znanje redovno pro\u0161iruju na doma\u0107im i me\u0111unarodnim seminarima, ve\u017ebama. Sa postignutim znanjem poma\u017eu na\u0161e klijente o vezi komposta za \u0161ampinjone, komposta za bukova\u010du kao i o pitanjima o tehnologiji gajenja pe\u010durke.<\/p>\n<p>Ukoliko imate pitanje o vezi sa nabavkom komposta, tehnologijom proizvodnje, odr\u017eavanja, molimo vas kontaktirajte jednog od slede\u0107ih kolega!<\/p>\n<p><img decoding=\"async\" class=\"aligncenter size-full wp-image-4999\" src=\"https:\/\/www.biofungi.hu\/wp-content\/uploads\/2021\/02\/BF-honlap-komposzt-laska.jpg\" alt=\"BF honlap komposzt laska\" width=\"2560\" height=\"407\" \/><\/p>\n<p><strong>Na\u0161i konsultanti:<\/strong><\/p>\n<table style=\"height: 639px;\" width=\"448\">\n<tbody>\n<tr>\n<td width=\"212\">Rumunija<br \/>\nMoldavija<br \/>\nBugarska<br \/>\nGr\u010dka<\/td>\n<td width=\"236\">Mr Jeno SANTHA<br \/>\njeno.santha (@) biofungi.hu<br \/>\n+36 70 669 5444<\/td>\n<\/tr>\n<tr>\n<td width=\"212\">Hrvatska<br \/>\nSrbija<br \/>\nBosna i Hercegovina<br \/>\nMakedonija<br \/>\nSlovenija<br \/>\nCrna Gora<br \/>\nKosovo<br \/>\nAlbanija<br \/>\nFrancuska<\/td>\n<td width=\"236\">Mr Laszlo GYORI<br \/>\nlaszlo.gyori (@) biofungi.hu<br \/>\n+36 70 686 4260<\/td>\n<\/tr>\n<tr>\n<td width=\"212\">Austrija<br \/>\n\u010ce\u0161ka<br \/>\nSlova\u010dka<br \/>\nItalija<br \/>\nPoljska<br \/>\nRusija<\/td>\n<td width=\"236\">Mr Balazs TOKES<br \/>\nbalazs.tokes (@) biofungi.hu<br \/>\n+36 70 337 9736<\/td>\n<\/tr>\n<tr>\n<td width=\"212\">Ma\u0111arska<\/td>\n<td width=\"236\">Mr Zoltan PINTER<br \/>\nzoltan.pinter (@) biofungi.hu<br \/>\n+36 30 438 9435<\/td>\n<\/tr>\n<\/tbody>\n<\/table>\n","protected":false},"excerpt":{"rendered":"<p>Na\u0161a firma je pokrenula konsultantske usluge 2010 godine sa ciljem, da na\u0161im partnerima pru\u017eimo pomo\u0107 u gajenju pe\u010durke na maksimalnom nivou. Konsultanti su stru\u010dno obu\u010deni, svoje znanje redovno pro\u0161iruju na doma\u0107im i me\u0111unarodnim seminarima, ve\u017ebama. Sa postignutim znanjem poma\u017eu na\u0161e klijente o vezi komposta za \u0161ampinjone, komposta za bukova\u010du kao i o pitanjima o tehnologiji [&hellip;]<\/p>\n","protected":false},"author":1,"featured_media":0,"parent":220,"menu_order":0,"comment_status":"closed","ping_status":"closed","template":"","meta":{"_et_pb_use_builder":"","_et_pb_old_content":"","_et_gb_content_width":"","footnotes":""},"class_list":["post-357","page","type-page","status-publish","hentry"],"aioseo_notices":[],"_links":{"self":[{"href":"https:\/\/www.biofungi.hu\/sr\/wp-json\/wp\/v2\/pages\/357","targetHints":{"allow":["GET"]}}],"collection":[{"href":"https:\/\/www.biofungi.hu\/sr\/wp-json\/wp\/v2\/pages"}],"about":[{"href":"https:\/\/www.biofungi.hu\/sr\/wp-json\/wp\/v2\/types\/page"}],"author":[{"embeddable":true,"href":"https:\/\/www.biofungi.hu\/sr\/wp-json\/wp\/v2\/users\/1"}],"replies":[{"embeddable":true,"href":"https:\/\/www.biofungi.hu\/sr\/wp-json\/wp\/v2\/comments?post=357"}],"version-history":[{"count":0,"href":"https:\/\/www.biofungi.hu\/sr\/wp-json\/wp\/v2\/pages\/357\/revisions"}],"up":[{"embeddable":true,"href":"https:\/\/www.biofungi.hu\/sr\/wp-json\/wp\/v2\/pages\/220"}],"wp:attachment":[{"href":"https:\/\/www.biofungi.hu\/sr\/wp-json\/wp\/v2\/media?parent=357"}],"curies":[{"name":"wp","href":"https:\/\/api.w.org\/{rel}","templated":true}]}}