{"id":385,"date":"2017-07-28T07:45:22","date_gmt":"2017-07-28T07:45:22","guid":{"rendered":"http:\/\/www.biofungi.hu\/sr\/?page_id=385"},"modified":"2022-07-18T14:06:32","modified_gmt":"2022-07-18T13:06:32","slug":"odrzivo-poslovanje-i-rast-odrzive-zajednice","status":"publish","type":"page","link":"https:\/\/www.biofungi.hu\/sr\/o-nasoj-firmi\/odrzivo-poslovanje-i-rast-odrzive-zajednice\/","title":{"rendered":"Odr\u017eivo poslovanje i rast odr\u017eive zajednice"},"content":{"rendered":"<p>U takvom promenljivom svetu kao \u0161to je na\u0161a za uspe\u0161nost poslovanja moramo uzeti u obzir i potrebe zajednice kao i potrebe cele planete. Iz tog razloga, Bio-Fungi ima ozbijan pristup pitanju dru\u0161tvene odgovornosti, koji je izgra\u0111en oko pet stuba.<\/p>\n<p><strong>1. GoPink<\/strong><\/p>\n<p><a href=\"www.gopink.hu\" target=\"_blank\" rel=\"noopener\"><img decoding=\"async\" class=\"aligncenter wp-image-4868\" src=\"https:\/\/www.biofungi.hu\/wp-content\/uploads\/2021\/02\/TV-szpot-alap-slider.jpg\" alt=\"\" width=\"437\" height=\"146\" \/><\/a><\/p>\n<p>Zdravstvena svest i promocija zdravog \u017eivota bliski su na\u0161im srcima u kompaniji Bio-Fungi Ltd., pa stoga smatramo izuzetno va\u017enim sponzorisanje kampanja usmerenih na spre\u010davanje bolesti poput raka dojke.<\/p>\n<p>Pokrenut 2012. godine, na\u0161 GoPink! kampanja nagla\u0161ava va\u017enost skrininga i podr\u0161ke aktivnostima protiv raka. U kombinaciji sa zdravom ishranom i anaktivnim na\u010dinom \u017eivota, pe\u010durke mogu pomoc\u0301i u smanjenju visokog nivoa estrogena, faktora rizika koji doprinosi nastanku bolesti. To je jedini razlog za\u0161to se na\u0161a kompanija osec\u0301a ume\u0161ano u borbu. Svakog oktobra, u okviru kampanje, isporu\u010dujemo svoje proizvode od gljiva u roze tacne na\u0161im partnerima iz supermarketa, jer je to zvani\u010dna boja u borbi protiv raka dojke. Borbu protiv bolesti podr\u017eavamo odre\u0111enim prihodom od prodaje ovih proizvoda posebno pakovanja.<\/p>\n<p><strong>2. Projekat \u0161kolskih gljiva<\/strong><\/p>\n<p><a href=\"www.iskolagomba.hu\" target=\"_blank\" rel=\"noopener\"><img decoding=\"async\" class=\"aligncenter size-full wp-image-4877\" src=\"https:\/\/www.biofungi.hu\/wp-content\/uploads\/2021\/02\/iskolagomba-csik-2-scaled.jpg\" alt=\"iskolagomba\" width=\"2560\" height=\"437\" srcset=\"https:\/\/www.biofungi.hu\/wp-content\/uploads\/2021\/02\/iskolagomba-csik-2-scaled.jpg 2560w, https:\/\/www.biofungi.hu\/wp-content\/uploads\/2021\/02\/iskolagomba-csik-2-1280x219.jpg 1280w, https:\/\/www.biofungi.hu\/wp-content\/uploads\/2021\/02\/iskolagomba-csik-2-980x167.jpg 980w, https:\/\/www.biofungi.hu\/wp-content\/uploads\/2021\/02\/iskolagomba-csik-2-480x82.jpg 480w\" sizes=\"(min-width: 0px) and (max-width: 480px) 480px, (min-width: 481px) and (max-width: 980px) 980px, (min-width: 981px) and (max-width: 1280px) 1280px, (min-width: 1281px) 2560px, 100vw\" \/><\/a><\/p>\n<p>Jedinstveno, prvi smo u zemlji pokrenuli na\u0161 program pod nazivom \u0160kolska pe\u010durka u prolec\u0301e 2016. godine, \u010diji je cilj da u\u010denici upoznaju svet gljiva u teoriji i praksi i da shvate koliko su pe\u010durke posebne i vrlo ukusna hrana.<\/p>\n<p><strong>3. Zdrava ishrana<\/strong><\/p>\n<p><img decoding=\"async\" class=\"aligncenter size-full wp-image-4886\" src=\"https:\/\/www.biofungi.hu\/wp-content\/uploads\/2021\/02\/BF-honlap-rendezvenyek-scaled.jpg\" alt=\"BF honlap rendezvenyek\" width=\"2560\" height=\"407\" srcset=\"https:\/\/www.biofungi.hu\/wp-content\/uploads\/2021\/02\/BF-honlap-rendezvenyek-scaled.jpg 2560w, https:\/\/www.biofungi.hu\/wp-content\/uploads\/2021\/02\/BF-honlap-rendezvenyek-1280x204.jpg 1280w, https:\/\/www.biofungi.hu\/wp-content\/uploads\/2021\/02\/BF-honlap-rendezvenyek-980x156.jpg 980w, https:\/\/www.biofungi.hu\/wp-content\/uploads\/2021\/02\/BF-honlap-rendezvenyek-480x76.jpg 480w\" sizes=\"(min-width: 0px) and (max-width: 480px) 480px, (min-width: 481px) and (max-width: 980px) 980px, (min-width: 981px) and (max-width: 1280px) 1280px, (min-width: 1281px) 2560px, 100vw\" \/><\/p>\n<p>U regionu u kome se nalazimo (Aporka, Ocsa) doprinosimo zdravlju lokalnih zajednica nudec\u0301i sve\u017ee pe\u010durke javnim institucijama, priredbama, \u0161kolama, vrtic\u0301ima, takmi\u010denjima i drugim sportskim doga\u0111ajima.<\/p>\n<p><strong>4. Humanitarizam<\/strong><\/p>\n<p><img decoding=\"async\" class=\"aligncenter size-full wp-image-4895\" src=\"https:\/\/www.biofungi.hu\/wp-content\/uploads\/2021\/02\/BF-honlap-CSR-scaled.jpg\" alt=\"BF honlap CSR\" width=\"2560\" height=\"407\" srcset=\"https:\/\/www.biofungi.hu\/wp-content\/uploads\/2021\/02\/BF-honlap-CSR-scaled.jpg 2560w, https:\/\/www.biofungi.hu\/wp-content\/uploads\/2021\/02\/BF-honlap-CSR-1280x204.jpg 1280w, https:\/\/www.biofungi.hu\/wp-content\/uploads\/2021\/02\/BF-honlap-CSR-980x156.jpg 980w, https:\/\/www.biofungi.hu\/wp-content\/uploads\/2021\/02\/BF-honlap-CSR-480x76.jpg 480w\" sizes=\"(min-width: 0px) and (max-width: 480px) 480px, (min-width: 481px) and (max-width: 980px) 980px, (min-width: 981px) and (max-width: 1280px) 1280px, (min-width: 1281px) 2560px, 100vw\" \/><\/p>\n<p>Na\u0161a kompanija podr\u017eava rad ma\u0111arskih dobrotvornih organizacija, Udru\u017eenja ma\u0111arskih banaka za hranu i drugih dru\u0161tveno korisnih inicijativa.<\/p>\n<p><strong>5. Odr\u017eivost<\/strong><\/p>\n<p><img decoding=\"async\" class=\"aligncenter size-full wp-image-6663\" src=\"https:\/\/www.biofungi.hu\/wp-content\/uploads\/2022\/07\/fenntarthatosag.jpg\" alt=\"fenntarthatosag\" width=\"2480\" height=\"351\" srcset=\"https:\/\/www.biofungi.hu\/wp-content\/uploads\/2022\/07\/fenntarthatosag.jpg 2480w, https:\/\/www.biofungi.hu\/wp-content\/uploads\/2022\/07\/fenntarthatosag-1280x181.jpg 1280w, https:\/\/www.biofungi.hu\/wp-content\/uploads\/2022\/07\/fenntarthatosag-980x139.jpg 980w, https:\/\/www.biofungi.hu\/wp-content\/uploads\/2022\/07\/fenntarthatosag-480x68.jpg 480w\" sizes=\"(min-width: 0px) and (max-width: 480px) 480px, (min-width: 481px) and (max-width: 980px) 980px, (min-width: 981px) and (max-width: 1280px) 1280px, (min-width: 1281px) 2480px, 100vw\" \/><\/p>\n<p>Uzgoj gljiva je veoma koristan u smislu odr\u017eivosti, zapravo se mo\u017ee smatrati i modernom recikla\u017eom, jer koristi nusproizvode poljoprivrede iz drugih sektora poljoprivrede (slama, pilec\u0301e i konjsko \u0111ubrivo) za proizvodnju komposta od pe\u010duraka. Ovo \u010dini uzgoj gljiva odr\u017eivim, a industriju pe\u010duraka savr\u0161enim partnerom za druge poljoprivredne sektore.<\/p>\n<p>Uzgajane pe\u010durke imaju veoma nizak ekolo\u0161ki otisak. Za proizvodnju jednog kilograma pe\u010duraka potrebno je samo 7 litara vode i 1 kV energije, \u0161to odgovara 0,3 kg emisije ugljen-dioksida. U savremenim, kompjuterski kontrolisanim pe\u010durkama, primenjuje se navodnjavanje kap po kap, odnosno u potpunosti se koristi voda potrebna za rast pe\u010duraka. U uzgoju pe\u010duraka ne koristimo pesticide, a uzgojne kuc\u0301e dezinfikujemo parom, pa je uticaj na \u017eivotnu sredinu jo\u0161 manji. Pored toga, solarni sistem podr\u017eava na\u0161e snabdevanje energijom na obe na\u0161e lokacije. Jo\u0161 jedna prednost uzgoja pe\u010duraka je to \u0161to se ubrani kompost mo\u017ee koristiti za pobolj\u0161anje zemlji\u0161ta (npr. za proizvodnju zemlje za saksije), \u010dime se proizvodi jo\u0161 manje otpada.<\/p>\n","protected":false},"excerpt":{"rendered":"<p>U takvom promenljivom svetu kao \u0161to je na\u0161a za uspe\u0161nost poslovanja moramo uzeti u obzir i potrebe zajednice kao i potrebe cele planete. Iz tog razloga, Bio-Fungi ima ozbijan pristup pitanju dru\u0161tvene odgovornosti, koji je izgra\u0111en oko pet stuba. 1. GoPink Zdravstvena svest i promocija zdravog \u017eivota bliski su na\u0161im srcima u kompaniji Bio-Fungi Ltd., [&hellip;]<\/p>\n","protected":false},"author":1,"featured_media":0,"parent":220,"menu_order":0,"comment_status":"closed","ping_status":"closed","template":"","meta":{"_et_pb_use_builder":"","_et_pb_old_content":"","_et_gb_content_width":"","footnotes":""},"class_list":["post-385","page","type-page","status-publish","hentry"],"aioseo_notices":[],"_links":{"self":[{"href":"https:\/\/www.biofungi.hu\/sr\/wp-json\/wp\/v2\/pages\/385","targetHints":{"allow":["GET"]}}],"collection":[{"href":"https:\/\/www.biofungi.hu\/sr\/wp-json\/wp\/v2\/pages"}],"about":[{"href":"https:\/\/www.biofungi.hu\/sr\/wp-json\/wp\/v2\/types\/page"}],"author":[{"embeddable":true,"href":"https:\/\/www.biofungi.hu\/sr\/wp-json\/wp\/v2\/users\/1"}],"replies":[{"embeddable":true,"href":"https:\/\/www.biofungi.hu\/sr\/wp-json\/wp\/v2\/comments?post=385"}],"version-history":[{"count":0,"href":"https:\/\/www.biofungi.hu\/sr\/wp-json\/wp\/v2\/pages\/385\/revisions"}],"up":[{"embeddable":true,"href":"https:\/\/www.biofungi.hu\/sr\/wp-json\/wp\/v2\/pages\/220"}],"wp:attachment":[{"href":"https:\/\/www.biofungi.hu\/sr\/wp-json\/wp\/v2\/media?parent=385"}],"curies":[{"name":"wp","href":"https:\/\/api.w.org\/{rel}","templated":true}]}}