{"id":404,"date":"2017-07-28T08:07:56","date_gmt":"2017-07-28T08:07:56","guid":{"rendered":"http:\/\/www.biofungi.hu\/sr\/?page_id=404"},"modified":"2021-02-01T13:28:34","modified_gmt":"2021-02-01T12:28:34","slug":"kvaliteta","status":"publish","type":"page","link":"https:\/\/www.biofungi.hu\/sr\/o-nasoj-firmi\/kvaliteta\/","title":{"rendered":"Kvaliteta"},"content":{"rendered":"<div class=\"post-content\">\n<p>U <strong>politici kvalitete<\/strong> Bio-Fungi Kft primarni aspekt je bezbednost hrane. U postizanju ovog cilja na\u0161a firma u uzgoju i distribucije pe\u010durke (hla\u0111enje, pakovanje, transport) radi po dva\u00a0 najzna\u010dajnija me\u0111unarodna standarda, koji sadr\u017ee razra\u0111ene zahteve vezani za bezbednost hrane.<\/p>\n<p>Kod uzgoja pe\u010duraka radimo po standardu <a href=\"https:\/\/www.biofungi.hu\/wp-content\/uploads\/2019\/10\/GlobalGap-certificate-BioFungi.jpg\"><strong>GLOBALGAP<\/strong><\/a>, dok kod distribucije radimo po <a href=\"https:\/\/www.biofungi.hu\/wp-content\/uploads\/2019\/10\/IFS-certificate-ENG-BioFungi.jpg\"><strong>IFS<\/strong><\/a> (Internetional Featured Standards) standardu.<\/p>\n<p>Uzgoj pe\u010durke vr\u0161imo po po najnovijoj svetskoj tehnologiji, tokom uzgoja ne koristimo pesticde , tako na\u0161e pe\u010durke ne sadr\u017ee ostatke pesticida. <strong>Na tr\u017ei\u0161te plasiramo savr\u0161eno zdravu hranu, visoke kvalitete<\/strong>.<\/p>\n<p><img decoding=\"async\" class=\"aligncenter wp-image-4936 size-full\" src=\"https:\/\/www.biofungi.hu\/wp-content\/uploads\/2021\/02\/BF-certifikat-scaled.jpg\" alt=\"\" width=\"2560\" height=\"407\" srcset=\"https:\/\/www.biofungi.hu\/wp-content\/uploads\/2021\/02\/BF-certifikat-scaled.jpg 2560w, https:\/\/www.biofungi.hu\/wp-content\/uploads\/2021\/02\/BF-certifikat-1280x204.jpg 1280w, https:\/\/www.biofungi.hu\/wp-content\/uploads\/2021\/02\/BF-certifikat-980x156.jpg 980w, https:\/\/www.biofungi.hu\/wp-content\/uploads\/2021\/02\/BF-certifikat-480x76.jpg 480w\" sizes=\"(min-width: 0px) and (max-width: 480px) 480px, (min-width: 481px) and (max-width: 980px) 980px, (min-width: 981px) and (max-width: 1280px) 1280px, (min-width: 1281px) 2560px, 100vw\" \/><\/p>\n<\/div>\n","protected":false},"excerpt":{"rendered":"<p>U politici kvalitete Bio-Fungi Kft primarni aspekt je bezbednost hrane. U postizanju ovog cilja na\u0161a firma u uzgoju i distribucije pe\u010durke (hla\u0111enje, pakovanje, transport) radi po dva\u00a0 najzna\u010dajnija me\u0111unarodna standarda, koji sadr\u017ee razra\u0111ene zahteve vezani za bezbednost hrane. Kod uzgoja pe\u010duraka radimo po standardu GLOBALGAP, dok kod distribucije radimo po IFS (Internetional Featured Standards) standardu. [&hellip;]<\/p>\n","protected":false},"author":1,"featured_media":0,"parent":220,"menu_order":0,"comment_status":"closed","ping_status":"closed","template":"","meta":{"_et_pb_use_builder":"","_et_pb_old_content":"","_et_gb_content_width":"","footnotes":""},"class_list":["post-404","page","type-page","status-publish","hentry"],"aioseo_notices":[],"_links":{"self":[{"href":"https:\/\/www.biofungi.hu\/sr\/wp-json\/wp\/v2\/pages\/404","targetHints":{"allow":["GET"]}}],"collection":[{"href":"https:\/\/www.biofungi.hu\/sr\/wp-json\/wp\/v2\/pages"}],"about":[{"href":"https:\/\/www.biofungi.hu\/sr\/wp-json\/wp\/v2\/types\/page"}],"author":[{"embeddable":true,"href":"https:\/\/www.biofungi.hu\/sr\/wp-json\/wp\/v2\/users\/1"}],"replies":[{"embeddable":true,"href":"https:\/\/www.biofungi.hu\/sr\/wp-json\/wp\/v2\/comments?post=404"}],"version-history":[{"count":0,"href":"https:\/\/www.biofungi.hu\/sr\/wp-json\/wp\/v2\/pages\/404\/revisions"}],"up":[{"embeddable":true,"href":"https:\/\/www.biofungi.hu\/sr\/wp-json\/wp\/v2\/pages\/220"}],"wp:attachment":[{"href":"https:\/\/www.biofungi.hu\/sr\/wp-json\/wp\/v2\/media?parent=404"}],"curies":[{"name":"wp","href":"https:\/\/api.w.org\/{rel}","templated":true}]}}