{"id":688,"date":"2017-12-11T12:31:10","date_gmt":"2017-12-11T12:31:10","guid":{"rendered":"http:\/\/www.biofungi.hu\/sr\/?page_id=688"},"modified":"2021-02-01T14:26:18","modified_gmt":"2021-02-01T13:26:18","slug":"supstrat-za-bukovacu","status":"publish","type":"page","link":"https:\/\/www.biofungi.hu\/sr\/proizvodi\/supstrat-za-bukovacu\/","title":{"rendered":"Supstrat za bukova\u010du"},"content":{"rendered":"<p><img decoding=\"async\" class=\"aligncenter size-full wp-image-4991\" src=\"https:\/\/www.biofungi.hu\/wp-content\/uploads\/2021\/02\/BF-honlap-komposzt-laska-scaled.jpg\" alt=\"BF honlap komposzt laska\" width=\"2560\" height=\"407\" srcset=\"https:\/\/www.biofungi.hu\/wp-content\/uploads\/2021\/02\/BF-honlap-komposzt-laska-scaled.jpg 2560w, https:\/\/www.biofungi.hu\/wp-content\/uploads\/2021\/02\/BF-honlap-komposzt-laska-1280x204.jpg 1280w, https:\/\/www.biofungi.hu\/wp-content\/uploads\/2021\/02\/BF-honlap-komposzt-laska-980x156.jpg 980w, https:\/\/www.biofungi.hu\/wp-content\/uploads\/2021\/02\/BF-honlap-komposzt-laska-480x76.jpg 480w\" sizes=\"(min-width: 0px) and (max-width: 480px) 480px, (min-width: 481px) and (max-width: 980px) 980px, (min-width: 981px) and (max-width: 1280px) 1280px, (min-width: 1281px) 2560px, 100vw\" \/><\/p>\n<p>U poslednjih nekoliko godina porasla je potra\u017enja za bukova\u010dom u majoprodaji. Na\u0161a firma je dobijala sve vi\u0161e zahteva od iskusnih uzgajiva\u010da, kao i od po\u010detnika da bi \u017eeleli pro\u0161iriti svoju proizvodnju i na sve\u017eu bukova\u010du.<\/p>\n<p>Kao odgovor na pove\u0107anju potra\u017enju, na\u0161a firma je zapo\u010dela proizvodnju supstrata za bukova\u010du u septembru 2014 godine. Za prozvodnju briketa bukova\u010de koristimo doma\u0107e sirovine visoke kvalitete i najpouzdanije sorte, kako bi osigurali uspe\u0161an uzgoj na\u0161im potencialnim kupcima. Na\u0161a firma, korise\u0107i svoje vi\u0161edecenijsko iskustvo u prizvodnji komposta, plasira na tr\u017ei\u0161te konkurentan i pouzdan supstrat za bukova\u010du.<\/p>\n<p style=\"text-align: center;\"><em><a href=\"https:\/\/www.biofungi.hu\/sr\/o-nasoj-firmi\/konsultantske\/\"><strong>Za vi\u0161e informacija kontaktirajte na\u0161e savetnike!<\/strong><\/a><\/em><\/p>\n","protected":false},"excerpt":{"rendered":"<p>U poslednjih nekoliko godina porasla je potra\u017enja za bukova\u010dom u majoprodaji. Na\u0161a firma je dobijala sve vi\u0161e zahteva od iskusnih uzgajiva\u010da, kao i od po\u010detnika da bi \u017eeleli pro\u0161iriti svoju proizvodnju i na sve\u017eu bukova\u010du. Kao odgovor na pove\u0107anju potra\u017enju, na\u0161a firma je zapo\u010dela proizvodnju supstrata za bukova\u010du u septembru 2014 godine. Za prozvodnju briketa [&hellip;]<\/p>\n","protected":false},"author":1,"featured_media":0,"parent":241,"menu_order":0,"comment_status":"closed","ping_status":"closed","template":"","meta":{"_et_pb_use_builder":"","_et_pb_old_content":"","_et_gb_content_width":"","footnotes":""},"class_list":["post-688","page","type-page","status-publish","hentry"],"aioseo_notices":[],"_links":{"self":[{"href":"https:\/\/www.biofungi.hu\/sr\/wp-json\/wp\/v2\/pages\/688","targetHints":{"allow":["GET"]}}],"collection":[{"href":"https:\/\/www.biofungi.hu\/sr\/wp-json\/wp\/v2\/pages"}],"about":[{"href":"https:\/\/www.biofungi.hu\/sr\/wp-json\/wp\/v2\/types\/page"}],"author":[{"embeddable":true,"href":"https:\/\/www.biofungi.hu\/sr\/wp-json\/wp\/v2\/users\/1"}],"replies":[{"embeddable":true,"href":"https:\/\/www.biofungi.hu\/sr\/wp-json\/wp\/v2\/comments?post=688"}],"version-history":[{"count":0,"href":"https:\/\/www.biofungi.hu\/sr\/wp-json\/wp\/v2\/pages\/688\/revisions"}],"up":[{"embeddable":true,"href":"https:\/\/www.biofungi.hu\/sr\/wp-json\/wp\/v2\/pages\/241"}],"wp:attachment":[{"href":"https:\/\/www.biofungi.hu\/sr\/wp-json\/wp\/v2\/media?parent=688"}],"curies":[{"name":"wp","href":"https:\/\/api.w.org\/{rel}","templated":true}]}}